{"id":20770,"date":"2026-03-12T22:27:41","date_gmt":"2026-03-12T22:27:41","guid":{"rendered":"https:\/\/trade.colart.com\/fr\/product\/winsor-newton-papier-palettes-pelables-bloc-229x305cm-50-feuilles\/"},"modified":"2026-04-17T09:26:16","modified_gmt":"2026-04-17T09:26:16","slug":"winsor-newton-papier-palettes-pelables-bloc-229x305cm-50-feuilles","status":"publish","type":"product","link":"https:\/\/trade.colart.com\/fr\/product\/winsor-newton-papier-palettes-pelables-bloc-229x305cm-50-feuilles\/","title":{"rendered":"Winsor &amp; Newton Papier Palettes Pelables Bloc 22,9&#215;30,5cm 50 Feuilles"},"content":{"rendered":"<p>Pratiques et lisses, bloc de feuilles de palette pelables. Id\u00e9ales pour r\u00e9aliser les m\u00e9langes des couleurs \u00e0 l&#8217;huile et acryliques. Chaque bloc se compose de 50 feuilles de papier parchemin jetables, pouvant \u00eatre jet\u00e9es apr\u00e8s usage. Parfaites pour les artistes souhaitant un nettoyage rapide et facile.<\/p>\n","protected":false},"excerpt":{"rendered":"<p>Pratiques et lisses, bloc de feuilles de palette pelables. Id\u00e9ales pour r\u00e9aliser les m\u00e9langes des couleurs \u00e0 l&#8217;huile et acryliques. Chaque bloc se compose de 50 feuilles de papier parchemin jetables, pouvant \u00eatre jet\u00e9es apr\u00e8s usage. Parfaites pour les artistes souhaitant un nettoyage rapide et facile. <span class=\"more_dots\">&#8230;<\/span><\/p>\n<p><a class=\"btn btn-secondary understrap-read-more-link\" href=\"https:\/\/trade.colart.com\/fr\/product\/winsor-newton-papier-palettes-pelables-bloc-229x305cm-50-feuilles\/\">Read More&#8230;<span class=\"screen-reader-text\"> from Winsor &amp; Newton Papier Palettes Pelables Bloc 22,9&#215;30,5cm 50 Feuilles<\/span><\/a><\/p>\n","protected":false},"featured_media":20771,"comment_status":"closed","ping_status":"closed","template":"","meta":{"_acf_changed":false},"product_brand":[],"product_cat":[279],"product_tag":[],"class_list":{"0":"post-20770","1":"product","2":"type-product","3":"status-publish","4":"has-post-thumbnail","6":"product_cat-winsor-newton-outils","8":"first","9":"instock","10":"shipping-taxable","11":"purchasable","12":"product-type-simple"},"acf":[],"_links":{"self":[{"href":"https:\/\/trade.colart.com\/fr\/wp-json\/wp\/v2\/product\/20770","targetHints":{"allow":["GET"]}}],"collection":[{"href":"https:\/\/trade.colart.com\/fr\/wp-json\/wp\/v2\/product"}],"about":[{"href":"https:\/\/trade.colart.com\/fr\/wp-json\/wp\/v2\/types\/product"}],"replies":[{"embeddable":true,"href":"https:\/\/trade.colart.com\/fr\/wp-json\/wp\/v2\/comments?post=20770"}],"wp:featuredmedia":[{"embeddable":true,"href":"https:\/\/trade.colart.com\/fr\/wp-json\/wp\/v2\/media\/20771"}],"wp:attachment":[{"href":"https:\/\/trade.colart.com\/fr\/wp-json\/wp\/v2\/media?parent=20770"}],"wp:term":[{"taxonomy":"product_brand","embeddable":true,"href":"https:\/\/trade.colart.com\/fr\/wp-json\/wp\/v2\/product_brand?post=20770"},{"taxonomy":"product_cat","embeddable":true,"href":"https:\/\/trade.colart.com\/fr\/wp-json\/wp\/v2\/product_cat?post=20770"},{"taxonomy":"product_tag","embeddable":true,"href":"https:\/\/trade.colart.com\/fr\/wp-json\/wp\/v2\/product_tag?post=20770"}],"curies":[{"name":"wp","href":"https:\/\/api.w.org\/{rel}","templated":true}]}}