{"id":20774,"date":"2026-03-12T21:42:40","date_gmt":"2026-03-12T21:42:40","guid":{"rendered":"https:\/\/trade.colart.com\/fr\/product\/winsor-newton-set-de-12-crayons-graphite\/"},"modified":"2026-04-16T12:30:44","modified_gmt":"2026-04-16T12:30:44","slug":"winsor-newton-set-de-12-crayons-graphite","status":"publish","type":"product","link":"https:\/\/trade.colart.com\/fr\/product\/winsor-newton-set-de-12-crayons-graphite\/","title":{"rendered":"Winsor &amp; Newton Set de 12 crayons Graphite"},"content":{"rendered":"<p>Cr\u00e9ez des dessins finement d\u00e9taill\u00e9s aux croquis spontan\u00e9s et expressifs, avec ces crayons \u00e0 graphite doux, polyvalents et de haute qualit\u00e9. Id\u00e9aux pour capturer le mouvement ou l&#8217;inspiration lors de vos d\u00e9placements, les crayons sont disponibles dans une gamme de duret\u00e9s adapt\u00e9es \u00e0 diverses t\u00e2ches et nuances. Les grades H, \u00e9tant les plus durs, sont parfaits pour les dessins d\u00e9licats et complexes. Les grades B plus doux et plus sombres sont id\u00e9aux pour l&#8217;ombrage et une couverture uniforme de grandes surfaces. Pr\u00e9sent\u00e9s dans une \u00e9l\u00e9gante bo\u00eete en m\u00e9tal de voyage emboss\u00e9e du logo embl\u00e9matique de Winsor &amp; Newton.<\/p>\n","protected":false},"excerpt":{"rendered":"<p>Cr\u00e9ez des dessins finement d\u00e9taill\u00e9s aux croquis spontan\u00e9s et expressifs, avec ces crayons \u00e0 graphite doux, polyvalents et de haute qualit\u00e9. Id\u00e9aux pour capturer le mouvement ou l&#8217;inspiration lors de vos d\u00e9placements, les crayons sont disponibles dans une gamme de duret\u00e9s adapt\u00e9es \u00e0 diverses t\u00e2ches et nuances. Les grades H, \u00e9tant les plus durs, sont parfaits pour les dessins d\u00e9licats et complexes. Les grades B plus doux et plus sombres sont id\u00e9aux pour l&#8217;ombrage et une couverture uniforme de grandes surfaces. Pr\u00e9sent\u00e9s dans une \u00e9l\u00e9gante bo\u00eete en m\u00e9tal de voyage emboss\u00e9e du logo embl\u00e9matique de Winsor &amp; Newton. <span class=\"more_dots\">&#8230;<\/span><\/p>\n<p><a class=\"btn btn-secondary understrap-read-more-link\" href=\"https:\/\/trade.colart.com\/fr\/product\/winsor-newton-set-de-12-crayons-graphite\/\">Read More&#8230;<span class=\"screen-reader-text\"> from Winsor &amp; Newton Set de 12 crayons Graphite<\/span><\/a><\/p>\n","protected":false},"featured_media":54574,"comment_status":"closed","ping_status":"closed","template":"","meta":{"_acf_changed":false},"product_brand":[],"product_cat":[311,309],"product_tag":[],"class_list":{"0":"post-20774","1":"product","2":"type-product","3":"status-publish","4":"has-post-thumbnail","6":"product_cat-winsor-newton-arts-graphiques-crayons-studio-collection-crayons-graphite-studio-collection","7":"product_cat-winsor-newton-coffrets-sets-crayons-studio-collection","9":"first","10":"instock","11":"shipping-taxable","12":"purchasable","13":"product-type-simple"},"acf":[],"_links":{"self":[{"href":"https:\/\/trade.colart.com\/fr\/wp-json\/wp\/v2\/product\/20774","targetHints":{"allow":["GET"]}}],"collection":[{"href":"https:\/\/trade.colart.com\/fr\/wp-json\/wp\/v2\/product"}],"about":[{"href":"https:\/\/trade.colart.com\/fr\/wp-json\/wp\/v2\/types\/product"}],"replies":[{"embeddable":true,"href":"https:\/\/trade.colart.com\/fr\/wp-json\/wp\/v2\/comments?post=20774"}],"wp:featuredmedia":[{"embeddable":true,"href":"https:\/\/trade.colart.com\/fr\/wp-json\/wp\/v2\/media\/54574"}],"wp:attachment":[{"href":"https:\/\/trade.colart.com\/fr\/wp-json\/wp\/v2\/media?parent=20774"}],"wp:term":[{"taxonomy":"product_brand","embeddable":true,"href":"https:\/\/trade.colart.com\/fr\/wp-json\/wp\/v2\/product_brand?post=20774"},{"taxonomy":"product_cat","embeddable":true,"href":"https:\/\/trade.colart.com\/fr\/wp-json\/wp\/v2\/product_cat?post=20774"},{"taxonomy":"product_tag","embeddable":true,"href":"https:\/\/trade.colart.com\/fr\/wp-json\/wp\/v2\/product_tag?post=20774"}],"curies":[{"name":"wp","href":"https:\/\/api.w.org\/{rel}","templated":true}]}}