{"id":20781,"date":"2026-03-12T21:43:55","date_gmt":"2026-03-12T21:43:55","guid":{"rendered":"https:\/\/trade.colart.com\/fr\/product\/winsor-newton-encres-%c3%a0-dessiner-x4-tons-riches\/"},"modified":"2026-04-17T13:22:14","modified_gmt":"2026-04-17T13:22:14","slug":"winsor-newton-encres-%c3%a0-dessiner-x4-tons-riches","status":"publish","type":"product","link":"https:\/\/trade.colart.com\/fr\/product\/winsor-newton-encres-%c3%a0-dessiner-x4-tons-riches\/","title":{"rendered":"Winsor &amp; Newton Encres \u00e0 dessiner x4 Tons Riches"},"content":{"rendered":"<p>Set de 4 encres \u00e0 dessiner avec des tons profonds \u2013 Violet, Outremer, Jaune Soleil et Vert V\u00e9ron\u00e8se \u2013 que vous pouvez utiliser directement \u00e0 partir du flacon ou m\u00e9langer ensemble pour cr\u00e9er des variations subtiles ainsi que des tons de brun et d&#8217;orange.<\/p>\n","protected":false},"excerpt":{"rendered":"<p>Set de 4 encres \u00e0 dessiner avec des tons profonds \u2013 Violet, Outremer, Jaune Soleil et Vert V\u00e9ron\u00e8se \u2013 que vous pouvez utiliser directement \u00e0 partir du flacon ou m\u00e9langer ensemble pour cr\u00e9er des variations subtiles ainsi que des tons de brun et d&#8217;orange. <span class=\"more_dots\">&#8230;<\/span><\/p>\n<p><a class=\"btn btn-secondary understrap-read-more-link\" href=\"https:\/\/trade.colart.com\/fr\/product\/winsor-newton-encres-%c3%a0-dessiner-x4-tons-riches\/\">Read More&#8230;<span class=\"screen-reader-text\"> from Winsor &amp; Newton Encres \u00e0 dessiner x4 Tons Riches<\/span><\/a><\/p>\n","protected":false},"featured_media":20782,"comment_status":"closed","ping_status":"closed","template":"","meta":{"_acf_changed":false},"product_brand":[],"product_cat":[273,272],"product_tag":[],"class_list":{"0":"post-20781","1":"product","2":"type-product","3":"status-publish","4":"has-post-thumbnail","6":"product_cat-winsor-newton-arts-graphiques-encres-sets-dencres","7":"product_cat-winsor-newton-coffrets-sets-encres","9":"first","10":"instock","11":"shipping-taxable","12":"purchasable","13":"product-type-simple"},"acf":[],"_links":{"self":[{"href":"https:\/\/trade.colart.com\/fr\/wp-json\/wp\/v2\/product\/20781","targetHints":{"allow":["GET"]}}],"collection":[{"href":"https:\/\/trade.colart.com\/fr\/wp-json\/wp\/v2\/product"}],"about":[{"href":"https:\/\/trade.colart.com\/fr\/wp-json\/wp\/v2\/types\/product"}],"replies":[{"embeddable":true,"href":"https:\/\/trade.colart.com\/fr\/wp-json\/wp\/v2\/comments?post=20781"}],"wp:featuredmedia":[{"embeddable":true,"href":"https:\/\/trade.colart.com\/fr\/wp-json\/wp\/v2\/media\/20782"}],"wp:attachment":[{"href":"https:\/\/trade.colart.com\/fr\/wp-json\/wp\/v2\/media?parent=20781"}],"wp:term":[{"taxonomy":"product_brand","embeddable":true,"href":"https:\/\/trade.colart.com\/fr\/wp-json\/wp\/v2\/product_brand?post=20781"},{"taxonomy":"product_cat","embeddable":true,"href":"https:\/\/trade.colart.com\/fr\/wp-json\/wp\/v2\/product_cat?post=20781"},{"taxonomy":"product_tag","embeddable":true,"href":"https:\/\/trade.colart.com\/fr\/wp-json\/wp\/v2\/product_tag?post=20781"}],"curies":[{"name":"wp","href":"https:\/\/api.w.org\/{rel}","templated":true}]}}