{"id":20784,"date":"2026-03-12T21:44:02","date_gmt":"2026-03-12T21:44:02","guid":{"rendered":"https:\/\/trade.colart.com\/fr\/product\/winsor-newton-encres-%c3%a0-dessiner-x4-tons-vibrants\/"},"modified":"2026-04-14T11:23:32","modified_gmt":"2026-04-14T11:23:32","slug":"winsor-newton-encres-%c3%a0-dessiner-x4-tons-vibrants","status":"publish","type":"product","link":"https:\/\/trade.colart.com\/fr\/product\/winsor-newton-encres-%c3%a0-dessiner-x4-tons-vibrants\/","title":{"rendered":"Winsor &amp; Newton Encres \u00e0 dessiner x4 Tons Vibrants"},"content":{"rendered":"<p>Set de 4 encres \u00e0 dessiner de couleurs primaires &#8211; Cobalt, Vert Pomme, Jaune Canari et Cramoisi. Vous pouvez les utiliser directement \u00e0 partir du flacon ou les m\u00e9langer ensemble pour cr\u00e9er des couleurs secondaires telles que les tons violet, orange et vert.<\/p>\n","protected":false},"excerpt":{"rendered":"<p>Set de 4 encres \u00e0 dessiner de couleurs primaires &#8211; Cobalt, Vert Pomme, Jaune Canari et Cramoisi. Vous pouvez les utiliser directement \u00e0 partir du flacon ou les m\u00e9langer ensemble pour cr\u00e9er des couleurs secondaires telles que les tons violet, orange et vert. <span class=\"more_dots\">&#8230;<\/span><\/p>\n<p><a class=\"btn btn-secondary understrap-read-more-link\" href=\"https:\/\/trade.colart.com\/fr\/product\/winsor-newton-encres-%c3%a0-dessiner-x4-tons-vibrants\/\">Read More&#8230;<span class=\"screen-reader-text\"> from Winsor &amp; Newton Encres \u00e0 dessiner x4 Tons Vibrants<\/span><\/a><\/p>\n","protected":false},"featured_media":20786,"comment_status":"closed","ping_status":"closed","template":"","meta":{"_acf_changed":false},"product_brand":[],"product_cat":[273,272],"product_tag":[],"class_list":{"0":"post-20784","1":"product","2":"type-product","3":"status-publish","4":"has-post-thumbnail","6":"product_cat-winsor-newton-arts-graphiques-encres-sets-dencres","7":"product_cat-winsor-newton-coffrets-sets-encres","9":"first","10":"instock","11":"shipping-taxable","12":"purchasable","13":"product-type-simple"},"acf":[],"_links":{"self":[{"href":"https:\/\/trade.colart.com\/fr\/wp-json\/wp\/v2\/product\/20784","targetHints":{"allow":["GET"]}}],"collection":[{"href":"https:\/\/trade.colart.com\/fr\/wp-json\/wp\/v2\/product"}],"about":[{"href":"https:\/\/trade.colart.com\/fr\/wp-json\/wp\/v2\/types\/product"}],"replies":[{"embeddable":true,"href":"https:\/\/trade.colart.com\/fr\/wp-json\/wp\/v2\/comments?post=20784"}],"wp:featuredmedia":[{"embeddable":true,"href":"https:\/\/trade.colart.com\/fr\/wp-json\/wp\/v2\/media\/20786"}],"wp:attachment":[{"href":"https:\/\/trade.colart.com\/fr\/wp-json\/wp\/v2\/media?parent=20784"}],"wp:term":[{"taxonomy":"product_brand","embeddable":true,"href":"https:\/\/trade.colart.com\/fr\/wp-json\/wp\/v2\/product_brand?post=20784"},{"taxonomy":"product_cat","embeddable":true,"href":"https:\/\/trade.colart.com\/fr\/wp-json\/wp\/v2\/product_cat?post=20784"},{"taxonomy":"product_tag","embeddable":true,"href":"https:\/\/trade.colart.com\/fr\/wp-json\/wp\/v2\/product_tag?post=20784"}],"curies":[{"name":"wp","href":"https:\/\/api.w.org\/{rel}","templated":true}]}}