{"id":20859,"date":"2026-03-12T23:54:56","date_gmt":"2026-03-12T23:54:56","guid":{"rendered":"https:\/\/trade.colart.com\/fr\/product\/liquitex-encre-acrylique-ink-pack-3-couleurs-transparentes\/"},"modified":"2026-04-17T11:26:11","modified_gmt":"2026-04-17T11:26:11","slug":"liquitex-encre-acrylique-ink-pack-3-couleurs-transparentes","status":"publish","type":"product","link":"https:\/\/trade.colart.com\/fr\/product\/liquitex-encre-acrylique-ink-pack-3-couleurs-transparentes\/","title":{"rendered":"Liquitex Encre Acrylique Ink Pack 3 Couleurs Transparentes"},"content":{"rendered":"<p>D\u00e9couvrez l&#8217;encre Acrylic Ink, notre acrylique professionnelle ultra-fluide. Ajoutez une nouvelle dimension \u00e0 votre palette avec trois couleurs de terre transparentes &#8211; id\u00e9ales pour cr\u00e9er des teintes transparentes, des glacis et des effets d&#8217;aquarelle.<\/p>\n","protected":false},"excerpt":{"rendered":"<p>D\u00e9couvrez l&#8217;encre Acrylic Ink, notre acrylique professionnelle ultra-fluide. Ajoutez une nouvelle dimension \u00e0 votre palette avec trois couleurs de terre transparentes &#8211; id\u00e9ales pour cr\u00e9er des teintes transparentes, des glacis et des effets d&#8217;aquarelle. <span class=\"more_dots\">&#8230;<\/span><\/p>\n<p><a class=\"btn btn-secondary understrap-read-more-link\" href=\"https:\/\/trade.colart.com\/fr\/product\/liquitex-encre-acrylique-ink-pack-3-couleurs-transparentes\/\">Read More&#8230;<span class=\"screen-reader-text\"> from Liquitex Encre Acrylique Ink Pack 3 Couleurs Transparentes<\/span><\/a><\/p>\n","protected":false},"featured_media":20861,"comment_status":"closed","ping_status":"closed","template":"","meta":{"_acf_changed":false},"product_brand":[],"product_cat":[1105,1099,1100],"product_tag":[],"class_list":{"0":"post-20859","1":"product","2":"type-product","3":"status-publish","4":"has-post-thumbnail","6":"product_cat-liquitex-produit-gamme-acrylique-professionnelle-couleurs-encres-acryliques-extra-fines-ink-sets-encres-acryliques-extra-fines-ink","7":"product_cat-liquitex-produit-gamme-acrylique-professionnelle-sets-sets-couleurs","8":"product_cat-liquitex-produit-gamme-acrylique-professionnelle-sets-voir-tout","10":"first","11":"instock","12":"shipping-taxable","13":"purchasable","14":"product-type-simple"},"acf":[],"_links":{"self":[{"href":"https:\/\/trade.colart.com\/fr\/wp-json\/wp\/v2\/product\/20859","targetHints":{"allow":["GET"]}}],"collection":[{"href":"https:\/\/trade.colart.com\/fr\/wp-json\/wp\/v2\/product"}],"about":[{"href":"https:\/\/trade.colart.com\/fr\/wp-json\/wp\/v2\/types\/product"}],"replies":[{"embeddable":true,"href":"https:\/\/trade.colart.com\/fr\/wp-json\/wp\/v2\/comments?post=20859"}],"wp:featuredmedia":[{"embeddable":true,"href":"https:\/\/trade.colart.com\/fr\/wp-json\/wp\/v2\/media\/20861"}],"wp:attachment":[{"href":"https:\/\/trade.colart.com\/fr\/wp-json\/wp\/v2\/media?parent=20859"}],"wp:term":[{"taxonomy":"product_brand","embeddable":true,"href":"https:\/\/trade.colart.com\/fr\/wp-json\/wp\/v2\/product_brand?post=20859"},{"taxonomy":"product_cat","embeddable":true,"href":"https:\/\/trade.colart.com\/fr\/wp-json\/wp\/v2\/product_cat?post=20859"},{"taxonomy":"product_tag","embeddable":true,"href":"https:\/\/trade.colart.com\/fr\/wp-json\/wp\/v2\/product_tag?post=20859"}],"curies":[{"name":"wp","href":"https:\/\/api.w.org\/{rel}","templated":true}]}}