{"id":20867,"date":"2026-03-12T23:53:50","date_gmt":"2026-03-12T23:53:50","guid":{"rendered":"https:\/\/trade.colart.com\/fr\/product\/liquitex-set-3-maruquers-pointe-fine-couleurs-essentielles\/"},"modified":"2026-04-10T11:59:14","modified_gmt":"2026-04-10T11:59:14","slug":"liquitex-set-3-maruquers-pointe-fine-couleurs-essentielles","status":"publish","type":"product","link":"https:\/\/trade.colart.com\/fr\/product\/liquitex-set-3-maruquers-pointe-fine-couleurs-essentielles\/","title":{"rendered":"Liquitex Set 3 Maruquers Pointe Fine Couleurs Essentielles"},"content":{"rendered":"<p>Fabriqu\u00e9 avec des pigments de qualit\u00e9 beaux-arts tr\u00e8s r\u00e9sistants \u00e0 la lumi\u00e8re, le marqueur acrylique vous offre un contr\u00f4le optimal. Compl\u00e9tez votre palette avec cet assortiment monochrome \u00e0 pointe fine, qui vous offre de multiples possibilit\u00e9s de cr\u00e9er de la nuance et de la profondeur.<\/p>\n","protected":false},"excerpt":{"rendered":"<p>Fabriqu\u00e9 avec des pigments de qualit\u00e9 beaux-arts tr\u00e8s r\u00e9sistants \u00e0 la lumi\u00e8re, le marqueur acrylique vous offre un contr\u00f4le optimal. Compl\u00e9tez votre palette avec cet assortiment monochrome \u00e0 pointe fine, qui vous offre de multiples possibilit\u00e9s de cr\u00e9er de la nuance et de la profondeur. <span class=\"more_dots\">&#8230;<\/span><\/p>\n<p><a class=\"btn btn-secondary understrap-read-more-link\" href=\"https:\/\/trade.colart.com\/fr\/product\/liquitex-set-3-maruquers-pointe-fine-couleurs-essentielles\/\">Read More&#8230;<span class=\"screen-reader-text\"> from Liquitex Set 3 Maruquers Pointe Fine Couleurs Essentielles<\/span><\/a><\/p>\n","protected":false},"featured_media":20877,"comment_status":"closed","ping_status":"closed","template":"","meta":{"_acf_changed":false},"product_brand":[],"product_cat":[1099,1100],"product_tag":[],"class_list":{"0":"post-20867","1":"product","2":"type-product","3":"status-publish","4":"has-post-thumbnail","6":"product_cat-liquitex-produit-gamme-acrylique-professionnelle-sets-sets-couleurs","7":"product_cat-liquitex-produit-gamme-acrylique-professionnelle-sets-voir-tout","9":"first","10":"instock","11":"shipping-taxable","12":"purchasable","13":"product-type-simple"},"acf":[],"_links":{"self":[{"href":"https:\/\/trade.colart.com\/fr\/wp-json\/wp\/v2\/product\/20867","targetHints":{"allow":["GET"]}}],"collection":[{"href":"https:\/\/trade.colart.com\/fr\/wp-json\/wp\/v2\/product"}],"about":[{"href":"https:\/\/trade.colart.com\/fr\/wp-json\/wp\/v2\/types\/product"}],"replies":[{"embeddable":true,"href":"https:\/\/trade.colart.com\/fr\/wp-json\/wp\/v2\/comments?post=20867"}],"wp:featuredmedia":[{"embeddable":true,"href":"https:\/\/trade.colart.com\/fr\/wp-json\/wp\/v2\/media\/20877"}],"wp:attachment":[{"href":"https:\/\/trade.colart.com\/fr\/wp-json\/wp\/v2\/media?parent=20867"}],"wp:term":[{"taxonomy":"product_brand","embeddable":true,"href":"https:\/\/trade.colart.com\/fr\/wp-json\/wp\/v2\/product_brand?post=20867"},{"taxonomy":"product_cat","embeddable":true,"href":"https:\/\/trade.colart.com\/fr\/wp-json\/wp\/v2\/product_cat?post=20867"},{"taxonomy":"product_tag","embeddable":true,"href":"https:\/\/trade.colart.com\/fr\/wp-json\/wp\/v2\/product_tag?post=20867"}],"curies":[{"name":"wp","href":"https:\/\/api.w.org\/{rel}","templated":true}]}}