{"id":20913,"date":"2026-03-13T01:27:29","date_gmt":"2026-03-13T01:27:29","guid":{"rendered":"https:\/\/trade.colart.com\/fr\/product\/liquitex-set-6-markers-pointe-large-couleurs-vives\/"},"modified":"2026-04-10T10:36:53","modified_gmt":"2026-04-10T10:36:53","slug":"liquitex-set-6-markers-pointe-large-couleurs-vives","status":"publish","type":"product","link":"https:\/\/trade.colart.com\/fr\/product\/liquitex-set-6-markers-pointe-large-couleurs-vives\/","title":{"rendered":"Liquitex Set 6 Markers Pointe Large Couleurs Vives"},"content":{"rendered":"<p>Fabriqu\u00e9 avec des pigments de qualit\u00e9 beaux-arts tr\u00e8s r\u00e9sistants \u00e0 la lumi\u00e8re, le marqueur acrylique vous offre un contr\u00f4le optimal et son encre r\u00e9siste \u00e0 l&#8217;eau lorsqu&#8217;elle est s\u00e8che. Ce set de couleurs vibrantes vous offre une gamme de couleurs intenses et vives.<\/p>\n","protected":false},"excerpt":{"rendered":"<p>Fabriqu\u00e9 avec des pigments de qualit\u00e9 beaux-arts tr\u00e8s r\u00e9sistants \u00e0 la lumi\u00e8re, le marqueur acrylique vous offre un contr\u00f4le optimal et son encre r\u00e9siste \u00e0 l&#8217;eau lorsqu&#8217;elle est s\u00e8che. Ce set de couleurs vibrantes vous offre une gamme de couleurs intenses et vives. <span class=\"more_dots\">&#8230;<\/span><\/p>\n<p><a class=\"btn btn-secondary understrap-read-more-link\" href=\"https:\/\/trade.colart.com\/fr\/product\/liquitex-set-6-markers-pointe-large-couleurs-vives\/\">Read More&#8230;<span class=\"screen-reader-text\"> from Liquitex Set 6 Markers Pointe Large Couleurs Vives<\/span><\/a><\/p>\n","protected":false},"featured_media":20915,"comment_status":"closed","ping_status":"closed","template":"","meta":{"_acf_changed":false},"product_brand":[],"product_cat":[1099,1100],"product_tag":[],"class_list":{"0":"post-20913","1":"product","2":"type-product","3":"status-publish","4":"has-post-thumbnail","6":"product_cat-liquitex-produit-gamme-acrylique-professionnelle-sets-sets-couleurs","7":"product_cat-liquitex-produit-gamme-acrylique-professionnelle-sets-voir-tout","9":"first","10":"instock","11":"shipping-taxable","12":"purchasable","13":"product-type-simple"},"acf":[],"_links":{"self":[{"href":"https:\/\/trade.colart.com\/fr\/wp-json\/wp\/v2\/product\/20913","targetHints":{"allow":["GET"]}}],"collection":[{"href":"https:\/\/trade.colart.com\/fr\/wp-json\/wp\/v2\/product"}],"about":[{"href":"https:\/\/trade.colart.com\/fr\/wp-json\/wp\/v2\/types\/product"}],"replies":[{"embeddable":true,"href":"https:\/\/trade.colart.com\/fr\/wp-json\/wp\/v2\/comments?post=20913"}],"wp:featuredmedia":[{"embeddable":true,"href":"https:\/\/trade.colart.com\/fr\/wp-json\/wp\/v2\/media\/20915"}],"wp:attachment":[{"href":"https:\/\/trade.colart.com\/fr\/wp-json\/wp\/v2\/media?parent=20913"}],"wp:term":[{"taxonomy":"product_brand","embeddable":true,"href":"https:\/\/trade.colart.com\/fr\/wp-json\/wp\/v2\/product_brand?post=20913"},{"taxonomy":"product_cat","embeddable":true,"href":"https:\/\/trade.colart.com\/fr\/wp-json\/wp\/v2\/product_cat?post=20913"},{"taxonomy":"product_tag","embeddable":true,"href":"https:\/\/trade.colart.com\/fr\/wp-json\/wp\/v2\/product_tag?post=20913"}],"curies":[{"name":"wp","href":"https:\/\/api.w.org\/{rel}","templated":true}]}}