{"id":20933,"date":"2026-03-13T01:27:45","date_gmt":"2026-03-13T01:27:45","guid":{"rendered":"https:\/\/trade.colart.com\/fr\/product\/liquitex-professional-heavy-body-set-6-x-22ml-couleurs-classiques\/"},"modified":"2026-04-15T10:09:44","modified_gmt":"2026-04-15T10:09:44","slug":"liquitex-professional-heavy-body-set-6-x-22ml-couleurs-classiques","status":"publish","type":"product","link":"https:\/\/trade.colart.com\/fr\/product\/liquitex-professional-heavy-body-set-6-x-22ml-couleurs-classiques\/","title":{"rendered":"Liquitex Professional Heavy Body Set 6 x 22ml Couleurs Classiques"},"content":{"rendered":"<p>Heavy Body Acrylic est notre acrylique professionnelle \u00e0 la viscosit\u00e9 la plus \u00e9lev\u00e9e. \u00c9largissez votre palette avec cette s\u00e9lection de couleurs classiques et populaires.<\/p>\n","protected":false},"excerpt":{"rendered":"<p>Heavy Body Acrylic est notre acrylique professionnelle \u00e0 la viscosit\u00e9 la plus \u00e9lev\u00e9e. \u00c9largissez votre palette avec cette s\u00e9lection de couleurs classiques et populaires. <span class=\"more_dots\">&#8230;<\/span><\/p>\n<p><a class=\"btn btn-secondary understrap-read-more-link\" href=\"https:\/\/trade.colart.com\/fr\/product\/liquitex-professional-heavy-body-set-6-x-22ml-couleurs-classiques\/\">Read More&#8230;<span class=\"screen-reader-text\"> from Liquitex Professional Heavy Body Set 6 x 22ml Couleurs Classiques<\/span><\/a><\/p>\n","protected":false},"featured_media":20940,"comment_status":"closed","ping_status":"closed","template":"","meta":{"_acf_changed":false},"product_brand":[],"product_cat":[1094,1099,1100],"product_tag":[],"class_list":{"0":"post-20933","1":"product","2":"type-product","3":"status-publish","4":"has-post-thumbnail","6":"product_cat-liquitex-produit-gamme-acrylique-professionnelle-couleurs-heavy-body-acrylic-sets-heavy-body-acrylic","7":"product_cat-liquitex-produit-gamme-acrylique-professionnelle-sets-sets-couleurs","8":"product_cat-liquitex-produit-gamme-acrylique-professionnelle-sets-voir-tout","10":"first","11":"instock","12":"shipping-taxable","13":"purchasable","14":"product-type-simple"},"acf":[],"_links":{"self":[{"href":"https:\/\/trade.colart.com\/fr\/wp-json\/wp\/v2\/product\/20933","targetHints":{"allow":["GET"]}}],"collection":[{"href":"https:\/\/trade.colart.com\/fr\/wp-json\/wp\/v2\/product"}],"about":[{"href":"https:\/\/trade.colart.com\/fr\/wp-json\/wp\/v2\/types\/product"}],"replies":[{"embeddable":true,"href":"https:\/\/trade.colart.com\/fr\/wp-json\/wp\/v2\/comments?post=20933"}],"wp:featuredmedia":[{"embeddable":true,"href":"https:\/\/trade.colart.com\/fr\/wp-json\/wp\/v2\/media\/20940"}],"wp:attachment":[{"href":"https:\/\/trade.colart.com\/fr\/wp-json\/wp\/v2\/media?parent=20933"}],"wp:term":[{"taxonomy":"product_brand","embeddable":true,"href":"https:\/\/trade.colart.com\/fr\/wp-json\/wp\/v2\/product_brand?post=20933"},{"taxonomy":"product_cat","embeddable":true,"href":"https:\/\/trade.colart.com\/fr\/wp-json\/wp\/v2\/product_cat?post=20933"},{"taxonomy":"product_tag","embeddable":true,"href":"https:\/\/trade.colart.com\/fr\/wp-json\/wp\/v2\/product_tag?post=20933"}],"curies":[{"name":"wp","href":"https:\/\/api.w.org\/{rel}","templated":true}]}}