{"id":21080,"date":"2026-03-12T22:35:44","date_gmt":"2026-03-12T22:35:44","guid":{"rendered":"https:\/\/trade.colart.com\/fr\/product\/winsor-newton-cotman-watercolour-floral-pocket-set\/"},"modified":"2026-04-17T09:26:41","modified_gmt":"2026-04-17T09:26:41","slug":"winsor-newton-cotman-watercolour-floral-pocket-set","status":"publish","type":"product","link":"https:\/\/trade.colart.com\/fr\/product\/winsor-newton-cotman-watercolour-floral-pocket-set\/","title":{"rendered":"Winsor &amp; Newton Cotman Watercolour Floral Pocket Set"},"content":{"rendered":"<p>Peignez des \u0153uvres florales avec ces 8 aquarelles Cotman soigneusement s\u00e9lectionn\u00e9es par des artistes professionnels. Fabriqu\u00e9es avec des pigments beaux-arts de haute qualit\u00e9 dans un format de poche. contient un pinceau de voyage et de l&#8217;espace pour 4 couleurs suppl\u00e9mentaires.<\/p>\n","protected":false},"excerpt":{"rendered":"<p>Peignez des \u0153uvres florales avec ces 8 aquarelles Cotman soigneusement s\u00e9lectionn\u00e9es par des artistes professionnels. Fabriqu\u00e9es avec des pigments beaux-arts de haute qualit\u00e9 dans un format de poche. contient un pinceau de voyage et de l&#8217;espace pour 4 couleurs suppl\u00e9mentaires. <span class=\"more_dots\">&#8230;<\/span><\/p>\n<p><a class=\"btn btn-secondary understrap-read-more-link\" href=\"https:\/\/trade.colart.com\/fr\/product\/winsor-newton-cotman-watercolour-floral-pocket-set\/\">Read More&#8230;<span class=\"screen-reader-text\"> from Winsor &amp; Newton Cotman Watercolour Floral Pocket Set<\/span><\/a><\/p>\n","protected":false},"featured_media":21092,"comment_status":"closed","ping_status":"closed","template":"","meta":{"_acf_changed":false},"product_brand":[],"product_cat":[278,277],"product_tag":[],"class_list":{"0":"post-21080","1":"product","2":"type-product","3":"status-publish","4":"has-post-thumbnail","6":"product_cat-winsor-newton-couleurs-aquarelle-couleurs-aquarelle-fine-cotman-sets-aquarelle-fine-cotman","7":"product_cat-winsor-newton-coffrets-sets-aquarelle-fine-cotman","9":"first","10":"instock","11":"shipping-taxable","12":"purchasable","13":"product-type-simple"},"acf":[],"_links":{"self":[{"href":"https:\/\/trade.colart.com\/fr\/wp-json\/wp\/v2\/product\/21080","targetHints":{"allow":["GET"]}}],"collection":[{"href":"https:\/\/trade.colart.com\/fr\/wp-json\/wp\/v2\/product"}],"about":[{"href":"https:\/\/trade.colart.com\/fr\/wp-json\/wp\/v2\/types\/product"}],"replies":[{"embeddable":true,"href":"https:\/\/trade.colart.com\/fr\/wp-json\/wp\/v2\/comments?post=21080"}],"wp:featuredmedia":[{"embeddable":true,"href":"https:\/\/trade.colart.com\/fr\/wp-json\/wp\/v2\/media\/21092"}],"wp:attachment":[{"href":"https:\/\/trade.colart.com\/fr\/wp-json\/wp\/v2\/media?parent=21080"}],"wp:term":[{"taxonomy":"product_brand","embeddable":true,"href":"https:\/\/trade.colart.com\/fr\/wp-json\/wp\/v2\/product_brand?post=21080"},{"taxonomy":"product_cat","embeddable":true,"href":"https:\/\/trade.colart.com\/fr\/wp-json\/wp\/v2\/product_cat?post=21080"},{"taxonomy":"product_tag","embeddable":true,"href":"https:\/\/trade.colart.com\/fr\/wp-json\/wp\/v2\/product_tag?post=21080"}],"curies":[{"name":"wp","href":"https:\/\/api.w.org\/{rel}","templated":true}]}}