{"id":21155,"date":"2026-03-12T22:33:44","date_gmt":"2026-03-12T22:33:44","guid":{"rendered":"https:\/\/trade.colart.com\/fr\/product\/winsor-newton-gouache-set-10x12ml\/"},"modified":"2026-04-17T10:25:34","modified_gmt":"2026-04-17T10:25:34","slug":"winsor-newton-gouache-colour-set-10x12ml","status":"publish","type":"product","link":"https:\/\/trade.colart.com\/fr\/product\/winsor-newton-gouache-colour-set-10x12ml\/","title":{"rendered":"Winsor &amp; Newton Gouache Colour Set 10x12ml"},"content":{"rendered":"<p>Une gamme polyvalente de gouaches offrant une couvrance uniforme pour une finition mate, vive et opaque.<br \/>\nLes gouaches Winsor &amp; Newton se pr\u00e9sentent sous la forme d&#8217;un set de 10 couleurs essentielles fabriqu\u00e9es \u00e0 partir de pigments beaux-arts de qualit\u00e9. Elles sont parfaites pour les \u00e9tudiants et les amateurs qui souhaitent exp\u00e9rimenter la cr\u00e9ation d&#8217;\u0153uvres d&#8217;art vives et percutantes.<\/p>\n","protected":false},"excerpt":{"rendered":"<p>Une gamme polyvalente de gouaches offrant une couvrance uniforme pour une finition mate, vive et opaque.<br \/>\nLes gouaches Winsor &amp; Newton se pr\u00e9sentent sous la forme d&#8217;un set de 10 couleurs essentielles fabriqu\u00e9es \u00e0 partir de pigments beaux-arts de qualit\u00e9. Elles sont parfaites pour les \u00e9tudiants et les amateurs qui souhaitent exp\u00e9rimenter la cr\u00e9ation d&#8217;\u0153uvres d&#8217;art vives et percutantes. <span class=\"more_dots\">&#8230;<\/span><\/p>\n<p><a class=\"btn btn-secondary understrap-read-more-link\" href=\"https:\/\/trade.colart.com\/fr\/product\/winsor-newton-gouache-colour-set-10x12ml\/\">Read More&#8230;<span class=\"screen-reader-text\"> from Winsor &amp; Newton Gouache Colour Set 10x12ml<\/span><\/a><\/p>\n","protected":false},"featured_media":21230,"comment_status":"closed","ping_status":"closed","template":"","meta":{"_acf_changed":false},"product_brand":[],"product_cat":[121,320],"product_tag":[],"class_list":{"0":"post-21155","1":"product","2":"type-product","3":"status-publish","4":"has-post-thumbnail","6":"product_cat-winsor-newton-couleurs-gouache","7":"product_cat-winsor-newton-coffrets-sets-gouache","9":"first","10":"instock","11":"shipping-taxable","12":"purchasable","13":"product-type-simple"},"acf":[],"_links":{"self":[{"href":"https:\/\/trade.colart.com\/fr\/wp-json\/wp\/v2\/product\/21155","targetHints":{"allow":["GET"]}}],"collection":[{"href":"https:\/\/trade.colart.com\/fr\/wp-json\/wp\/v2\/product"}],"about":[{"href":"https:\/\/trade.colart.com\/fr\/wp-json\/wp\/v2\/types\/product"}],"replies":[{"embeddable":true,"href":"https:\/\/trade.colart.com\/fr\/wp-json\/wp\/v2\/comments?post=21155"}],"wp:featuredmedia":[{"embeddable":true,"href":"https:\/\/trade.colart.com\/fr\/wp-json\/wp\/v2\/media\/21230"}],"wp:attachment":[{"href":"https:\/\/trade.colart.com\/fr\/wp-json\/wp\/v2\/media?parent=21155"}],"wp:term":[{"taxonomy":"product_brand","embeddable":true,"href":"https:\/\/trade.colart.com\/fr\/wp-json\/wp\/v2\/product_brand?post=21155"},{"taxonomy":"product_cat","embeddable":true,"href":"https:\/\/trade.colart.com\/fr\/wp-json\/wp\/v2\/product_cat?post=21155"},{"taxonomy":"product_tag","embeddable":true,"href":"https:\/\/trade.colart.com\/fr\/wp-json\/wp\/v2\/product_tag?post=21155"}],"curies":[{"name":"wp","href":"https:\/\/api.w.org\/{rel}","templated":true}]}}