{"id":21161,"date":"2026-03-12T22:34:50","date_gmt":"2026-03-12T22:34:50","guid":{"rendered":"https:\/\/trade.colart.com\/fr\/product\/winsor-newton-cotman-pinceau-manche-court-pack-x3-v2\/"},"modified":"2026-04-17T09:26:34","modified_gmt":"2026-04-17T09:26:34","slug":"winsor-newton-cotman-pinceau-manche-court-pack-x3-v2","status":"publish","type":"product","link":"https:\/\/trade.colart.com\/fr\/product\/winsor-newton-cotman-pinceau-manche-court-pack-x3-v2\/","title":{"rendered":"Winsor &amp; Newton Cotman Pinceau Manche Court Pack x3 V2"},"content":{"rendered":"<p>Les largeurs de fibres m\u00e9lang\u00e9es offrent un excellent ressort et une capacit\u00e9 de chargement de peinture sup\u00e9rieure. Parfaits avec les aquarelles Cotman, ce set contient 3 pinceaux ronds N\u00b00, 4 et 8.<\/p>\n","protected":false},"excerpt":{"rendered":"<p>Les largeurs de fibres m\u00e9lang\u00e9es offrent un excellent ressort et une capacit\u00e9 de chargement de peinture sup\u00e9rieure. Parfaits avec les aquarelles Cotman, ce set contient 3 pinceaux ronds N\u00b00, 4 et 8. <span class=\"more_dots\">&#8230;<\/span><\/p>\n<p><a class=\"btn btn-secondary understrap-read-more-link\" href=\"https:\/\/trade.colart.com\/fr\/product\/winsor-newton-cotman-pinceau-manche-court-pack-x3-v2\/\">Read More&#8230;<span class=\"screen-reader-text\"> from Winsor &amp; Newton Cotman Pinceau Manche Court Pack x3 V2<\/span><\/a><\/p>\n","protected":false},"featured_media":21201,"comment_status":"closed","ping_status":"closed","template":"","meta":{"_acf_changed":false},"product_brand":[],"product_cat":[307,308],"product_tag":[],"class_list":{"0":"post-21161","1":"product","2":"type-product","3":"status-publish","4":"has-post-thumbnail","6":"product_cat-winsor-newton-pinceaux-set-pinceaux","7":"product_cat-winsor-newton-coffrets-sets-pinceaux","9":"first","10":"instock","11":"shipping-taxable","12":"purchasable","13":"product-type-simple"},"acf":[],"_links":{"self":[{"href":"https:\/\/trade.colart.com\/fr\/wp-json\/wp\/v2\/product\/21161","targetHints":{"allow":["GET"]}}],"collection":[{"href":"https:\/\/trade.colart.com\/fr\/wp-json\/wp\/v2\/product"}],"about":[{"href":"https:\/\/trade.colart.com\/fr\/wp-json\/wp\/v2\/types\/product"}],"replies":[{"embeddable":true,"href":"https:\/\/trade.colart.com\/fr\/wp-json\/wp\/v2\/comments?post=21161"}],"wp:featuredmedia":[{"embeddable":true,"href":"https:\/\/trade.colart.com\/fr\/wp-json\/wp\/v2\/media\/21201"}],"wp:attachment":[{"href":"https:\/\/trade.colart.com\/fr\/wp-json\/wp\/v2\/media?parent=21161"}],"wp:term":[{"taxonomy":"product_brand","embeddable":true,"href":"https:\/\/trade.colart.com\/fr\/wp-json\/wp\/v2\/product_brand?post=21161"},{"taxonomy":"product_cat","embeddable":true,"href":"https:\/\/trade.colart.com\/fr\/wp-json\/wp\/v2\/product_cat?post=21161"},{"taxonomy":"product_tag","embeddable":true,"href":"https:\/\/trade.colart.com\/fr\/wp-json\/wp\/v2\/product_tag?post=21161"}],"curies":[{"name":"wp","href":"https:\/\/api.w.org\/{rel}","templated":true}]}}