{"id":21165,"date":"2026-03-16T09:53:37","date_gmt":"2026-03-16T09:53:37","guid":{"rendered":"https:\/\/trade.colart.com\/fr\/product\/winsor-newton-galeria-pinceau-manche-long-pack-3-v2\/"},"modified":"2026-04-10T07:15:45","modified_gmt":"2026-04-10T07:15:45","slug":"winsor-newton-galeria-pinceau-manche-long-pack-3-v2","status":"publish","type":"product","link":"https:\/\/trade.colart.com\/fr\/product\/winsor-newton-galeria-pinceau-manche-long-pack-3-v2\/","title":{"rendered":"Winsor &amp; Newton Galeria Pinceau Manche Long Pack 3 V2"},"content":{"rendered":"<p>Sp\u00e9cialement con\u00e7us pour \u00eatre utilis\u00e9s avec de la peinture acrylique, ces pinceaux sont solides, r\u00e9sistants et flexibles. Ce set contient 3 pinceaux de formes vari\u00e9es : un rond n\u00b04, un plat n\u00b04 et 12.<\/p>\n","protected":false},"excerpt":{"rendered":"<p>Sp\u00e9cialement con\u00e7us pour \u00eatre utilis\u00e9s avec de la peinture acrylique, ces pinceaux sont solides, r\u00e9sistants et flexibles. Ce set contient 3 pinceaux de formes vari\u00e9es : un rond n\u00b04, un plat n\u00b04 et 12. <span class=\"more_dots\">&#8230;<\/span><\/p>\n<p><a class=\"btn btn-secondary understrap-read-more-link\" href=\"https:\/\/trade.colart.com\/fr\/product\/winsor-newton-galeria-pinceau-manche-long-pack-3-v2\/\">Read More&#8230;<span class=\"screen-reader-text\"> from Winsor &amp; Newton Galeria Pinceau Manche Long Pack 3 V2<\/span><\/a><\/p>\n","protected":false},"featured_media":21205,"comment_status":"closed","ping_status":"closed","template":"","meta":{"_acf_changed":false},"product_brand":[],"product_cat":[307,308],"product_tag":[],"class_list":{"0":"post-21165","1":"product","2":"type-product","3":"status-publish","4":"has-post-thumbnail","6":"product_cat-winsor-newton-pinceaux-set-pinceaux","7":"product_cat-winsor-newton-coffrets-sets-pinceaux","9":"first","10":"instock","11":"shipping-taxable","12":"purchasable","13":"product-type-simple"},"acf":[],"_links":{"self":[{"href":"https:\/\/trade.colart.com\/fr\/wp-json\/wp\/v2\/product\/21165","targetHints":{"allow":["GET"]}}],"collection":[{"href":"https:\/\/trade.colart.com\/fr\/wp-json\/wp\/v2\/product"}],"about":[{"href":"https:\/\/trade.colart.com\/fr\/wp-json\/wp\/v2\/types\/product"}],"replies":[{"embeddable":true,"href":"https:\/\/trade.colart.com\/fr\/wp-json\/wp\/v2\/comments?post=21165"}],"wp:featuredmedia":[{"embeddable":true,"href":"https:\/\/trade.colart.com\/fr\/wp-json\/wp\/v2\/media\/21205"}],"wp:attachment":[{"href":"https:\/\/trade.colart.com\/fr\/wp-json\/wp\/v2\/media?parent=21165"}],"wp:term":[{"taxonomy":"product_brand","embeddable":true,"href":"https:\/\/trade.colart.com\/fr\/wp-json\/wp\/v2\/product_brand?post=21165"},{"taxonomy":"product_cat","embeddable":true,"href":"https:\/\/trade.colart.com\/fr\/wp-json\/wp\/v2\/product_cat?post=21165"},{"taxonomy":"product_tag","embeddable":true,"href":"https:\/\/trade.colart.com\/fr\/wp-json\/wp\/v2\/product_tag?post=21165"}],"curies":[{"name":"wp","href":"https:\/\/api.w.org\/{rel}","templated":true}]}}