{"id":21166,"date":"2026-03-16T09:52:44","date_gmt":"2026-03-16T09:52:44","guid":{"rendered":"https:\/\/trade.colart.com\/fr\/product\/winsor-newton-galeria-pinceau-manche-long-pack-x3-v2\/"},"modified":"2026-04-03T09:54:57","modified_gmt":"2026-04-03T09:54:57","slug":"winsor-newton-galeria-pinceau-manche-long-pack-x3-v2","status":"publish","type":"product","link":"https:\/\/trade.colart.com\/fr\/product\/winsor-newton-galeria-pinceau-manche-long-pack-x3-v2\/","title":{"rendered":"Winsor &amp; Newton Galeria Pinceau Manche Long Pack x3 V2"},"content":{"rendered":"<p>Sp\u00e9cialement con\u00e7us pour la peinture acrylique. Pinceaux robustes, r\u00e9sistants et flexibles. Ce coffret comprend 3 pinceaux de formes vari\u00e9es (rond 2, plat 8, filbert 4).<\/p>\n","protected":false},"excerpt":{"rendered":"<p>Sp\u00e9cialement con\u00e7us pour la peinture acrylique. Pinceaux robustes, r\u00e9sistants et flexibles. Ce coffret comprend 3 pinceaux de formes vari\u00e9es (rond 2, plat 8, filbert 4). <span class=\"more_dots\">&#8230;<\/span><\/p>\n<p><a class=\"btn btn-secondary understrap-read-more-link\" href=\"https:\/\/trade.colart.com\/fr\/product\/winsor-newton-galeria-pinceau-manche-long-pack-x3-v2\/\">Read More&#8230;<span class=\"screen-reader-text\"> from Winsor &amp; Newton Galeria Pinceau Manche Long Pack x3 V2<\/span><\/a><\/p>\n","protected":false},"featured_media":21229,"comment_status":"closed","ping_status":"closed","template":"","meta":{"_acf_changed":false},"product_brand":[],"product_cat":[307,308],"product_tag":[],"class_list":{"0":"post-21166","1":"product","2":"type-product","3":"status-publish","4":"has-post-thumbnail","6":"product_cat-winsor-newton-pinceaux-set-pinceaux","7":"product_cat-winsor-newton-coffrets-sets-pinceaux","9":"first","10":"instock","11":"shipping-taxable","12":"purchasable","13":"product-type-simple"},"acf":[],"_links":{"self":[{"href":"https:\/\/trade.colart.com\/fr\/wp-json\/wp\/v2\/product\/21166","targetHints":{"allow":["GET"]}}],"collection":[{"href":"https:\/\/trade.colart.com\/fr\/wp-json\/wp\/v2\/product"}],"about":[{"href":"https:\/\/trade.colart.com\/fr\/wp-json\/wp\/v2\/types\/product"}],"replies":[{"embeddable":true,"href":"https:\/\/trade.colart.com\/fr\/wp-json\/wp\/v2\/comments?post=21166"}],"wp:featuredmedia":[{"embeddable":true,"href":"https:\/\/trade.colart.com\/fr\/wp-json\/wp\/v2\/media\/21229"}],"wp:attachment":[{"href":"https:\/\/trade.colart.com\/fr\/wp-json\/wp\/v2\/media?parent=21166"}],"wp:term":[{"taxonomy":"product_brand","embeddable":true,"href":"https:\/\/trade.colart.com\/fr\/wp-json\/wp\/v2\/product_brand?post=21166"},{"taxonomy":"product_cat","embeddable":true,"href":"https:\/\/trade.colart.com\/fr\/wp-json\/wp\/v2\/product_cat?post=21166"},{"taxonomy":"product_tag","embeddable":true,"href":"https:\/\/trade.colart.com\/fr\/wp-json\/wp\/v2\/product_tag?post=21166"}],"curies":[{"name":"wp","href":"https:\/\/api.w.org\/{rel}","templated":true}]}}