{"id":21546,"date":"2026-04-07T10:04:54","date_gmt":"2026-04-07T10:04:54","guid":{"rendered":"https:\/\/trade.colart.com\/fr\/product\/lefranc-bourgeois-aquarelle-etudestudio-set-24-x10ml\/"},"modified":"2026-04-16T12:24:00","modified_gmt":"2026-04-16T12:24:00","slug":"lefranc-bourgeois-assortiment-daquarelle-etude-24-tubes","status":"publish","type":"product","link":"https:\/\/trade.colart.com\/fr\/product\/lefranc-bourgeois-assortiment-daquarelle-etude-24-tubes\/","title":{"rendered":"Lefranc Bourgeois Assortiment d&#8217;Aquarelle Etude 24 tubes"},"content":{"rendered":"<p>Trouvez votre prochain lot d&#8217;aquarelles pour l&#8217;\u00e9cole avec notre set d&#8217;aquarelles Etudes. 24 tubes de 10 ml d&#8217;aquarelle liquide Etudes de haute qualit\u00e9, approuv\u00e9e par les professeurs des Beaux Arts.<\/p>\n<p>Parfaites pour les m\u00e9langes et les superpositions, ces couleurs de haute qualit\u00e9 ont un excellent pouvoir colorant et une grande transparence. Id\u00e9ales pour les tons subtils et les grands lavis, en cours comme \u00e0 la maison.<\/p>\n","protected":false},"excerpt":{"rendered":"<p>Trouvez votre prochain lot d&#8217;aquarelles pour l&#8217;\u00e9cole avec notre set d&#8217;aquarelles Etudes. 24 tubes de 10 ml d&#8217;aquarelle liquide Etudes de haute qualit\u00e9, approuv\u00e9e par les professeurs des Beaux Arts.<\/p>\n<p>Parfaites pour les m\u00e9langes et les superpositions, ces couleurs de haute qualit\u00e9 ont un excellent pouvoir colorant et une grande transparence. Id\u00e9ales pour les tons subtils et les grands lavis, en cours comme \u00e0 la maison. <span class=\"more_dots\">&#8230;<\/span><\/p>\n<p><a class=\"btn btn-secondary understrap-read-more-link\" href=\"https:\/\/trade.colart.com\/fr\/product\/lefranc-bourgeois-assortiment-daquarelle-etude-24-tubes\/\">Read More&#8230;<span class=\"screen-reader-text\"> from Lefranc Bourgeois Assortiment d&#8217;Aquarelle Etude 24 tubes<\/span><\/a><\/p>\n","protected":false},"featured_media":21547,"comment_status":"closed","ping_status":"closed","template":"","meta":{"_acf_changed":false},"product_brand":[],"product_cat":[2823],"product_tag":[],"class_list":{"0":"post-21546","1":"product","2":"type-product","3":"status-publish","4":"has-post-thumbnail","6":"product_cat-lefranc-bourgeois-beaux-arts-aquarelle","8":"first","9":"instock","10":"shipping-taxable","11":"purchasable","12":"product-type-simple"},"acf":[],"_links":{"self":[{"href":"https:\/\/trade.colart.com\/fr\/wp-json\/wp\/v2\/product\/21546","targetHints":{"allow":["GET"]}}],"collection":[{"href":"https:\/\/trade.colart.com\/fr\/wp-json\/wp\/v2\/product"}],"about":[{"href":"https:\/\/trade.colart.com\/fr\/wp-json\/wp\/v2\/types\/product"}],"replies":[{"embeddable":true,"href":"https:\/\/trade.colart.com\/fr\/wp-json\/wp\/v2\/comments?post=21546"}],"wp:featuredmedia":[{"embeddable":true,"href":"https:\/\/trade.colart.com\/fr\/wp-json\/wp\/v2\/media\/21547"}],"wp:attachment":[{"href":"https:\/\/trade.colart.com\/fr\/wp-json\/wp\/v2\/media?parent=21546"}],"wp:term":[{"taxonomy":"product_brand","embeddable":true,"href":"https:\/\/trade.colart.com\/fr\/wp-json\/wp\/v2\/product_brand?post=21546"},{"taxonomy":"product_cat","embeddable":true,"href":"https:\/\/trade.colart.com\/fr\/wp-json\/wp\/v2\/product_cat?post=21546"},{"taxonomy":"product_tag","embeddable":true,"href":"https:\/\/trade.colart.com\/fr\/wp-json\/wp\/v2\/product_tag?post=21546"}],"curies":[{"name":"wp","href":"https:\/\/api.w.org\/{rel}","templated":true}]}}