{"id":21564,"date":"2026-03-12T12:19:38","date_gmt":"2026-03-12T12:19:38","guid":{"rendered":"https:\/\/trade.colart.com\/fr\/product\/lefranc-bourgeois-aquarelle-fine-set-12-demi-godets\/"},"modified":"2026-04-16T10:12:17","modified_gmt":"2026-04-16T10:12:17","slug":"lefranc-bourgeois-coffret-en-bois-daquarelle-fine-de-12-demi-godets-et-accessoires","status":"publish","type":"product","link":"https:\/\/trade.colart.com\/fr\/product\/lefranc-bourgeois-coffret-en-bois-daquarelle-fine-de-12-demi-godets-et-accessoires\/","title":{"rendered":"Lefranc Bourgeois Coffret en bois d\u2019Aquarelle Fine de 12 Demi Godets et Accessoires"},"content":{"rendered":"<p>Laissez-vous emporter par la po\u00e9sie de ce magnifique set d\u2019aquarelle fine 12 demi godets dans son \u00e9crin de bois compl\u00e9t\u00e9 par deux accessoires incontournables : une palette de m\u00e9lange en porcelaine ainsi qu\u2019un pinceau en petit gris. Id\u00e9e cadeau de choix ou bien pour vous faire plaisir, ce coffret complet est id\u00e9al pour r\u00e9aliser de sublimes projets d\u2019aquarelle.<\/p>\n","protected":false},"excerpt":{"rendered":"<p>Laissez-vous emporter par la po\u00e9sie de ce magnifique set d\u2019aquarelle fine 12 demi godets dans son \u00e9crin de bois compl\u00e9t\u00e9 par deux accessoires incontournables : une palette de m\u00e9lange en porcelaine ainsi qu\u2019un pinceau en petit gris. Id\u00e9e cadeau de choix ou bien pour vous faire plaisir, ce coffret complet est id\u00e9al pour r\u00e9aliser de sublimes projets d\u2019aquarelle. <span class=\"more_dots\">&#8230;<\/span><\/p>\n<p><a class=\"btn btn-secondary understrap-read-more-link\" href=\"https:\/\/trade.colart.com\/fr\/product\/lefranc-bourgeois-coffret-en-bois-daquarelle-fine-de-12-demi-godets-et-accessoires\/\">Read More&#8230;<span class=\"screen-reader-text\"> from Lefranc Bourgeois Coffret en bois d\u2019Aquarelle Fine de 12 Demi Godets et Accessoires<\/span><\/a><\/p>\n","protected":false},"featured_media":21565,"comment_status":"closed","ping_status":"closed","template":"","meta":{"_acf_changed":false},"product_brand":[],"product_cat":[2823],"product_tag":[],"class_list":{"0":"post-21564","1":"product","2":"type-product","3":"status-publish","4":"has-post-thumbnail","6":"product_cat-lefranc-bourgeois-beaux-arts-aquarelle","8":"first","9":"instock","10":"shipping-taxable","11":"purchasable","12":"product-type-simple"},"acf":[],"_links":{"self":[{"href":"https:\/\/trade.colart.com\/fr\/wp-json\/wp\/v2\/product\/21564","targetHints":{"allow":["GET"]}}],"collection":[{"href":"https:\/\/trade.colart.com\/fr\/wp-json\/wp\/v2\/product"}],"about":[{"href":"https:\/\/trade.colart.com\/fr\/wp-json\/wp\/v2\/types\/product"}],"replies":[{"embeddable":true,"href":"https:\/\/trade.colart.com\/fr\/wp-json\/wp\/v2\/comments?post=21564"}],"wp:featuredmedia":[{"embeddable":true,"href":"https:\/\/trade.colart.com\/fr\/wp-json\/wp\/v2\/media\/21565"}],"wp:attachment":[{"href":"https:\/\/trade.colart.com\/fr\/wp-json\/wp\/v2\/media?parent=21564"}],"wp:term":[{"taxonomy":"product_brand","embeddable":true,"href":"https:\/\/trade.colart.com\/fr\/wp-json\/wp\/v2\/product_brand?post=21564"},{"taxonomy":"product_cat","embeddable":true,"href":"https:\/\/trade.colart.com\/fr\/wp-json\/wp\/v2\/product_cat?post=21564"},{"taxonomy":"product_tag","embeddable":true,"href":"https:\/\/trade.colart.com\/fr\/wp-json\/wp\/v2\/product_tag?post=21564"}],"curies":[{"name":"wp","href":"https:\/\/api.w.org\/{rel}","templated":true}]}}