{"id":21566,"date":"2026-03-12T12:20:11","date_gmt":"2026-03-12T12:20:11","guid":{"rendered":"https:\/\/trade.colart.com\/fr\/product\/lefranc-bourgeois-aquarelle-fine-12-demi-godets\/"},"modified":"2026-04-17T11:00:28","modified_gmt":"2026-04-17T11:00:28","slug":"lefranc-bourgeois-set-daquarelle-fine-de-12-demi-godets","status":"publish","type":"product","link":"https:\/\/trade.colart.com\/fr\/product\/lefranc-bourgeois-set-daquarelle-fine-de-12-demi-godets\/","title":{"rendered":"Lefranc Bourgeois Set d\u2019Aquarelle Fine de 12 Demi Godets"},"content":{"rendered":"<p>Ce set de poche, comprenant 12 demi-godets d\u2019aquarelle fine et un pinceau rond petit gris, va vite devenir votre indispensable que ce soit en studio ou en ext\u00e9rieur. Contenu dans une bo\u00eete m\u00e9tallique durable et \u00e9co-responsable, son assortiment de couleurs hautement pigment\u00e9es offre une utilisation agr\u00e9able et une excellente tenue, qui permettent aux aquarellistes de r\u00e9aliser de sublimes lavis.<\/p>\n","protected":false},"excerpt":{"rendered":"<p>Ce set de poche, comprenant 12 demi-godets d\u2019aquarelle fine et un pinceau rond petit gris, va vite devenir votre indispensable que ce soit en studio ou en ext\u00e9rieur. Contenu dans une bo\u00eete m\u00e9tallique durable et \u00e9co-responsable, son assortiment de couleurs hautement pigment\u00e9es offre une utilisation agr\u00e9able et une excellente tenue, qui permettent aux aquarellistes de r\u00e9aliser de sublimes lavis. <span class=\"more_dots\">&#8230;<\/span><\/p>\n<p><a class=\"btn btn-secondary understrap-read-more-link\" href=\"https:\/\/trade.colart.com\/fr\/product\/lefranc-bourgeois-set-daquarelle-fine-de-12-demi-godets\/\">Read More&#8230;<span class=\"screen-reader-text\"> from Lefranc Bourgeois Set d\u2019Aquarelle Fine de 12 Demi Godets<\/span><\/a><\/p>\n","protected":false},"featured_media":21567,"comment_status":"closed","ping_status":"closed","template":"","meta":{"_acf_changed":false},"product_brand":[],"product_cat":[2823],"product_tag":[],"class_list":{"0":"post-21566","1":"product","2":"type-product","3":"status-publish","4":"has-post-thumbnail","6":"product_cat-lefranc-bourgeois-beaux-arts-aquarelle","8":"first","9":"instock","10":"shipping-taxable","11":"purchasable","12":"product-type-simple"},"acf":[],"_links":{"self":[{"href":"https:\/\/trade.colart.com\/fr\/wp-json\/wp\/v2\/product\/21566","targetHints":{"allow":["GET"]}}],"collection":[{"href":"https:\/\/trade.colart.com\/fr\/wp-json\/wp\/v2\/product"}],"about":[{"href":"https:\/\/trade.colart.com\/fr\/wp-json\/wp\/v2\/types\/product"}],"replies":[{"embeddable":true,"href":"https:\/\/trade.colart.com\/fr\/wp-json\/wp\/v2\/comments?post=21566"}],"wp:featuredmedia":[{"embeddable":true,"href":"https:\/\/trade.colart.com\/fr\/wp-json\/wp\/v2\/media\/21567"}],"wp:attachment":[{"href":"https:\/\/trade.colart.com\/fr\/wp-json\/wp\/v2\/media?parent=21566"}],"wp:term":[{"taxonomy":"product_brand","embeddable":true,"href":"https:\/\/trade.colart.com\/fr\/wp-json\/wp\/v2\/product_brand?post=21566"},{"taxonomy":"product_cat","embeddable":true,"href":"https:\/\/trade.colart.com\/fr\/wp-json\/wp\/v2\/product_cat?post=21566"},{"taxonomy":"product_tag","embeddable":true,"href":"https:\/\/trade.colart.com\/fr\/wp-json\/wp\/v2\/product_tag?post=21566"}],"curies":[{"name":"wp","href":"https:\/\/api.w.org\/{rel}","templated":true}]}}