{"id":21568,"date":"2026-03-12T12:20:26","date_gmt":"2026-03-12T12:20:26","guid":{"rendered":"https:\/\/trade.colart.com\/fr\/product\/lefranc-bourgeois-aquarelle-fine-set-40-demi-godets\/"},"modified":"2026-04-16T10:15:37","modified_gmt":"2026-04-16T10:15:37","slug":"lefranc-bourgeois-set-daquarelle-fine-de-40-demi-godets","status":"publish","type":"product","link":"https:\/\/trade.colart.com\/fr\/product\/lefranc-bourgeois-set-daquarelle-fine-de-40-demi-godets\/","title":{"rendered":"Lefranc Bourgeois Set d\u2019Aquarelle Fine de 40 Demi Godets"},"content":{"rendered":"<p>Le set de 40 demi-godets d\u2019aquarelle fine est l\u2019incontournable outil des aquarellistes. La qualit\u00e9 professionnelle des pigments Lefranc Bourgeois vous permet de r\u00e9aliser des lavis \u00e9poustouflants. Un pinceau rond petit-gris vient compl\u00e9ter la bo\u00eete m\u00e9tallique \u00e9co-responsable et durable qui renferme la palette.<\/p>\n","protected":false},"excerpt":{"rendered":"<p>Le set de 40 demi-godets d\u2019aquarelle fine est l\u2019incontournable outil des aquarellistes. La qualit\u00e9 professionnelle des pigments Lefranc Bourgeois vous permet de r\u00e9aliser des lavis \u00e9poustouflants. Un pinceau rond petit-gris vient compl\u00e9ter la bo\u00eete m\u00e9tallique \u00e9co-responsable et durable qui renferme la palette. <span class=\"more_dots\">&#8230;<\/span><\/p>\n<p><a class=\"btn btn-secondary understrap-read-more-link\" href=\"https:\/\/trade.colart.com\/fr\/product\/lefranc-bourgeois-set-daquarelle-fine-de-40-demi-godets\/\">Read More&#8230;<span class=\"screen-reader-text\"> from Lefranc Bourgeois Set d\u2019Aquarelle Fine de 40 Demi Godets<\/span><\/a><\/p>\n","protected":false},"featured_media":21569,"comment_status":"closed","ping_status":"closed","template":"","meta":{"_acf_changed":false},"product_brand":[],"product_cat":[2823],"product_tag":[],"class_list":{"0":"post-21568","1":"product","2":"type-product","3":"status-publish","4":"has-post-thumbnail","6":"product_cat-lefranc-bourgeois-beaux-arts-aquarelle","8":"first","9":"instock","10":"shipping-taxable","11":"purchasable","12":"product-type-simple"},"acf":[],"_links":{"self":[{"href":"https:\/\/trade.colart.com\/fr\/wp-json\/wp\/v2\/product\/21568","targetHints":{"allow":["GET"]}}],"collection":[{"href":"https:\/\/trade.colart.com\/fr\/wp-json\/wp\/v2\/product"}],"about":[{"href":"https:\/\/trade.colart.com\/fr\/wp-json\/wp\/v2\/types\/product"}],"replies":[{"embeddable":true,"href":"https:\/\/trade.colart.com\/fr\/wp-json\/wp\/v2\/comments?post=21568"}],"wp:featuredmedia":[{"embeddable":true,"href":"https:\/\/trade.colart.com\/fr\/wp-json\/wp\/v2\/media\/21569"}],"wp:attachment":[{"href":"https:\/\/trade.colart.com\/fr\/wp-json\/wp\/v2\/media?parent=21568"}],"wp:term":[{"taxonomy":"product_brand","embeddable":true,"href":"https:\/\/trade.colart.com\/fr\/wp-json\/wp\/v2\/product_brand?post=21568"},{"taxonomy":"product_cat","embeddable":true,"href":"https:\/\/trade.colart.com\/fr\/wp-json\/wp\/v2\/product_cat?post=21568"},{"taxonomy":"product_tag","embeddable":true,"href":"https:\/\/trade.colart.com\/fr\/wp-json\/wp\/v2\/product_tag?post=21568"}],"curies":[{"name":"wp","href":"https:\/\/api.w.org\/{rel}","templated":true}]}}