{"id":21751,"date":"2026-03-12T17:02:37","date_gmt":"2026-03-12T17:02:37","guid":{"rendered":"https:\/\/trade.colart.com\/fr\/product\/lefranc-bourgeois-fine-wood-painting-knife-s1\/"},"modified":"2026-04-17T10:13:20","modified_gmt":"2026-04-17T10:13:20","slug":"lefranc-bourgeois-fine-wood-painting-knife-s1","status":"publish","type":"product","link":"https:\/\/trade.colart.com\/fr\/product\/lefranc-bourgeois-fine-wood-painting-knife-s1\/","title":{"rendered":"Lefranc Bourgeois Fine Wood Painting Knife S1"},"content":{"rendered":"<p>Chaque couteau est dot\u00e9 d&#8217;une lame en acier robuste et flexible, d&#8217;une tige coud\u00e9e pour une meilleure application de la couleur et d&#8217;un manche en bois verni ergonomique. D\u00e9couvrez de nouvelles techniques de peinture, avec des couteaux con\u00e7us pour les d\u00e9tails, la couverture, le sgraffito, les techniques d&#8217;emp\u00e2tement et plus encore.<\/p>\n","protected":false},"excerpt":{"rendered":"<p>Chaque couteau est dot\u00e9 d&#8217;une lame en acier robuste et flexible, d&#8217;une tige coud\u00e9e pour une meilleure application de la couleur et d&#8217;un manche en bois verni ergonomique. D\u00e9couvrez de nouvelles techniques de peinture, avec des couteaux con\u00e7us pour les d\u00e9tails, la couverture, le sgraffito, les techniques d&#8217;emp\u00e2tement et plus encore. <span class=\"more_dots\">&#8230;<\/span><\/p>\n<p><a class=\"btn btn-secondary understrap-read-more-link\" href=\"https:\/\/trade.colart.com\/fr\/product\/lefranc-bourgeois-fine-wood-painting-knife-s1\/\">Read More&#8230;<span class=\"screen-reader-text\"> from Lefranc Bourgeois Fine Wood Painting Knife S1<\/span><\/a><\/p>\n","protected":false},"featured_media":20229,"comment_status":"closed","ping_status":"closed","template":"","meta":{"_acf_changed":false},"product_brand":[],"product_cat":[2855],"product_tag":[],"class_list":{"0":"post-21751","1":"product","2":"type-product","3":"status-publish","4":"has-post-thumbnail","6":"product_cat-lefranc-bourgeois-beaux-arts-applicateurs-couteaux","8":"first","9":"instock","10":"shipping-taxable","11":"purchasable","12":"product-type-simple"},"acf":[],"_links":{"self":[{"href":"https:\/\/trade.colart.com\/fr\/wp-json\/wp\/v2\/product\/21751","targetHints":{"allow":["GET"]}}],"collection":[{"href":"https:\/\/trade.colart.com\/fr\/wp-json\/wp\/v2\/product"}],"about":[{"href":"https:\/\/trade.colart.com\/fr\/wp-json\/wp\/v2\/types\/product"}],"replies":[{"embeddable":true,"href":"https:\/\/trade.colart.com\/fr\/wp-json\/wp\/v2\/comments?post=21751"}],"wp:featuredmedia":[{"embeddable":true,"href":"https:\/\/trade.colart.com\/fr\/wp-json\/wp\/v2\/media\/20229"}],"wp:attachment":[{"href":"https:\/\/trade.colart.com\/fr\/wp-json\/wp\/v2\/media?parent=21751"}],"wp:term":[{"taxonomy":"product_brand","embeddable":true,"href":"https:\/\/trade.colart.com\/fr\/wp-json\/wp\/v2\/product_brand?post=21751"},{"taxonomy":"product_cat","embeddable":true,"href":"https:\/\/trade.colart.com\/fr\/wp-json\/wp\/v2\/product_cat?post=21751"},{"taxonomy":"product_tag","embeddable":true,"href":"https:\/\/trade.colart.com\/fr\/wp-json\/wp\/v2\/product_tag?post=21751"}],"curies":[{"name":"wp","href":"https:\/\/api.w.org\/{rel}","templated":true}]}}