{"id":22471,"date":"2026-03-12T22:34:03","date_gmt":"2026-03-12T22:34:03","guid":{"rendered":"https:\/\/trade.colart.com\/fr\/product\/winsor-newton-pastel-tendres-x30\/"},"modified":"2026-04-10T11:38:07","modified_gmt":"2026-04-10T11:38:07","slug":"winsor-newton-pastel-tendres-x30","status":"publish","type":"product","link":"https:\/\/trade.colart.com\/fr\/product\/winsor-newton-pastel-tendres-x30\/","title":{"rendered":"Winsor &amp; Newton Pastel Tendres x30"},"content":{"rendered":"<p>Ces magnifiques pastels tendres permettent d&#8217;explorer les marques expressives, de la superposition au brossage l\u00e9ger. Les pigments fins offrent une couleur intense et optimale, utilisable dans une gamme de techniques de couleurs s\u00e8ches.<\/p>\n<p>Les pastels tendres Winsor &amp; Newton sont propos\u00e9s dans un set de 30 couleurs chromatiquement \u00e9quilibr\u00e9es. Parfaits pour les artistes souhaitant travailler avec un outil flexible et expressif.<\/p>\n","protected":false},"excerpt":{"rendered":"<p>Ces magnifiques pastels tendres permettent d&#8217;explorer les marques expressives, de la superposition au brossage l\u00e9ger. Les pigments fins offrent une couleur intense et optimale, utilisable dans une gamme de techniques de couleurs s\u00e8ches.<\/p>\n<p>Les pastels tendres Winsor &amp; Newton sont propos\u00e9s dans un set de 30 couleurs chromatiquement \u00e9quilibr\u00e9es. Parfaits pour les artistes souhaitant travailler avec un outil flexible et expressif. <span class=\"more_dots\">&#8230;<\/span><\/p>\n<p><a class=\"btn btn-secondary understrap-read-more-link\" href=\"https:\/\/trade.colart.com\/fr\/product\/winsor-newton-pastel-tendres-x30\/\">Read More&#8230;<span class=\"screen-reader-text\"> from Winsor &amp; Newton Pastel Tendres x30<\/span><\/a><\/p>\n","protected":false},"featured_media":22475,"comment_status":"closed","ping_status":"closed","template":"","meta":{"_acf_changed":false},"product_brand":[],"product_cat":[2995,2996],"product_tag":[],"class_list":{"0":"post-22471","1":"product","2":"type-product","3":"status-publish","4":"has-post-thumbnail","6":"product_cat-winsor-newton-arts-graphiques-pastels","7":"product_cat-winsor-newton-coffrets-sets-pastels","9":"first","10":"instock","11":"shipping-taxable","12":"purchasable","13":"product-type-simple"},"acf":[],"_links":{"self":[{"href":"https:\/\/trade.colart.com\/fr\/wp-json\/wp\/v2\/product\/22471","targetHints":{"allow":["GET"]}}],"collection":[{"href":"https:\/\/trade.colart.com\/fr\/wp-json\/wp\/v2\/product"}],"about":[{"href":"https:\/\/trade.colart.com\/fr\/wp-json\/wp\/v2\/types\/product"}],"replies":[{"embeddable":true,"href":"https:\/\/trade.colart.com\/fr\/wp-json\/wp\/v2\/comments?post=22471"}],"wp:featuredmedia":[{"embeddable":true,"href":"https:\/\/trade.colart.com\/fr\/wp-json\/wp\/v2\/media\/22475"}],"wp:attachment":[{"href":"https:\/\/trade.colart.com\/fr\/wp-json\/wp\/v2\/media?parent=22471"}],"wp:term":[{"taxonomy":"product_brand","embeddable":true,"href":"https:\/\/trade.colart.com\/fr\/wp-json\/wp\/v2\/product_brand?post=22471"},{"taxonomy":"product_cat","embeddable":true,"href":"https:\/\/trade.colart.com\/fr\/wp-json\/wp\/v2\/product_cat?post=22471"},{"taxonomy":"product_tag","embeddable":true,"href":"https:\/\/trade.colart.com\/fr\/wp-json\/wp\/v2\/product_tag?post=22471"}],"curies":[{"name":"wp","href":"https:\/\/api.w.org\/{rel}","templated":true}]}}