{"id":22477,"date":"2026-03-12T22:34:08","date_gmt":"2026-03-12T22:34:08","guid":{"rendered":"https:\/\/trade.colart.com\/fr\/product\/winsor-newton-pastel-tendres-x15\/"},"modified":"2026-04-14T17:22:25","modified_gmt":"2026-04-14T17:22:25","slug":"winsor-newton-pastel-tendres-x15","status":"publish","type":"product","link":"https:\/\/trade.colart.com\/fr\/product\/winsor-newton-pastel-tendres-x15\/","title":{"rendered":"Winsor &amp; Newton Pastel Tendres x15"},"content":{"rendered":"<p>Ces magnifiques pastels tendres permettent d&#8217;explorer les marques expressives, de la superposition au brossage l\u00e9ger. Les pigments fins offrent une couleur intense et optimale, utilisable dans une gamme de techniques de couleurs s\u00e8ches.<\/p>\n<p>Les pastels tendres Winsor &amp; Newton sont propos\u00e9s dans un set de 15 couleurs chromatiquement \u00e9quilibr\u00e9es. Parfaits pour les artistes souhaitant travailler avec un outil flexible et expressif.<\/p>\n<p>Ce qui est unique avec les pastels, c&#8217;est la fa\u00e7on dont vous pouvez les manipuler. Paula Rego a d\u00e9crit les pastels comme &#8220;peindre avec vos doigts&#8221;. Les couleurs sont fortes et laissent des marques plus dures que la peinture. C&#8217;est un mat\u00e9riau tactile, j&#8217;utilise beaucoup plus mes doigts pour cr\u00e9er, cela fait partie du plaisir.<\/p>\n","protected":false},"excerpt":{"rendered":"<p>Ces magnifiques pastels tendres permettent d&#8217;explorer les marques expressives, de la superposition au brossage l\u00e9ger. Les pigments fins offrent une couleur intense et optimale, utilisable dans une gamme de techniques de couleurs s\u00e8ches.<\/p>\n<p>Les pastels tendres Winsor &amp; Newton sont propos\u00e9s dans un set de 15 couleurs chromatiquement \u00e9quilibr\u00e9es. Parfaits pour les artistes souhaitant travailler avec un outil flexible et expressif.<\/p>\n<p>Ce qui est unique avec les pastels, c&#8217;est la fa\u00e7on dont vous pouvez les manipuler. Paula Rego a d\u00e9crit les pastels comme &#8220;peindre avec vos doigts&#8221;. Les couleurs sont fortes et laissent des marques plus dures que la peinture. C&#8217;est un mat\u00e9riau tactile, j&#8217;utilise beaucoup plus mes doigts pour cr\u00e9er, cela fait partie du plaisir. <span class=\"more_dots\">&#8230;<\/span><\/p>\n<p><a class=\"btn btn-secondary understrap-read-more-link\" href=\"https:\/\/trade.colart.com\/fr\/product\/winsor-newton-pastel-tendres-x15\/\">Read More&#8230;<span class=\"screen-reader-text\"> from Winsor &amp; Newton Pastel Tendres x15<\/span><\/a><\/p>\n","protected":false},"featured_media":22507,"comment_status":"closed","ping_status":"closed","template":"","meta":{"_acf_changed":false},"product_brand":[],"product_cat":[2995,2996],"product_tag":[],"class_list":{"0":"post-22477","1":"product","2":"type-product","3":"status-publish","4":"has-post-thumbnail","6":"product_cat-winsor-newton-arts-graphiques-pastels","7":"product_cat-winsor-newton-coffrets-sets-pastels","9":"first","10":"instock","11":"shipping-taxable","12":"purchasable","13":"product-type-simple"},"acf":[],"_links":{"self":[{"href":"https:\/\/trade.colart.com\/fr\/wp-json\/wp\/v2\/product\/22477","targetHints":{"allow":["GET"]}}],"collection":[{"href":"https:\/\/trade.colart.com\/fr\/wp-json\/wp\/v2\/product"}],"about":[{"href":"https:\/\/trade.colart.com\/fr\/wp-json\/wp\/v2\/types\/product"}],"replies":[{"embeddable":true,"href":"https:\/\/trade.colart.com\/fr\/wp-json\/wp\/v2\/comments?post=22477"}],"wp:featuredmedia":[{"embeddable":true,"href":"https:\/\/trade.colart.com\/fr\/wp-json\/wp\/v2\/media\/22507"}],"wp:attachment":[{"href":"https:\/\/trade.colart.com\/fr\/wp-json\/wp\/v2\/media?parent=22477"}],"wp:term":[{"taxonomy":"product_brand","embeddable":true,"href":"https:\/\/trade.colart.com\/fr\/wp-json\/wp\/v2\/product_brand?post=22477"},{"taxonomy":"product_cat","embeddable":true,"href":"https:\/\/trade.colart.com\/fr\/wp-json\/wp\/v2\/product_cat?post=22477"},{"taxonomy":"product_tag","embeddable":true,"href":"https:\/\/trade.colart.com\/fr\/wp-json\/wp\/v2\/product_tag?post=22477"}],"curies":[{"name":"wp","href":"https:\/\/api.w.org\/{rel}","templated":true}]}}