{"id":239,"date":"2025-03-27T00:10:50","date_gmt":"2025-03-27T00:10:50","guid":{"rendered":"https:\/\/trade.colart.com\/fr\/product\/winsor-newton-couleurs-aquarelle-fine-cotman\/"},"modified":"2026-04-17T13:04:56","modified_gmt":"2026-04-17T13:04:56","slug":"winsor-newton-couleurs-aquarelle-fine-cotman","status":"publish","type":"product","link":"https:\/\/trade.colart.com\/fr\/product\/winsor-newton-couleurs-aquarelle-fine-cotman\/","title":{"rendered":"Couleurs Aquarelle fine Cotman"},"content":{"rendered":"<p>Nos c\u00e9l\u00e8bres aquarelles Cotman sont disponibles en 48 couleurs. Elles sont fabriqu\u00e9es avec des pigments de qualit\u00e9 beaux-arts et donc d&#8217;une qualit\u00e9 irr\u00e9prochable, avec un bon pouvoir colorant. Disponibles \u00e0 l&#8217;unit\u00e9 ou en diff\u00e9rents sets pour r\u00e9pondre \u00e0 tous les besoins.<\/p>\n","protected":false},"excerpt":{"rendered":"<p>Nos c\u00e9l\u00e8bres aquarelles Cotman sont disponibles en 48 couleurs. Elles sont fabriqu\u00e9es avec des pigments de qualit\u00e9 beaux-arts et donc d&#8217;une qualit\u00e9 irr\u00e9prochable, avec un bon pouvoir colorant. Disponibles \u00e0 l&#8217;unit\u00e9 ou en diff\u00e9rents sets pour r\u00e9pondre \u00e0 tous les besoins. <span class=\"more_dots\">&#8230;<\/span><\/p>\n<p><a class=\"btn btn-secondary understrap-read-more-link\" href=\"https:\/\/trade.colart.com\/fr\/product\/winsor-newton-couleurs-aquarelle-fine-cotman\/\">Read More&#8230;<span class=\"screen-reader-text\"> from Couleurs Aquarelle fine Cotman<\/span><\/a><\/p>\n","protected":false},"featured_media":1363,"comment_status":"closed","ping_status":"closed","template":"","meta":{"_acf_changed":false},"product_brand":[],"product_cat":[113],"product_tag":[],"class_list":{"0":"post-239","1":"product","2":"type-product","3":"status-publish","4":"has-post-thumbnail","6":"product_cat-winsor-newton-couleurs-aquarelle-couleurs-aquarelle-fine-cotman","8":"first","9":"instock","10":"shipping-taxable","11":"purchasable","12":"product-type-variable"},"acf":[],"_links":{"self":[{"href":"https:\/\/trade.colart.com\/fr\/wp-json\/wp\/v2\/product\/239","targetHints":{"allow":["GET"]}}],"collection":[{"href":"https:\/\/trade.colart.com\/fr\/wp-json\/wp\/v2\/product"}],"about":[{"href":"https:\/\/trade.colart.com\/fr\/wp-json\/wp\/v2\/types\/product"}],"replies":[{"embeddable":true,"href":"https:\/\/trade.colart.com\/fr\/wp-json\/wp\/v2\/comments?post=239"}],"wp:featuredmedia":[{"embeddable":true,"href":"https:\/\/trade.colart.com\/fr\/wp-json\/wp\/v2\/media\/1363"}],"wp:attachment":[{"href":"https:\/\/trade.colart.com\/fr\/wp-json\/wp\/v2\/media?parent=239"}],"wp:term":[{"taxonomy":"product_brand","embeddable":true,"href":"https:\/\/trade.colart.com\/fr\/wp-json\/wp\/v2\/product_brand?post=239"},{"taxonomy":"product_cat","embeddable":true,"href":"https:\/\/trade.colart.com\/fr\/wp-json\/wp\/v2\/product_cat?post=239"},{"taxonomy":"product_tag","embeddable":true,"href":"https:\/\/trade.colart.com\/fr\/wp-json\/wp\/v2\/product_tag?post=239"}],"curies":[{"name":"wp","href":"https:\/\/api.w.org\/{rel}","templated":true}]}}