{"id":24283,"date":"2026-03-12T23:03:25","date_gmt":"2026-03-12T23:03:25","guid":{"rendered":"https:\/\/trade.colart.com\/fr\/product\/winsor-newton-artisan-water-moc-10x12ml-set-dinitiation-2\/"},"modified":"2026-04-14T06:53:14","modified_gmt":"2026-04-14T06:53:14","slug":"winsor-newton-artisan-water-moc-10x12ml-set-dinitiation","status":"publish","type":"product","link":"https:\/\/trade.colart.com\/fr\/product\/winsor-newton-artisan-water-moc-10x12ml-set-dinitiation\/","title":{"rendered":"Winsor &amp; Newton Artisan Water Moc 10x12ml Set D&#8217;Initiation"},"content":{"rendered":"<p>D\u00e9couvrez la peinture \u00e0 l&#8217;huile diluable \u00e0 l&#8217;eau avec 10 couleurs essentielles fabriqu\u00e9es \u00e0 partir de pigments beaux-arts de haute qualit\u00e9. Pour \u00e9largir davantage votre palette, la gamme compl\u00e8te de 40 couleurs \u00e0 l&#8217;huile Artisan est disponible \u00e0 l&#8217;achat s\u00e9par\u00e9ment en formats plus grands.<\/p>\n","protected":false},"excerpt":{"rendered":"<p>D\u00e9couvrez la peinture \u00e0 l&#8217;huile diluable \u00e0 l&#8217;eau avec 10 couleurs essentielles fabriqu\u00e9es \u00e0 partir de pigments beaux-arts de haute qualit\u00e9. Pour \u00e9largir davantage votre palette, la gamme compl\u00e8te de 40 couleurs \u00e0 l&#8217;huile Artisan est disponible \u00e0 l&#8217;achat s\u00e9par\u00e9ment en formats plus grands. <span class=\"more_dots\">&#8230;<\/span><\/p>\n<p><a class=\"btn btn-secondary understrap-read-more-link\" href=\"https:\/\/trade.colart.com\/fr\/product\/winsor-newton-artisan-water-moc-10x12ml-set-dinitiation\/\">Read More&#8230;<span class=\"screen-reader-text\"> from Winsor &amp; Newton Artisan Water Moc 10x12ml Set D&#8217;Initiation<\/span><\/a><\/p>\n","protected":false},"featured_media":3266,"comment_status":"closed","ping_status":"closed","template":"","meta":{"_acf_changed":false},"product_brand":[],"product_cat":[271,270],"product_tag":[],"class_list":{"0":"post-24283","1":"product","2":"type-product","3":"status-publish","4":"has-post-thumbnail","6":"product_cat-winsor-newton-couleurs-couleur-a-lhuile-couleurs-huile-hydrosoluble-artisan-sets-huile-hydrosoluble-artisan","7":"product_cat-winsor-newton-coffrets-sets-huile-hydrosoluble-artisan","9":"first","10":"instock","11":"shipping-taxable","12":"purchasable","13":"product-type-simple"},"acf":[],"_links":{"self":[{"href":"https:\/\/trade.colart.com\/fr\/wp-json\/wp\/v2\/product\/24283","targetHints":{"allow":["GET"]}}],"collection":[{"href":"https:\/\/trade.colart.com\/fr\/wp-json\/wp\/v2\/product"}],"about":[{"href":"https:\/\/trade.colart.com\/fr\/wp-json\/wp\/v2\/types\/product"}],"replies":[{"embeddable":true,"href":"https:\/\/trade.colart.com\/fr\/wp-json\/wp\/v2\/comments?post=24283"}],"wp:featuredmedia":[{"embeddable":true,"href":"https:\/\/trade.colart.com\/fr\/wp-json\/wp\/v2\/media\/3266"}],"wp:attachment":[{"href":"https:\/\/trade.colart.com\/fr\/wp-json\/wp\/v2\/media?parent=24283"}],"wp:term":[{"taxonomy":"product_brand","embeddable":true,"href":"https:\/\/trade.colart.com\/fr\/wp-json\/wp\/v2\/product_brand?post=24283"},{"taxonomy":"product_cat","embeddable":true,"href":"https:\/\/trade.colart.com\/fr\/wp-json\/wp\/v2\/product_cat?post=24283"},{"taxonomy":"product_tag","embeddable":true,"href":"https:\/\/trade.colart.com\/fr\/wp-json\/wp\/v2\/product_tag?post=24283"}],"curies":[{"name":"wp","href":"https:\/\/api.w.org\/{rel}","templated":true}]}}