{"id":24311,"date":"2026-03-12T09:08:01","date_gmt":"2026-03-12T09:08:01","guid":{"rendered":"https:\/\/trade.colart.com\/fr\/product\/lefranc-bourgeois-chassis-coton-20x20cm-x3\/"},"modified":"2026-04-14T07:53:53","modified_gmt":"2026-04-14T07:53:53","slug":"lefranc-bourgeois-set-de-3-chassis-en-coton","status":"publish","type":"product","link":"https:\/\/trade.colart.com\/fr\/product\/lefranc-bourgeois-set-de-3-chassis-en-coton\/","title":{"rendered":"Lefranc Bourgeois Set de 3 Chassis en Coton"},"content":{"rendered":"<p>Lib\u00e9rez votre cr\u00e9ativit\u00e9 gr\u00e2ce \u00e0 notre pack de 3 toiles en coton fin 20x20cm. Ce lot de toiles comprend trois toiles 100% coton pour l&#8217;huile, l&#8217;acrylique, le flashe et la gouache.<\/p>\n<p>Pr\u00eate \u00e0 peindre, chaque toile est dot\u00e9e d&#8217;un cadre en \u00e9pic\u00e9a solide et durable, s\u00e9ch\u00e9 au four. Tendues \u00e0 la main, ces toiles traditionnelles de qualit\u00e9 archive sont un excellent rapport qualit\u00e9-prix pour les artistes exposants et les \u00e9tudiants. Taille 20x20cm Poids 350g\/m2<\/p>\n","protected":false},"excerpt":{"rendered":"<p>Lib\u00e9rez votre cr\u00e9ativit\u00e9 gr\u00e2ce \u00e0 notre pack de 3 toiles en coton fin 20x20cm. Ce lot de toiles comprend trois toiles 100% coton pour l&#8217;huile, l&#8217;acrylique, le flashe et la gouache.<\/p>\n<p>Pr\u00eate \u00e0 peindre, chaque toile est dot\u00e9e d&#8217;un cadre en \u00e9pic\u00e9a solide et durable, s\u00e9ch\u00e9 au four. Tendues \u00e0 la main, ces toiles traditionnelles de qualit\u00e9 archive sont un excellent rapport qualit\u00e9-prix pour les artistes exposants et les \u00e9tudiants. Taille 20x20cm Poids 350g\/m2 <span class=\"more_dots\">&#8230;<\/span><\/p>\n<p><a class=\"btn btn-secondary understrap-read-more-link\" href=\"https:\/\/trade.colart.com\/fr\/product\/lefranc-bourgeois-set-de-3-chassis-en-coton\/\">Read More&#8230;<span class=\"screen-reader-text\"> from Lefranc Bourgeois Set de 3 Chassis en Coton<\/span><\/a><\/p>\n","protected":false},"featured_media":13642,"comment_status":"closed","ping_status":"closed","template":"","meta":{"_acf_changed":false},"product_brand":[],"product_cat":[2847],"product_tag":[],"class_list":{"0":"post-24311","1":"product","2":"type-product","3":"status-publish","4":"has-post-thumbnail","6":"product_cat-lefranc-bourgeois-beaux-arts-supports-chassis-coton","8":"first","9":"instock","10":"shipping-taxable","11":"purchasable","12":"product-type-simple"},"acf":[],"_links":{"self":[{"href":"https:\/\/trade.colart.com\/fr\/wp-json\/wp\/v2\/product\/24311","targetHints":{"allow":["GET"]}}],"collection":[{"href":"https:\/\/trade.colart.com\/fr\/wp-json\/wp\/v2\/product"}],"about":[{"href":"https:\/\/trade.colart.com\/fr\/wp-json\/wp\/v2\/types\/product"}],"replies":[{"embeddable":true,"href":"https:\/\/trade.colart.com\/fr\/wp-json\/wp\/v2\/comments?post=24311"}],"wp:featuredmedia":[{"embeddable":true,"href":"https:\/\/trade.colart.com\/fr\/wp-json\/wp\/v2\/media\/13642"}],"wp:attachment":[{"href":"https:\/\/trade.colart.com\/fr\/wp-json\/wp\/v2\/media?parent=24311"}],"wp:term":[{"taxonomy":"product_brand","embeddable":true,"href":"https:\/\/trade.colart.com\/fr\/wp-json\/wp\/v2\/product_brand?post=24311"},{"taxonomy":"product_cat","embeddable":true,"href":"https:\/\/trade.colart.com\/fr\/wp-json\/wp\/v2\/product_cat?post=24311"},{"taxonomy":"product_tag","embeddable":true,"href":"https:\/\/trade.colart.com\/fr\/wp-json\/wp\/v2\/product_tag?post=24311"}],"curies":[{"name":"wp","href":"https:\/\/api.w.org\/{rel}","templated":true}]}}