{"id":25191,"date":"2026-03-13T00:49:39","date_gmt":"2026-03-13T00:49:39","guid":{"rendered":"https:\/\/trade.colart.com\/fr\/product\/liquitex-professional-soft-body-set-6x22ml-mixing-2\/"},"modified":"2026-04-15T14:16:29","modified_gmt":"2026-04-15T14:16:29","slug":"liquitex-professional-soft-body-set-6x22ml-mixing","status":"publish","type":"product","link":"https:\/\/trade.colart.com\/fr\/product\/liquitex-professional-soft-body-set-6x22ml-mixing\/","title":{"rendered":"Liquitex Professional Soft Body Set 6x22ml Mixing"},"content":{"rendered":"<p>Acrylique fluide Soft Body. Ce set de couleurs vous offre des possibilit\u00e9s de m\u00e9lange infinies. Le Blanc transparent pour M\u00e9langes et le Noir d&#8217;Ivoire peuvent \u00eatre utilis\u00e9s seuls, ou pour cr\u00e9er des nuances et des teintes.<\/p>\n","protected":false},"excerpt":{"rendered":"<p>Acrylique fluide Soft Body. Ce set de couleurs vous offre des possibilit\u00e9s de m\u00e9lange infinies. Le Blanc transparent pour M\u00e9langes et le Noir d&#8217;Ivoire peuvent \u00eatre utilis\u00e9s seuls, ou pour cr\u00e9er des nuances et des teintes. <span class=\"more_dots\">&#8230;<\/span><\/p>\n<p><a class=\"btn btn-secondary understrap-read-more-link\" href=\"https:\/\/trade.colart.com\/fr\/product\/liquitex-professional-soft-body-set-6x22ml-mixing\/\">Read More&#8230;<span class=\"screen-reader-text\"> from Liquitex Professional Soft Body Set 6x22ml Mixing<\/span><\/a><\/p>\n","protected":false},"featured_media":20974,"comment_status":"closed","ping_status":"closed","template":"","meta":{"_acf_changed":false},"product_brand":[],"product_cat":[1104,1099,1100],"product_tag":[],"class_list":{"0":"post-25191","1":"product","2":"type-product","3":"status-publish","4":"has-post-thumbnail","6":"product_cat-liquitex-produit-gamme-acrylique-professionnelle-couleurs-soft-body-acrylic-sets-soft-body-acrylic","7":"product_cat-liquitex-produit-gamme-acrylique-professionnelle-sets-sets-couleurs","8":"product_cat-liquitex-produit-gamme-acrylique-professionnelle-sets-voir-tout","10":"first","11":"instock","12":"shipping-taxable","13":"purchasable","14":"product-type-simple"},"acf":[],"_links":{"self":[{"href":"https:\/\/trade.colart.com\/fr\/wp-json\/wp\/v2\/product\/25191","targetHints":{"allow":["GET"]}}],"collection":[{"href":"https:\/\/trade.colart.com\/fr\/wp-json\/wp\/v2\/product"}],"about":[{"href":"https:\/\/trade.colart.com\/fr\/wp-json\/wp\/v2\/types\/product"}],"replies":[{"embeddable":true,"href":"https:\/\/trade.colart.com\/fr\/wp-json\/wp\/v2\/comments?post=25191"}],"wp:featuredmedia":[{"embeddable":true,"href":"https:\/\/trade.colart.com\/fr\/wp-json\/wp\/v2\/media\/20974"}],"wp:attachment":[{"href":"https:\/\/trade.colart.com\/fr\/wp-json\/wp\/v2\/media?parent=25191"}],"wp:term":[{"taxonomy":"product_brand","embeddable":true,"href":"https:\/\/trade.colart.com\/fr\/wp-json\/wp\/v2\/product_brand?post=25191"},{"taxonomy":"product_cat","embeddable":true,"href":"https:\/\/trade.colart.com\/fr\/wp-json\/wp\/v2\/product_cat?post=25191"},{"taxonomy":"product_tag","embeddable":true,"href":"https:\/\/trade.colart.com\/fr\/wp-json\/wp\/v2\/product_tag?post=25191"}],"curies":[{"name":"wp","href":"https:\/\/api.w.org\/{rel}","templated":true}]}}