{"id":25280,"date":"2026-03-13T00:14:23","date_gmt":"2026-03-13T00:14:23","guid":{"rendered":"https:\/\/trade.colart.com\/fr\/product\/liquitex-professional-acrylique-heavy-body-set-6x59ml-tbe-iridescents\/"},"modified":"2026-04-02T09:16:43","modified_gmt":"2026-04-02T09:16:43","slug":"liquitex-professional-acrylique-heavy-body-set-6x59ml-tbe-iridescents","status":"publish","type":"product","link":"https:\/\/trade.colart.com\/fr\/product\/liquitex-professional-acrylique-heavy-body-set-6x59ml-tbe-iridescents\/","title":{"rendered":"Liquitex Professional Acrylique Heavy Body Set 6X59ml TBE Iridescents"},"content":{"rendered":"<p>Heavy Body Acrylic est notre acrylique professionnelle \u00e0 la viscosit\u00e9 la plus \u00e9lev\u00e9e. \u00c9largissez votre palette avec cette s\u00e9lection de couleurs iridescentes.<\/p>\n","protected":false},"excerpt":{"rendered":"<p>Heavy Body Acrylic est notre acrylique professionnelle \u00e0 la viscosit\u00e9 la plus \u00e9lev\u00e9e. \u00c9largissez votre palette avec cette s\u00e9lection de couleurs iridescentes. <span class=\"more_dots\">&#8230;<\/span><\/p>\n<p><a class=\"btn btn-secondary understrap-read-more-link\" href=\"https:\/\/trade.colart.com\/fr\/product\/liquitex-professional-acrylique-heavy-body-set-6x59ml-tbe-iridescents\/\">Read More&#8230;<span class=\"screen-reader-text\"> from Liquitex Professional Acrylique Heavy Body Set 6X59ml TBE Iridescents<\/span><\/a><\/p>\n","protected":false},"featured_media":52502,"comment_status":"closed","ping_status":"closed","template":"","meta":{"_acf_changed":false},"product_brand":[],"product_cat":[1094,1099,1100],"product_tag":[],"class_list":{"0":"post-25280","1":"product","2":"type-product","3":"status-publish","4":"has-post-thumbnail","6":"product_cat-liquitex-produit-gamme-acrylique-professionnelle-couleurs-heavy-body-acrylic-sets-heavy-body-acrylic","7":"product_cat-liquitex-produit-gamme-acrylique-professionnelle-sets-sets-couleurs","8":"product_cat-liquitex-produit-gamme-acrylique-professionnelle-sets-voir-tout","10":"first","11":"instock","12":"shipping-taxable","13":"purchasable","14":"product-type-simple"},"acf":[],"_links":{"self":[{"href":"https:\/\/trade.colart.com\/fr\/wp-json\/wp\/v2\/product\/25280","targetHints":{"allow":["GET"]}}],"collection":[{"href":"https:\/\/trade.colart.com\/fr\/wp-json\/wp\/v2\/product"}],"about":[{"href":"https:\/\/trade.colart.com\/fr\/wp-json\/wp\/v2\/types\/product"}],"replies":[{"embeddable":true,"href":"https:\/\/trade.colart.com\/fr\/wp-json\/wp\/v2\/comments?post=25280"}],"wp:featuredmedia":[{"embeddable":true,"href":"https:\/\/trade.colart.com\/fr\/wp-json\/wp\/v2\/media\/52502"}],"wp:attachment":[{"href":"https:\/\/trade.colart.com\/fr\/wp-json\/wp\/v2\/media?parent=25280"}],"wp:term":[{"taxonomy":"product_brand","embeddable":true,"href":"https:\/\/trade.colart.com\/fr\/wp-json\/wp\/v2\/product_brand?post=25280"},{"taxonomy":"product_cat","embeddable":true,"href":"https:\/\/trade.colart.com\/fr\/wp-json\/wp\/v2\/product_cat?post=25280"},{"taxonomy":"product_tag","embeddable":true,"href":"https:\/\/trade.colart.com\/fr\/wp-json\/wp\/v2\/product_tag?post=25280"}],"curies":[{"name":"wp","href":"https:\/\/api.w.org\/{rel}","templated":true}]}}