{"id":25306,"date":"2026-03-13T00:28:56","date_gmt":"2026-03-13T00:28:56","guid":{"rendered":"https:\/\/trade.colart.com\/fr\/product\/liquitex-basics-acrylique-set-72x22ml\/"},"modified":"2026-04-15T11:03:01","modified_gmt":"2026-04-15T11:03:01","slug":"liquitex-basics-acrylique-set-72x22ml","status":"publish","type":"product","link":"https:\/\/trade.colart.com\/fr\/product\/liquitex-basics-acrylique-set-72x22ml\/","title":{"rendered":"Liquitex Basics Acrylique Set 72X22ml"},"content":{"rendered":"<p>Basics est notre gamme de qualit\u00e9 fine, con\u00e7ue pour une utilisation quotidienne par tous les artistes. Cette couleur acrylique de consistance moyenne est compos\u00e9e de pigments beaux-arts r\u00e9sistants \u00e0 la lumi\u00e8re. Cr\u00e9ez une palette \u00e9quilibr\u00e9e avec notre collection compl\u00e8te de 72 couleurs, allant des primaires aux m\u00e9talliques, et des fluorescentes aux tons de terre.<\/p>\n","protected":false},"excerpt":{"rendered":"<p>Basics est notre gamme de qualit\u00e9 fine, con\u00e7ue pour une utilisation quotidienne par tous les artistes. Cette couleur acrylique de consistance moyenne est compos\u00e9e de pigments beaux-arts r\u00e9sistants \u00e0 la lumi\u00e8re. Cr\u00e9ez une palette \u00e9quilibr\u00e9e avec notre collection compl\u00e8te de 72 couleurs, allant des primaires aux m\u00e9talliques, et des fluorescentes aux tons de terre. <span class=\"more_dots\">&#8230;<\/span><\/p>\n<p><a class=\"btn btn-secondary understrap-read-more-link\" href=\"https:\/\/trade.colart.com\/fr\/product\/liquitex-basics-acrylique-set-72x22ml\/\">Read More&#8230;<span class=\"screen-reader-text\"> from Liquitex Basics Acrylique Set 72X22ml<\/span><\/a><\/p>\n","protected":false},"featured_media":25317,"comment_status":"closed","ping_status":"closed","template":"","meta":{"_acf_changed":false},"product_brand":[],"product_cat":[1090],"product_tag":[],"class_list":{"0":"post-25306","1":"product","2":"type-product","3":"status-publish","4":"has-post-thumbnail","6":"product_cat-liquitex-produit-gamme-acrylique-basics-sets-basics-sets-couleurs-basics","8":"first","9":"instock","10":"shipping-taxable","11":"purchasable","12":"product-type-simple"},"acf":[],"_links":{"self":[{"href":"https:\/\/trade.colart.com\/fr\/wp-json\/wp\/v2\/product\/25306","targetHints":{"allow":["GET"]}}],"collection":[{"href":"https:\/\/trade.colart.com\/fr\/wp-json\/wp\/v2\/product"}],"about":[{"href":"https:\/\/trade.colart.com\/fr\/wp-json\/wp\/v2\/types\/product"}],"replies":[{"embeddable":true,"href":"https:\/\/trade.colart.com\/fr\/wp-json\/wp\/v2\/comments?post=25306"}],"wp:featuredmedia":[{"embeddable":true,"href":"https:\/\/trade.colart.com\/fr\/wp-json\/wp\/v2\/media\/25317"}],"wp:attachment":[{"href":"https:\/\/trade.colart.com\/fr\/wp-json\/wp\/v2\/media?parent=25306"}],"wp:term":[{"taxonomy":"product_brand","embeddable":true,"href":"https:\/\/trade.colart.com\/fr\/wp-json\/wp\/v2\/product_brand?post=25306"},{"taxonomy":"product_cat","embeddable":true,"href":"https:\/\/trade.colart.com\/fr\/wp-json\/wp\/v2\/product_cat?post=25306"},{"taxonomy":"product_tag","embeddable":true,"href":"https:\/\/trade.colart.com\/fr\/wp-json\/wp\/v2\/product_tag?post=25306"}],"curies":[{"name":"wp","href":"https:\/\/api.w.org\/{rel}","templated":true}]}}