{"id":25354,"date":"2026-01-02T04:25:01","date_gmt":"2026-01-02T04:25:01","guid":{"rendered":"https:\/\/trade.colart.com\/fr\/product\/lefranc-bourgeois-enfants-set-spoty-gouache-pochoirs-alphabet\/"},"modified":"2026-04-08T09:43:03","modified_gmt":"2026-04-08T09:43:03","slug":"lefranc-bourgeois-enfants-set-spoty-gouache-pochoirs-alphabet-4x30ml","status":"publish","type":"product","link":"https:\/\/trade.colart.com\/fr\/product\/lefranc-bourgeois-enfants-set-spoty-gouache-pochoirs-alphabet-4x30ml\/","title":{"rendered":"Lefranc Bourgeois Enfants Set Spoty Gouache Pochoirs Alphabet 4x30ml"},"content":{"rendered":"<p>Les gouaches spoty et leurs pochoirs en forme de lettres sont une mani\u00e8re cr\u00e9ative et ludique d&#8217;apprendre l&#8217;alphabet pour les plus jeunes artistes ! Chaque applicateur de gouache liquide pr\u00e9sente un embout applicateur lavable \u00e0 l&#8217;\u00e9ponge. Pr\u00eat \u00e0 l&#8217;emploi, il permet aux plus petites mains d&#8217;apprendre l&#8217;usage d&#8217;un outil pour les aplats de couleur.<\/p>\n","protected":false},"excerpt":{"rendered":"<p>Les gouaches spoty et leurs pochoirs en forme de lettres sont une mani\u00e8re cr\u00e9ative et ludique d&#8217;apprendre l&#8217;alphabet pour les plus jeunes artistes ! Chaque applicateur de gouache liquide pr\u00e9sente un embout applicateur lavable \u00e0 l&#8217;\u00e9ponge. Pr\u00eat \u00e0 l&#8217;emploi, il permet aux plus petites mains d&#8217;apprendre l&#8217;usage d&#8217;un outil pour les aplats de couleur. <span class=\"more_dots\">&#8230;<\/span><\/p>\n<p><a class=\"btn btn-secondary understrap-read-more-link\" href=\"https:\/\/trade.colart.com\/fr\/product\/lefranc-bourgeois-enfants-set-spoty-gouache-pochoirs-alphabet-4x30ml\/\">Read More&#8230;<span class=\"screen-reader-text\"> from Lefranc Bourgeois Enfants Set Spoty Gouache Pochoirs Alphabet 4x30ml<\/span><\/a><\/p>\n","protected":false},"featured_media":67575,"comment_status":"closed","ping_status":"closed","template":"","meta":{"_acf_changed":false},"product_brand":[],"product_cat":[2488],"product_tag":[],"class_list":{"0":"post-25354","1":"product","2":"type-product","3":"status-publish","4":"has-post-thumbnail","6":"product_cat-lefranc-bourgeois-enfants-3-ans-eveil-artistique-spoty","8":"first","9":"instock","10":"shipping-taxable","11":"purchasable","12":"product-type-simple"},"acf":[],"_links":{"self":[{"href":"https:\/\/trade.colart.com\/fr\/wp-json\/wp\/v2\/product\/25354","targetHints":{"allow":["GET"]}}],"collection":[{"href":"https:\/\/trade.colart.com\/fr\/wp-json\/wp\/v2\/product"}],"about":[{"href":"https:\/\/trade.colart.com\/fr\/wp-json\/wp\/v2\/types\/product"}],"replies":[{"embeddable":true,"href":"https:\/\/trade.colart.com\/fr\/wp-json\/wp\/v2\/comments?post=25354"}],"wp:featuredmedia":[{"embeddable":true,"href":"https:\/\/trade.colart.com\/fr\/wp-json\/wp\/v2\/media\/67575"}],"wp:attachment":[{"href":"https:\/\/trade.colart.com\/fr\/wp-json\/wp\/v2\/media?parent=25354"}],"wp:term":[{"taxonomy":"product_brand","embeddable":true,"href":"https:\/\/trade.colart.com\/fr\/wp-json\/wp\/v2\/product_brand?post=25354"},{"taxonomy":"product_cat","embeddable":true,"href":"https:\/\/trade.colart.com\/fr\/wp-json\/wp\/v2\/product_cat?post=25354"},{"taxonomy":"product_tag","embeddable":true,"href":"https:\/\/trade.colart.com\/fr\/wp-json\/wp\/v2\/product_tag?post=25354"}],"curies":[{"name":"wp","href":"https:\/\/api.w.org\/{rel}","templated":true}]}}