{"id":25356,"date":"2026-03-12T12:21:22","date_gmt":"2026-03-12T12:21:22","guid":{"rendered":"https:\/\/trade.colart.com\/fr\/product\/lefranc-bourgeois-etude-kit-dinitation-a-la-linogravure\/"},"modified":"2026-04-15T14:15:57","modified_gmt":"2026-04-15T14:15:57","slug":"lefranc-bourgeois-kit-dinitiation-%c3%a0-la-linogravure","status":"publish","type":"product","link":"https:\/\/trade.colart.com\/fr\/product\/lefranc-bourgeois-kit-dinitiation-%c3%a0-la-linogravure\/","title":{"rendered":"Lefranc Bourgeois Kit d&#8217;Initiation \u00e0 la Linogravure"},"content":{"rendered":"<p>Le kit d\u2019initiation \u00e0 la linogravure vous permet de personnaliser vos cr\u00e9ations au gr\u00e9 de vos envies ! Ses 4 \u00e9tapes toutes simples vous permettent de cr\u00e9er un motif de votre cru, r\u00e9alis\u00e9 \u00e0 la gouge, et teint\u00e9 avec l\u2019encre Lefranc Bourgeois fournie, disponible en 12 sublimes couleurs.<\/p>\n","protected":false},"excerpt":{"rendered":"<p>Le kit d\u2019initiation \u00e0 la linogravure vous permet de personnaliser vos cr\u00e9ations au gr\u00e9 de vos envies ! Ses 4 \u00e9tapes toutes simples vous permettent de cr\u00e9er un motif de votre cru, r\u00e9alis\u00e9 \u00e0 la gouge, et teint\u00e9 avec l\u2019encre Lefranc Bourgeois fournie, disponible en 12 sublimes couleurs. <span class=\"more_dots\">&#8230;<\/span><\/p>\n<p><a class=\"btn btn-secondary understrap-read-more-link\" href=\"https:\/\/trade.colart.com\/fr\/product\/lefranc-bourgeois-kit-dinitiation-%c3%a0-la-linogravure\/\">Read More&#8230;<span class=\"screen-reader-text\"> from Lefranc Bourgeois Kit d&#8217;Initiation \u00e0 la Linogravure<\/span><\/a><\/p>\n","protected":false},"featured_media":67553,"comment_status":"closed","ping_status":"closed","template":"","meta":{"_acf_changed":false},"product_brand":[],"product_cat":[2841],"product_tag":[],"class_list":{"0":"post-25356","1":"product","2":"type-product","3":"status-publish","4":"has-post-thumbnail","6":"product_cat-lefranc-bourgeois-beaux-arts-linogravure","8":"first","9":"instock","10":"shipping-taxable","11":"purchasable","12":"product-type-simple"},"acf":[],"_links":{"self":[{"href":"https:\/\/trade.colart.com\/fr\/wp-json\/wp\/v2\/product\/25356","targetHints":{"allow":["GET"]}}],"collection":[{"href":"https:\/\/trade.colart.com\/fr\/wp-json\/wp\/v2\/product"}],"about":[{"href":"https:\/\/trade.colart.com\/fr\/wp-json\/wp\/v2\/types\/product"}],"replies":[{"embeddable":true,"href":"https:\/\/trade.colart.com\/fr\/wp-json\/wp\/v2\/comments?post=25356"}],"wp:featuredmedia":[{"embeddable":true,"href":"https:\/\/trade.colart.com\/fr\/wp-json\/wp\/v2\/media\/67553"}],"wp:attachment":[{"href":"https:\/\/trade.colart.com\/fr\/wp-json\/wp\/v2\/media?parent=25356"}],"wp:term":[{"taxonomy":"product_brand","embeddable":true,"href":"https:\/\/trade.colart.com\/fr\/wp-json\/wp\/v2\/product_brand?post=25356"},{"taxonomy":"product_cat","embeddable":true,"href":"https:\/\/trade.colart.com\/fr\/wp-json\/wp\/v2\/product_cat?post=25356"},{"taxonomy":"product_tag","embeddable":true,"href":"https:\/\/trade.colart.com\/fr\/wp-json\/wp\/v2\/product_tag?post=25356"}],"curies":[{"name":"wp","href":"https:\/\/api.w.org\/{rel}","templated":true}]}}