{"id":25357,"date":"2026-03-12T22:44:07","date_gmt":"2026-03-12T22:44:07","guid":{"rendered":"https:\/\/trade.colart.com\/fr\/product\/winsor-newton-studio-collection-coffret-de-crayons-de-couleur-50-pces\/"},"modified":"2026-04-02T09:51:27","modified_gmt":"2026-04-02T09:51:27","slug":"winsor-newton-studio-collection-coffret-de-crayons-de-couleur-50-pces","status":"publish","type":"product","link":"https:\/\/trade.colart.com\/fr\/product\/winsor-newton-studio-collection-coffret-de-crayons-de-couleur-50-pces\/","title":{"rendered":"Winsor &amp; Newton Studio Collection Coffret De Crayons De Couleur 50 Pces"},"content":{"rendered":"<p>Explorez une gamme de 48 crayons de couleur vifs, tous r\u00e9unis dans une bo\u00eete magnifiquement con\u00e7ue. Leur texture douce facilite le m\u00e9lange, et leurs mines de haute qualit\u00e9 assurent une utilisation fluide et r\u00e9active, que vous cherchiez \u00e0 obtenir des couleurs intenses ou \u00e0 r\u00e9aliser des ombrages d\u00e9licats.<br \/>\nLe set inclut un taille-crayon et un bloc de papier.<\/p>\n","protected":false},"excerpt":{"rendered":"<p>Explorez une gamme de 48 crayons de couleur vifs, tous r\u00e9unis dans une bo\u00eete magnifiquement con\u00e7ue. Leur texture douce facilite le m\u00e9lange, et leurs mines de haute qualit\u00e9 assurent une utilisation fluide et r\u00e9active, que vous cherchiez \u00e0 obtenir des couleurs intenses ou \u00e0 r\u00e9aliser des ombrages d\u00e9licats.<br \/>\nLe set inclut un taille-crayon et un bloc de papier. <span class=\"more_dots\">&#8230;<\/span><\/p>\n<p><a class=\"btn btn-secondary understrap-read-more-link\" href=\"https:\/\/trade.colart.com\/fr\/product\/winsor-newton-studio-collection-coffret-de-crayons-de-couleur-50-pces\/\">Read More&#8230;<span class=\"screen-reader-text\"> from Winsor &amp; Newton Studio Collection Coffret De Crayons De Couleur 50 Pces<\/span><\/a><\/p>\n","protected":false},"featured_media":25365,"comment_status":"closed","ping_status":"closed","template":"","meta":{"_acf_changed":false},"product_brand":[],"product_cat":[312],"product_tag":[],"class_list":{"0":"post-25357","1":"product","2":"type-product","3":"status-publish","4":"has-post-thumbnail","6":"product_cat-winsor-newton-arts-graphiques-crayons-studio-collection-crayons-de-couleur-studio-collection","8":"first","9":"instock","10":"shipping-taxable","11":"purchasable","12":"product-type-simple"},"acf":[],"_links":{"self":[{"href":"https:\/\/trade.colart.com\/fr\/wp-json\/wp\/v2\/product\/25357","targetHints":{"allow":["GET"]}}],"collection":[{"href":"https:\/\/trade.colart.com\/fr\/wp-json\/wp\/v2\/product"}],"about":[{"href":"https:\/\/trade.colart.com\/fr\/wp-json\/wp\/v2\/types\/product"}],"replies":[{"embeddable":true,"href":"https:\/\/trade.colart.com\/fr\/wp-json\/wp\/v2\/comments?post=25357"}],"wp:featuredmedia":[{"embeddable":true,"href":"https:\/\/trade.colart.com\/fr\/wp-json\/wp\/v2\/media\/25365"}],"wp:attachment":[{"href":"https:\/\/trade.colart.com\/fr\/wp-json\/wp\/v2\/media?parent=25357"}],"wp:term":[{"taxonomy":"product_brand","embeddable":true,"href":"https:\/\/trade.colart.com\/fr\/wp-json\/wp\/v2\/product_brand?post=25357"},{"taxonomy":"product_cat","embeddable":true,"href":"https:\/\/trade.colart.com\/fr\/wp-json\/wp\/v2\/product_cat?post=25357"},{"taxonomy":"product_tag","embeddable":true,"href":"https:\/\/trade.colart.com\/fr\/wp-json\/wp\/v2\/product_tag?post=25357"}],"curies":[{"name":"wp","href":"https:\/\/api.w.org\/{rel}","templated":true}]}}