{"id":25361,"date":"2026-03-12T22:44:45","date_gmt":"2026-03-12T22:44:45","guid":{"rendered":"https:\/\/trade.colart.com\/fr\/product\/winsor-newton-studio-collection-coffret-de-crayons-aquarellables-50-pces\/"},"modified":"2026-04-16T10:34:41","modified_gmt":"2026-04-16T10:34:41","slug":"winsor-newton-studio-collection-coffret-de-crayons-aquarellables-50-pces","status":"publish","type":"product","link":"https:\/\/trade.colart.com\/fr\/product\/winsor-newton-studio-collection-coffret-de-crayons-aquarellables-50-pces\/","title":{"rendered":"Winsor &amp; Newton Studio Collection Coffret De Crayons Aquarellables 50 Pces"},"content":{"rendered":"<p>Explorez une gamme de 48 crayons de couleur aquarellables vifs, tous r\u00e9unis dans une bo\u00eete magnifiquement con\u00e7ue. Utilisez-les \u00e0 sec comme des crayons ordinaires pour un ombrage et un m\u00e9lange lisses et vifs, ou exp\u00e9rimentez avec un pinceau humide pour transformer la couleur du crayon en peinture \u2013 parfait pour cr\u00e9er de magnifiques \u0153uvres d&#8217;art expressives.<br \/>\nLe set inclut un taille-crayon et un bloc de papier.<\/p>\n","protected":false},"excerpt":{"rendered":"<p>Explorez une gamme de 48 crayons de couleur aquarellables vifs, tous r\u00e9unis dans une bo\u00eete magnifiquement con\u00e7ue. Utilisez-les \u00e0 sec comme des crayons ordinaires pour un ombrage et un m\u00e9lange lisses et vifs, ou exp\u00e9rimentez avec un pinceau humide pour transformer la couleur du crayon en peinture \u2013 parfait pour cr\u00e9er de magnifiques \u0153uvres d&#8217;art expressives.<br \/>\nLe set inclut un taille-crayon et un bloc de papier. <span class=\"more_dots\">&#8230;<\/span><\/p>\n<p><a class=\"btn btn-secondary understrap-read-more-link\" href=\"https:\/\/trade.colart.com\/fr\/product\/winsor-newton-studio-collection-coffret-de-crayons-aquarellables-50-pces\/\">Read More&#8230;<span class=\"screen-reader-text\"> from Winsor &amp; Newton Studio Collection Coffret De Crayons Aquarellables 50 Pces<\/span><\/a><\/p>\n","protected":false},"featured_media":25388,"comment_status":"closed","ping_status":"closed","template":"","meta":{"_acf_changed":false},"product_brand":[],"product_cat":[313],"product_tag":[],"class_list":{"0":"post-25361","1":"product","2":"type-product","3":"status-publish","4":"has-post-thumbnail","6":"product_cat-winsor-newton-arts-graphiques-crayons-studio-collection-crayons-de-couleur-aquarellables-studio-collection","8":"first","9":"instock","10":"shipping-taxable","11":"purchasable","12":"product-type-simple"},"acf":[],"_links":{"self":[{"href":"https:\/\/trade.colart.com\/fr\/wp-json\/wp\/v2\/product\/25361","targetHints":{"allow":["GET"]}}],"collection":[{"href":"https:\/\/trade.colart.com\/fr\/wp-json\/wp\/v2\/product"}],"about":[{"href":"https:\/\/trade.colart.com\/fr\/wp-json\/wp\/v2\/types\/product"}],"replies":[{"embeddable":true,"href":"https:\/\/trade.colart.com\/fr\/wp-json\/wp\/v2\/comments?post=25361"}],"wp:featuredmedia":[{"embeddable":true,"href":"https:\/\/trade.colart.com\/fr\/wp-json\/wp\/v2\/media\/25388"}],"wp:attachment":[{"href":"https:\/\/trade.colart.com\/fr\/wp-json\/wp\/v2\/media?parent=25361"}],"wp:term":[{"taxonomy":"product_brand","embeddable":true,"href":"https:\/\/trade.colart.com\/fr\/wp-json\/wp\/v2\/product_brand?post=25361"},{"taxonomy":"product_cat","embeddable":true,"href":"https:\/\/trade.colart.com\/fr\/wp-json\/wp\/v2\/product_cat?post=25361"},{"taxonomy":"product_tag","embeddable":true,"href":"https:\/\/trade.colart.com\/fr\/wp-json\/wp\/v2\/product_tag?post=25361"}],"curies":[{"name":"wp","href":"https:\/\/api.w.org\/{rel}","templated":true}]}}