{"id":25363,"date":"2026-03-12T22:46:32","date_gmt":"2026-03-12T22:46:32","guid":{"rendered":"https:\/\/trade.colart.com\/fr\/product\/winsor-newton-studio-collection-trousse-de-crayons-de-couleur-27-pces\/"},"modified":"2026-03-12T22:46:34","modified_gmt":"2026-03-12T22:46:34","slug":"winsor-newton-studio-collection-trousse-de-crayons-de-couleur-27-pces","status":"publish","type":"product","link":"https:\/\/trade.colart.com\/fr\/product\/winsor-newton-studio-collection-trousse-de-crayons-de-couleur-27-pces\/","title":{"rendered":"Winsor &amp; Newton Studio Collection Trousse De Crayons De Couleur 27 Pces"},"content":{"rendered":"<p>D\u00e9couvrez une gamme de 24 crayons de couleur tendres et vifs dans une trousse, leur texture douce facilite le m\u00e9lange et leur mine de haute qualit\u00e9 assure une utilisation agr\u00e9able, que vous cr\u00e9iez des couleurs ou travailliez sur des ombrages d\u00e9licats. Chaque crayon se taille proprement en une pointe nette et pr\u00e9cise qui ne casse pas, m\u00eame sous pression. Le set inclut deux crayons graphite et une gomme en vinyle blanche.<\/p>\n","protected":false},"excerpt":{"rendered":"<p>D\u00e9couvrez une gamme de 24 crayons de couleur tendres et vifs dans une trousse, leur texture douce facilite le m\u00e9lange et leur mine de haute qualit\u00e9 assure une utilisation agr\u00e9able, que vous cr\u00e9iez des couleurs ou travailliez sur des ombrages d\u00e9licats. Chaque crayon se taille proprement en une pointe nette et pr\u00e9cise qui ne casse pas, m\u00eame sous pression. Le set inclut deux crayons graphite et une gomme en vinyle blanche. <span class=\"more_dots\">&#8230;<\/span><\/p>\n<p><a class=\"btn btn-secondary understrap-read-more-link\" href=\"https:\/\/trade.colart.com\/fr\/product\/winsor-newton-studio-collection-trousse-de-crayons-de-couleur-27-pces\/\">Read More&#8230;<span class=\"screen-reader-text\"> from Winsor &amp; Newton Studio Collection Trousse De Crayons De Couleur 27 Pces<\/span><\/a><\/p>\n","protected":false},"featured_media":25403,"comment_status":"closed","ping_status":"closed","template":"","meta":{"_acf_changed":false},"product_brand":[],"product_cat":[312],"product_tag":[],"class_list":{"0":"post-25363","1":"product","2":"type-product","3":"status-publish","4":"has-post-thumbnail","6":"product_cat-winsor-newton-arts-graphiques-crayons-studio-collection-crayons-de-couleur-studio-collection","8":"first","9":"outofstock","10":"shipping-taxable","11":"purchasable","12":"product-type-simple"},"acf":[],"_links":{"self":[{"href":"https:\/\/trade.colart.com\/fr\/wp-json\/wp\/v2\/product\/25363","targetHints":{"allow":["GET"]}}],"collection":[{"href":"https:\/\/trade.colart.com\/fr\/wp-json\/wp\/v2\/product"}],"about":[{"href":"https:\/\/trade.colart.com\/fr\/wp-json\/wp\/v2\/types\/product"}],"replies":[{"embeddable":true,"href":"https:\/\/trade.colart.com\/fr\/wp-json\/wp\/v2\/comments?post=25363"}],"wp:featuredmedia":[{"embeddable":true,"href":"https:\/\/trade.colart.com\/fr\/wp-json\/wp\/v2\/media\/25403"}],"wp:attachment":[{"href":"https:\/\/trade.colart.com\/fr\/wp-json\/wp\/v2\/media?parent=25363"}],"wp:term":[{"taxonomy":"product_brand","embeddable":true,"href":"https:\/\/trade.colart.com\/fr\/wp-json\/wp\/v2\/product_brand?post=25363"},{"taxonomy":"product_cat","embeddable":true,"href":"https:\/\/trade.colart.com\/fr\/wp-json\/wp\/v2\/product_cat?post=25363"},{"taxonomy":"product_tag","embeddable":true,"href":"https:\/\/trade.colart.com\/fr\/wp-json\/wp\/v2\/product_tag?post=25363"}],"curies":[{"name":"wp","href":"https:\/\/api.w.org\/{rel}","templated":true}]}}