{"id":25371,"date":"2026-03-12T22:35:55","date_gmt":"2026-03-12T22:35:55","guid":{"rendered":"https:\/\/trade.colart.com\/fr\/product\/winsor-newton-aquarelle-professionnelle-bo%c3%aete-m%c3%a9tal-de-voyage-vide-pour-demi-godets\/"},"modified":"2026-04-17T10:25:31","modified_gmt":"2026-04-17T10:25:31","slug":"winsor-newton-aquarelle-professionnelle-bo%c3%aete-m%c3%a9tal-de-voyage-vide-pour-demi-godets","status":"publish","type":"product","link":"https:\/\/trade.colart.com\/fr\/product\/winsor-newton-aquarelle-professionnelle-bo%c3%aete-m%c3%a9tal-de-voyage-vide-pour-demi-godets\/","title":{"rendered":"Winsor &amp; Newton Aquarelle Professionnelle Bo\u00eete M\u00e9tal De Voyage Vide Pour Demi-Godets"},"content":{"rendered":"<p>Remplissez cette bo\u00eete avec votre palette de 24 demi-godets d&#8217;aquarelle professionnelle. Les aquarelles professionnelles sont riches en pigments pour une r\u00e9sistance \u00e0 la lumi\u00e8re et une tenue optimales.<\/p>\n","protected":false},"excerpt":{"rendered":"<p>Remplissez cette bo\u00eete avec votre palette de 24 demi-godets d&#8217;aquarelle professionnelle. Les aquarelles professionnelles sont riches en pigments pour une r\u00e9sistance \u00e0 la lumi\u00e8re et une tenue optimales. <span class=\"more_dots\">&#8230;<\/span><\/p>\n<p><a class=\"btn btn-secondary understrap-read-more-link\" href=\"https:\/\/trade.colart.com\/fr\/product\/winsor-newton-aquarelle-professionnelle-bo%c3%aete-m%c3%a9tal-de-voyage-vide-pour-demi-godets\/\">Read More&#8230;<span class=\"screen-reader-text\"> from Winsor &amp; Newton Aquarelle Professionnelle Bo\u00eete M\u00e9tal De Voyage Vide Pour Demi-Godets<\/span><\/a><\/p>\n","protected":false},"featured_media":25409,"comment_status":"closed","ping_status":"closed","template":"","meta":{"_acf_changed":false},"product_brand":[],"product_cat":[282,279],"product_tag":[],"class_list":{"0":"post-25371","1":"product","2":"type-product","3":"status-publish","4":"has-post-thumbnail","6":"product_cat-winsor-newton-coffrets-sets-aquarelle-extra-fine-professionnelle","7":"product_cat-winsor-newton-outils","9":"first","10":"instock","11":"shipping-taxable","12":"purchasable","13":"product-type-simple"},"acf":[],"_links":{"self":[{"href":"https:\/\/trade.colart.com\/fr\/wp-json\/wp\/v2\/product\/25371","targetHints":{"allow":["GET"]}}],"collection":[{"href":"https:\/\/trade.colart.com\/fr\/wp-json\/wp\/v2\/product"}],"about":[{"href":"https:\/\/trade.colart.com\/fr\/wp-json\/wp\/v2\/types\/product"}],"replies":[{"embeddable":true,"href":"https:\/\/trade.colart.com\/fr\/wp-json\/wp\/v2\/comments?post=25371"}],"wp:featuredmedia":[{"embeddable":true,"href":"https:\/\/trade.colart.com\/fr\/wp-json\/wp\/v2\/media\/25409"}],"wp:attachment":[{"href":"https:\/\/trade.colart.com\/fr\/wp-json\/wp\/v2\/media?parent=25371"}],"wp:term":[{"taxonomy":"product_brand","embeddable":true,"href":"https:\/\/trade.colart.com\/fr\/wp-json\/wp\/v2\/product_brand?post=25371"},{"taxonomy":"product_cat","embeddable":true,"href":"https:\/\/trade.colart.com\/fr\/wp-json\/wp\/v2\/product_cat?post=25371"},{"taxonomy":"product_tag","embeddable":true,"href":"https:\/\/trade.colart.com\/fr\/wp-json\/wp\/v2\/product_tag?post=25371"}],"curies":[{"name":"wp","href":"https:\/\/api.w.org\/{rel}","templated":true}]}}