{"id":254,"date":"2025-03-25T22:25:12","date_gmt":"2025-03-25T22:25:12","guid":{"rendered":"https:\/\/trade.colart.com\/fr\/product\/winsor-newton-promarker\/"},"modified":"2026-04-17T13:04:30","modified_gmt":"2026-04-17T13:04:30","slug":"winsor-newton-promarker","status":"publish","type":"product","link":"https:\/\/trade.colart.com\/fr\/product\/winsor-newton-promarker\/","title":{"rendered":"Promarker"},"content":{"rendered":"<p>Expert, polyvalent et offrant une gamme de couleurs in\u00e9gal\u00e9e, le Promarker de Winsor &amp; Newton est un incontournable \u00e0 votre collection de marqueurs de qualit\u00e9 professionnelle. 189 couleurs, des plus vives aux pastels les plus subtils. Encre facile \u00e0 m\u00e9langer, translucide et  mall\u00e9able, \u00e0 base d&#8217;alcool . Double  pointe, avec une pointe biseaut\u00e9e large et une pointe ogive fine. Pointes de haute qualit\u00e9 pour une couvrance uniforme et sans traces.<\/p>\n","protected":false},"excerpt":{"rendered":"<p>Expert, polyvalent et offrant une gamme de couleurs in\u00e9gal\u00e9e, le Promarker de Winsor &amp; Newton est un incontournable \u00e0 votre collection de marqueurs de qualit\u00e9 professionnelle. 189 couleurs, des plus vives aux pastels les plus subtils. Encre facile \u00e0 m\u00e9langer, translucide et mall\u00e9able, \u00e0 base d&#8217;alcool . Double pointe, avec une pointe biseaut\u00e9e large et <span class=\"more_dots\">&#8230;<\/span><\/p>\n<p><a class=\"btn btn-secondary understrap-read-more-link\" href=\"https:\/\/trade.colart.com\/fr\/product\/winsor-newton-promarker\/\">Read More&#8230;<span class=\"screen-reader-text\"> from Promarker<\/span><\/a><\/p>\n","protected":false},"featured_media":2627,"comment_status":"closed","ping_status":"closed","template":"","meta":{"_acf_changed":false},"product_brand":[],"product_cat":[152],"product_tag":[175],"class_list":{"0":"post-254","1":"product","2":"type-product","3":"status-publish","4":"has-post-thumbnail","6":"product_cat-winsor-newton-arts-graphiques-graphic-markers-marqueurs-graphiques-promarker","7":"product_tag-promarker","9":"first","10":"instock","11":"shipping-taxable","12":"purchasable","13":"product-type-variable"},"acf":[],"_links":{"self":[{"href":"https:\/\/trade.colart.com\/fr\/wp-json\/wp\/v2\/product\/254","targetHints":{"allow":["GET"]}}],"collection":[{"href":"https:\/\/trade.colart.com\/fr\/wp-json\/wp\/v2\/product"}],"about":[{"href":"https:\/\/trade.colart.com\/fr\/wp-json\/wp\/v2\/types\/product"}],"replies":[{"embeddable":true,"href":"https:\/\/trade.colart.com\/fr\/wp-json\/wp\/v2\/comments?post=254"}],"wp:featuredmedia":[{"embeddable":true,"href":"https:\/\/trade.colart.com\/fr\/wp-json\/wp\/v2\/media\/2627"}],"wp:attachment":[{"href":"https:\/\/trade.colart.com\/fr\/wp-json\/wp\/v2\/media?parent=254"}],"wp:term":[{"taxonomy":"product_brand","embeddable":true,"href":"https:\/\/trade.colart.com\/fr\/wp-json\/wp\/v2\/product_brand?post=254"},{"taxonomy":"product_cat","embeddable":true,"href":"https:\/\/trade.colart.com\/fr\/wp-json\/wp\/v2\/product_cat?post=254"},{"taxonomy":"product_tag","embeddable":true,"href":"https:\/\/trade.colart.com\/fr\/wp-json\/wp\/v2\/product_tag?post=254"}],"curies":[{"name":"wp","href":"https:\/\/api.w.org\/{rel}","templated":true}]}}