{"id":25429,"date":"2026-03-12T23:09:30","date_gmt":"2026-03-12T23:09:30","guid":{"rendered":"https:\/\/trade.colart.com\/fr\/product\/winsor-newton-technique-mixte-noir\/"},"modified":"2026-04-09T16:14:31","modified_gmt":"2026-04-09T16:14:31","slug":"winsor-newton-papier-noir-bloc-200g-23x31-25-feuilles","status":"publish","type":"product","link":"https:\/\/trade.colart.com\/fr\/product\/winsor-newton-papier-noir-bloc-200g-23x31-25-feuilles\/","title":{"rendered":"Winsor &amp; Newton Papier Noir Bloc 200G 23X31 25 Feuilles"},"content":{"rendered":"<p>Le papier noir mixed media Winsor &amp; Newton est polyvalent et multifonctionnel, adapt\u00e9 \u00e0 une multitude de designs et d&#8217;illustrations, d&#8217;artisanat et d&#8217;arts d\u00e9coratifs. Id\u00e9al pour l&#8217;utilisation avec des couleurs blanches, opaques et m\u00e9talliques, que ce soit \u00e0 l&#8217;encre, au marqueur ou pour d&#8217;autres techniques humides et s\u00e8ches, afin de cr\u00e9er des effets contrast\u00e9s et vibrants. Disponibles en blocs de papier de 200 g\/m\u00b2 contenant 25 feuilles.<\/p>\n","protected":false},"excerpt":{"rendered":"<p>Le papier noir mixed media Winsor &amp; Newton est polyvalent et multifonctionnel, adapt\u00e9 \u00e0 une multitude de designs et d&#8217;illustrations, d&#8217;artisanat et d&#8217;arts d\u00e9coratifs. Id\u00e9al pour l&#8217;utilisation avec des couleurs blanches, opaques et m\u00e9talliques, que ce soit \u00e0 l&#8217;encre, au marqueur ou pour d&#8217;autres techniques humides et s\u00e8ches, afin de cr\u00e9er des effets contrast\u00e9s et vibrants. Disponibles en blocs de papier de 200 g\/m\u00b2 contenant 25 feuilles. <span class=\"more_dots\">&#8230;<\/span><\/p>\n<p><a class=\"btn btn-secondary understrap-read-more-link\" href=\"https:\/\/trade.colart.com\/fr\/product\/winsor-newton-papier-noir-bloc-200g-23x31-25-feuilles\/\">Read More&#8230;<span class=\"screen-reader-text\"> from Winsor &amp; Newton Papier Noir Bloc 200G 23X31 25 Feuilles<\/span><\/a><\/p>\n","protected":false},"featured_media":25455,"comment_status":"closed","ping_status":"closed","template":"","meta":{"_acf_changed":false},"product_brand":[],"product_cat":[135],"product_tag":[],"class_list":{"0":"post-25429","1":"product","2":"type-product","3":"status-publish","4":"has-post-thumbnail","6":"product_cat-winsor-newton-papier-papier-pour-techniques-mixtes","8":"first","9":"instock","10":"shipping-taxable","11":"purchasable","12":"product-type-simple"},"acf":[],"_links":{"self":[{"href":"https:\/\/trade.colart.com\/fr\/wp-json\/wp\/v2\/product\/25429","targetHints":{"allow":["GET"]}}],"collection":[{"href":"https:\/\/trade.colart.com\/fr\/wp-json\/wp\/v2\/product"}],"about":[{"href":"https:\/\/trade.colart.com\/fr\/wp-json\/wp\/v2\/types\/product"}],"replies":[{"embeddable":true,"href":"https:\/\/trade.colart.com\/fr\/wp-json\/wp\/v2\/comments?post=25429"}],"wp:featuredmedia":[{"embeddable":true,"href":"https:\/\/trade.colart.com\/fr\/wp-json\/wp\/v2\/media\/25455"}],"wp:attachment":[{"href":"https:\/\/trade.colart.com\/fr\/wp-json\/wp\/v2\/media?parent=25429"}],"wp:term":[{"taxonomy":"product_brand","embeddable":true,"href":"https:\/\/trade.colart.com\/fr\/wp-json\/wp\/v2\/product_brand?post=25429"},{"taxonomy":"product_cat","embeddable":true,"href":"https:\/\/trade.colart.com\/fr\/wp-json\/wp\/v2\/product_cat?post=25429"},{"taxonomy":"product_tag","embeddable":true,"href":"https:\/\/trade.colart.com\/fr\/wp-json\/wp\/v2\/product_tag?post=25429"}],"curies":[{"name":"wp","href":"https:\/\/api.w.org\/{rel}","templated":true}]}}