{"id":25432,"date":"2026-01-17T11:18:09","date_gmt":"2026-01-17T11:18:09","guid":{"rendered":"https:\/\/trade.colart.com\/fr\/product\/winsor-newton-calque\/"},"modified":"2026-04-15T13:14:21","modified_gmt":"2026-04-15T13:14:21","slug":"winsor-newton-papier-calque-bloc-70g-a4-40-feuilles","status":"publish","type":"product","link":"https:\/\/trade.colart.com\/fr\/product\/winsor-newton-papier-calque-bloc-70g-a4-40-feuilles\/","title":{"rendered":"Winsor &amp; Newton Papier Calque Bloc 70G A4 40 Feuilles"},"content":{"rendered":"<p>Papier l\u00e9ger et transparent pour la copie et le transfert d&#8217;images, les croquis pr\u00e9liminaires et les superpositions. Papier de 70 g\/m2, sp\u00e9cialement con\u00e7u pour \u00eatre utilis\u00e9 avec des crayons, des liners, des marqueurs et de l&#8217;encre.<\/p>\n","protected":false},"excerpt":{"rendered":"<p>Papier l\u00e9ger et transparent pour la copie et le transfert d&#8217;images, les croquis pr\u00e9liminaires et les superpositions. Papier de 70 g\/m2, sp\u00e9cialement con\u00e7u pour \u00eatre utilis\u00e9 avec des crayons, des liners, des marqueurs et de l&#8217;encre. <span class=\"more_dots\">&#8230;<\/span><\/p>\n<p><a class=\"btn btn-secondary understrap-read-more-link\" href=\"https:\/\/trade.colart.com\/fr\/product\/winsor-newton-papier-calque-bloc-70g-a4-40-feuilles\/\">Read More&#8230;<span class=\"screen-reader-text\"> from Winsor &amp; Newton Papier Calque Bloc 70G A4 40 Feuilles<\/span><\/a><\/p>\n","protected":false},"featured_media":25463,"comment_status":"closed","ping_status":"closed","template":"","meta":{"_acf_changed":false},"product_brand":[],"product_cat":[4441],"product_tag":[],"class_list":{"0":"post-25432","1":"product","2":"type-product","3":"status-publish","4":"has-post-thumbnail","6":"product_cat-winsor-newton-papier-papier-calque","8":"first","9":"instock","10":"shipping-taxable","11":"purchasable","12":"product-type-simple"},"acf":[],"_links":{"self":[{"href":"https:\/\/trade.colart.com\/fr\/wp-json\/wp\/v2\/product\/25432","targetHints":{"allow":["GET"]}}],"collection":[{"href":"https:\/\/trade.colart.com\/fr\/wp-json\/wp\/v2\/product"}],"about":[{"href":"https:\/\/trade.colart.com\/fr\/wp-json\/wp\/v2\/types\/product"}],"replies":[{"embeddable":true,"href":"https:\/\/trade.colart.com\/fr\/wp-json\/wp\/v2\/comments?post=25432"}],"wp:featuredmedia":[{"embeddable":true,"href":"https:\/\/trade.colart.com\/fr\/wp-json\/wp\/v2\/media\/25463"}],"wp:attachment":[{"href":"https:\/\/trade.colart.com\/fr\/wp-json\/wp\/v2\/media?parent=25432"}],"wp:term":[{"taxonomy":"product_brand","embeddable":true,"href":"https:\/\/trade.colart.com\/fr\/wp-json\/wp\/v2\/product_brand?post=25432"},{"taxonomy":"product_cat","embeddable":true,"href":"https:\/\/trade.colart.com\/fr\/wp-json\/wp\/v2\/product_cat?post=25432"},{"taxonomy":"product_tag","embeddable":true,"href":"https:\/\/trade.colart.com\/fr\/wp-json\/wp\/v2\/product_tag?post=25432"}],"curies":[{"name":"wp","href":"https:\/\/api.w.org\/{rel}","templated":true}]}}