{"id":25478,"date":"2026-03-12T22:44:51","date_gmt":"2026-03-12T22:44:51","guid":{"rendered":"https:\/\/trade.colart.com\/fr\/product\/winsor-newton-studio-collection-trousse-de-crayons-aquarellables-26-pces\/"},"modified":"2026-04-13T08:37:48","modified_gmt":"2026-04-13T08:37:48","slug":"winsor-newton-studio-collection-trousse-de-crayons-aquarellables-26-pces","status":"publish","type":"product","link":"https:\/\/trade.colart.com\/fr\/product\/winsor-newton-studio-collection-trousse-de-crayons-aquarellables-26-pces\/","title":{"rendered":"Winsor &amp; Newton Studio Collection Trousse De Crayons Aquarellables 26 Pces"},"content":{"rendered":"<p>D\u00e9couvrez une gamme de 24 crayons aquarellables vifs, tous dans une trousse id\u00e9ale pour r\u00e9aliser des \u0153uvres d&#8217;art en d\u00e9placement. Utilisez-les \u00e0 sec comme des crayons ordinaires pour un ombrage et un m\u00e9lange lisses et vifs, ou exp\u00e9rimentez avec un pinceau humide pour transformer la couleur du crayon en peinture. Le set inclut un crayon graphite et un pinceau aquarelle.<\/p>\n","protected":false},"excerpt":{"rendered":"<p>D\u00e9couvrez une gamme de 24 crayons aquarellables vifs, tous dans une trousse id\u00e9ale pour r\u00e9aliser des \u0153uvres d&#8217;art en d\u00e9placement. Utilisez-les \u00e0 sec comme des crayons ordinaires pour un ombrage et un m\u00e9lange lisses et vifs, ou exp\u00e9rimentez avec un pinceau humide pour transformer la couleur du crayon en peinture. Le set inclut un crayon graphite et un pinceau aquarelle. <span class=\"more_dots\">&#8230;<\/span><\/p>\n<p><a class=\"btn btn-secondary understrap-read-more-link\" href=\"https:\/\/trade.colart.com\/fr\/product\/winsor-newton-studio-collection-trousse-de-crayons-aquarellables-26-pces\/\">Read More&#8230;<span class=\"screen-reader-text\"> from Winsor &amp; Newton Studio Collection Trousse De Crayons Aquarellables 26 Pces<\/span><\/a><\/p>\n","protected":false},"featured_media":25479,"comment_status":"closed","ping_status":"closed","template":"","meta":{"_acf_changed":false},"product_brand":[],"product_cat":[313],"product_tag":[],"class_list":{"0":"post-25478","1":"product","2":"type-product","3":"status-publish","4":"has-post-thumbnail","6":"product_cat-winsor-newton-arts-graphiques-crayons-studio-collection-crayons-de-couleur-aquarellables-studio-collection","8":"first","9":"instock","10":"shipping-taxable","11":"purchasable","12":"product-type-simple"},"acf":[],"_links":{"self":[{"href":"https:\/\/trade.colart.com\/fr\/wp-json\/wp\/v2\/product\/25478","targetHints":{"allow":["GET"]}}],"collection":[{"href":"https:\/\/trade.colart.com\/fr\/wp-json\/wp\/v2\/product"}],"about":[{"href":"https:\/\/trade.colart.com\/fr\/wp-json\/wp\/v2\/types\/product"}],"replies":[{"embeddable":true,"href":"https:\/\/trade.colart.com\/fr\/wp-json\/wp\/v2\/comments?post=25478"}],"wp:featuredmedia":[{"embeddable":true,"href":"https:\/\/trade.colart.com\/fr\/wp-json\/wp\/v2\/media\/25479"}],"wp:attachment":[{"href":"https:\/\/trade.colart.com\/fr\/wp-json\/wp\/v2\/media?parent=25478"}],"wp:term":[{"taxonomy":"product_brand","embeddable":true,"href":"https:\/\/trade.colart.com\/fr\/wp-json\/wp\/v2\/product_brand?post=25478"},{"taxonomy":"product_cat","embeddable":true,"href":"https:\/\/trade.colart.com\/fr\/wp-json\/wp\/v2\/product_cat?post=25478"},{"taxonomy":"product_tag","embeddable":true,"href":"https:\/\/trade.colart.com\/fr\/wp-json\/wp\/v2\/product_tag?post=25478"}],"curies":[{"name":"wp","href":"https:\/\/api.w.org\/{rel}","templated":true}]}}