{"id":25594,"date":"2026-03-13T00:29:01","date_gmt":"2026-03-13T00:29:01","guid":{"rendered":"https:\/\/trade.colart.com\/fr\/product\/liquitex-basics-acrylique-set-4x75ml-1x118ml-2\/"},"modified":"2026-04-17T08:05:20","modified_gmt":"2026-04-17T08:05:20","slug":"liquitex-basics-acrylique-set-4x75ml-1x118ml","status":"publish","type":"product","link":"https:\/\/trade.colart.com\/fr\/product\/liquitex-basics-acrylique-set-4x75ml-1x118ml\/","title":{"rendered":"Liquitex Basics Acrylique Set 4x75ml + 1x118ml"},"content":{"rendered":"<p>Basics est notre gamme de qualit\u00e9 fine, con\u00e7ue pour une utilisation quotidienne par tous les artistes. De consistance moyenne, elle est fabriqu\u00e9e avec des pigments beaux-arts r\u00e9sistants \u00e0 la lumi\u00e8re. Construisez votre palette avec trois couleurs primaires (pour les m\u00e9langes les plus purs et les plus \u00e9clatants), plus le noir et le blanc pour une infinit\u00e9 de teintes et de nuances.<\/p>\n","protected":false},"excerpt":{"rendered":"<p>Basics est notre gamme de qualit\u00e9 fine, con\u00e7ue pour une utilisation quotidienne par tous les artistes. De consistance moyenne, elle est fabriqu\u00e9e avec des pigments beaux-arts r\u00e9sistants \u00e0 la lumi\u00e8re. Construisez votre palette avec trois couleurs primaires (pour les m\u00e9langes les plus purs et les plus \u00e9clatants), plus le noir et le blanc pour une infinit\u00e9 de teintes et de nuances. <span class=\"more_dots\">&#8230;<\/span><\/p>\n<p><a class=\"btn btn-secondary understrap-read-more-link\" href=\"https:\/\/trade.colart.com\/fr\/product\/liquitex-basics-acrylique-set-4x75ml-1x118ml\/\">Read More&#8230;<span class=\"screen-reader-text\"> from Liquitex Basics Acrylique Set 4x75ml + 1x118ml<\/span><\/a><\/p>\n","protected":false},"featured_media":20928,"comment_status":"closed","ping_status":"closed","template":"","meta":{"_acf_changed":false},"product_brand":[],"product_cat":[1090],"product_tag":[],"class_list":{"0":"post-25594","1":"product","2":"type-product","3":"status-publish","4":"has-post-thumbnail","6":"product_cat-liquitex-produit-gamme-acrylique-basics-sets-basics-sets-couleurs-basics","8":"first","9":"instock","10":"shipping-taxable","11":"purchasable","12":"product-type-simple"},"acf":[],"_links":{"self":[{"href":"https:\/\/trade.colart.com\/fr\/wp-json\/wp\/v2\/product\/25594","targetHints":{"allow":["GET"]}}],"collection":[{"href":"https:\/\/trade.colart.com\/fr\/wp-json\/wp\/v2\/product"}],"about":[{"href":"https:\/\/trade.colart.com\/fr\/wp-json\/wp\/v2\/types\/product"}],"replies":[{"embeddable":true,"href":"https:\/\/trade.colart.com\/fr\/wp-json\/wp\/v2\/comments?post=25594"}],"wp:featuredmedia":[{"embeddable":true,"href":"https:\/\/trade.colart.com\/fr\/wp-json\/wp\/v2\/media\/20928"}],"wp:attachment":[{"href":"https:\/\/trade.colart.com\/fr\/wp-json\/wp\/v2\/media?parent=25594"}],"wp:term":[{"taxonomy":"product_brand","embeddable":true,"href":"https:\/\/trade.colart.com\/fr\/wp-json\/wp\/v2\/product_brand?post=25594"},{"taxonomy":"product_cat","embeddable":true,"href":"https:\/\/trade.colart.com\/fr\/wp-json\/wp\/v2\/product_cat?post=25594"},{"taxonomy":"product_tag","embeddable":true,"href":"https:\/\/trade.colart.com\/fr\/wp-json\/wp\/v2\/product_tag?post=25594"}],"curies":[{"name":"wp","href":"https:\/\/api.w.org\/{rel}","templated":true}]}}