{"id":25596,"date":"2026-03-13T00:28:14","date_gmt":"2026-03-13T00:28:14","guid":{"rendered":"https:\/\/trade.colart.com\/fr\/product\/liquitex-basics-acrylique-set-6x22ml-metallic-iridescent-2\/"},"modified":"2026-04-17T09:56:44","modified_gmt":"2026-04-17T09:56:44","slug":"liquitex-basics-acrylique-set-6x22ml-metallic-iridescent","status":"publish","type":"product","link":"https:\/\/trade.colart.com\/fr\/product\/liquitex-basics-acrylique-set-6x22ml-metallic-iridescent\/","title":{"rendered":"Liquitex Basics Acrylique Set 6x22ml Metallic &amp; Iridescent"},"content":{"rendered":"<p>Couleurs acryliques lumineuses, de consistance moyenne, fabriqu\u00e9es avec des pigments beaux-arts. Basics est notre ligne de qualit\u00e9 sup\u00e9rieure, destin\u00e9e aux \u00e9tudiants et con\u00e7ue pour un usage quotidien par tous les types d&#8217;artistes. Exp\u00e9rimentez ces six couleurs m\u00e9talliques et iridescentes, allant de l&#8217;Or au Graphite Iridescent.<\/p>\n","protected":false},"excerpt":{"rendered":"<p>Couleurs acryliques lumineuses, de consistance moyenne, fabriqu\u00e9es avec des pigments beaux-arts. Basics est notre ligne de qualit\u00e9 sup\u00e9rieure, destin\u00e9e aux \u00e9tudiants et con\u00e7ue pour un usage quotidien par tous les types d&#8217;artistes. Exp\u00e9rimentez ces six couleurs m\u00e9talliques et iridescentes, allant de l&#8217;Or au Graphite Iridescent. <span class=\"more_dots\">&#8230;<\/span><\/p>\n<p><a class=\"btn btn-secondary understrap-read-more-link\" href=\"https:\/\/trade.colart.com\/fr\/product\/liquitex-basics-acrylique-set-6x22ml-metallic-iridescent\/\">Read More&#8230;<span class=\"screen-reader-text\"> from Liquitex Basics Acrylique Set 6x22ml Metallic &amp; Iridescent<\/span><\/a><\/p>\n","protected":false},"featured_media":20836,"comment_status":"closed","ping_status":"closed","template":"","meta":{"_acf_changed":false},"product_brand":[],"product_cat":[1090],"product_tag":[],"class_list":{"0":"post-25596","1":"product","2":"type-product","3":"status-publish","4":"has-post-thumbnail","6":"product_cat-liquitex-produit-gamme-acrylique-basics-sets-basics-sets-couleurs-basics","8":"first","9":"instock","10":"shipping-taxable","11":"purchasable","12":"product-type-simple"},"acf":[],"_links":{"self":[{"href":"https:\/\/trade.colart.com\/fr\/wp-json\/wp\/v2\/product\/25596","targetHints":{"allow":["GET"]}}],"collection":[{"href":"https:\/\/trade.colart.com\/fr\/wp-json\/wp\/v2\/product"}],"about":[{"href":"https:\/\/trade.colart.com\/fr\/wp-json\/wp\/v2\/types\/product"}],"replies":[{"embeddable":true,"href":"https:\/\/trade.colart.com\/fr\/wp-json\/wp\/v2\/comments?post=25596"}],"wp:featuredmedia":[{"embeddable":true,"href":"https:\/\/trade.colart.com\/fr\/wp-json\/wp\/v2\/media\/20836"}],"wp:attachment":[{"href":"https:\/\/trade.colart.com\/fr\/wp-json\/wp\/v2\/media?parent=25596"}],"wp:term":[{"taxonomy":"product_brand","embeddable":true,"href":"https:\/\/trade.colart.com\/fr\/wp-json\/wp\/v2\/product_brand?post=25596"},{"taxonomy":"product_cat","embeddable":true,"href":"https:\/\/trade.colart.com\/fr\/wp-json\/wp\/v2\/product_cat?post=25596"},{"taxonomy":"product_tag","embeddable":true,"href":"https:\/\/trade.colart.com\/fr\/wp-json\/wp\/v2\/product_tag?post=25596"}],"curies":[{"name":"wp","href":"https:\/\/api.w.org\/{rel}","templated":true}]}}