{"id":25597,"date":"2026-03-13T00:28:34","date_gmt":"2026-03-13T00:28:34","guid":{"rendered":"https:\/\/trade.colart.com\/fr\/product\/liquitex-basics-acrylique-set-6x22ml-fluorescent-2\/"},"modified":"2026-04-17T08:09:25","modified_gmt":"2026-04-17T08:09:25","slug":"liquitex-basics-acrylique-set-6x22ml-fluorescent","status":"publish","type":"product","link":"https:\/\/trade.colart.com\/fr\/product\/liquitex-basics-acrylique-set-6x22ml-fluorescent\/","title":{"rendered":"Liquitex Basics Acrylique Set 6x22ml Fluorescent"},"content":{"rendered":"<p>Couleurs acryliques lumineuses, de consistance moyenne, fabriqu\u00e9es avec des pigments beaux-arts. Basics est notre gamme de qualit\u00e9 fine, con\u00e7ue pour une utilisation quotidienne par tous les artistes. Exp\u00e9rimentez avec ces six couleurs fluorescentes saisissantes, du Rouge Fluorescent au Vert Fluorescent.<\/p>\n","protected":false},"excerpt":{"rendered":"<p>Couleurs acryliques lumineuses, de consistance moyenne, fabriqu\u00e9es avec des pigments beaux-arts. Basics est notre gamme de qualit\u00e9 fine, con\u00e7ue pour une utilisation quotidienne par tous les artistes. Exp\u00e9rimentez avec ces six couleurs fluorescentes saisissantes, du Rouge Fluorescent au Vert Fluorescent. <span class=\"more_dots\">&#8230;<\/span><\/p>\n<p><a class=\"btn btn-secondary understrap-read-more-link\" href=\"https:\/\/trade.colart.com\/fr\/product\/liquitex-basics-acrylique-set-6x22ml-fluorescent\/\">Read More&#8230;<span class=\"screen-reader-text\"> from Liquitex Basics Acrylique Set 6x22ml Fluorescent<\/span><\/a><\/p>\n","protected":false},"featured_media":20843,"comment_status":"closed","ping_status":"closed","template":"","meta":{"_acf_changed":false},"product_brand":[],"product_cat":[1090],"product_tag":[],"class_list":{"0":"post-25597","1":"product","2":"type-product","3":"status-publish","4":"has-post-thumbnail","6":"product_cat-liquitex-produit-gamme-acrylique-basics-sets-basics-sets-couleurs-basics","8":"first","9":"instock","10":"shipping-taxable","11":"purchasable","12":"product-type-simple"},"acf":[],"_links":{"self":[{"href":"https:\/\/trade.colart.com\/fr\/wp-json\/wp\/v2\/product\/25597","targetHints":{"allow":["GET"]}}],"collection":[{"href":"https:\/\/trade.colart.com\/fr\/wp-json\/wp\/v2\/product"}],"about":[{"href":"https:\/\/trade.colart.com\/fr\/wp-json\/wp\/v2\/types\/product"}],"replies":[{"embeddable":true,"href":"https:\/\/trade.colart.com\/fr\/wp-json\/wp\/v2\/comments?post=25597"}],"wp:featuredmedia":[{"embeddable":true,"href":"https:\/\/trade.colart.com\/fr\/wp-json\/wp\/v2\/media\/20843"}],"wp:attachment":[{"href":"https:\/\/trade.colart.com\/fr\/wp-json\/wp\/v2\/media?parent=25597"}],"wp:term":[{"taxonomy":"product_brand","embeddable":true,"href":"https:\/\/trade.colart.com\/fr\/wp-json\/wp\/v2\/product_brand?post=25597"},{"taxonomy":"product_cat","embeddable":true,"href":"https:\/\/trade.colart.com\/fr\/wp-json\/wp\/v2\/product_cat?post=25597"},{"taxonomy":"product_tag","embeddable":true,"href":"https:\/\/trade.colart.com\/fr\/wp-json\/wp\/v2\/product_tag?post=25597"}],"curies":[{"name":"wp","href":"https:\/\/api.w.org\/{rel}","templated":true}]}}