{"id":2602,"date":"2025-03-18T23:11:26","date_gmt":"2025-03-18T23:11:26","guid":{"rendered":"https:\/\/trade.colart.com\/fr\/product\/winsor-newton-solvants\/"},"modified":"2026-04-17T12:52:13","modified_gmt":"2026-04-17T12:52:13","slug":"winsor-newton-solvants","status":"publish","type":"product","link":"https:\/\/trade.colart.com\/fr\/product\/winsor-newton-solvants\/","title":{"rendered":"Solvants"},"content":{"rendered":"","protected":false},"excerpt":{"rendered":"<p>Sansodor\u2122 se comporte comme la t\u00e9r\u00e9benthine, mais sa faible odeur en fait le solvant le moins dangereux. Recommand\u00e9 par les grandes \u00e9coles d&#8217;art, il est souvent le seul solvant autoris\u00e9 dans leurs ateliers. Il est \u00e9galement id\u00e9al pour diluer la peinture, nettoyer les pinceaux et cr\u00e9er vos propres m\u00e9diums. Il s&#8217;\u00e9vapore lentement et augmente le temps de m\u00e9lange. <span class=\"more_dots\">&#8230;<\/span><\/p>\n<p><a class=\"btn btn-secondary understrap-read-more-link\" href=\"https:\/\/trade.colart.com\/fr\/product\/winsor-newton-solvants\/\">Read More&#8230;<span class=\"screen-reader-text\"> from Solvants<\/span><\/a><\/p>\n","protected":false},"featured_media":4002,"comment_status":"closed","ping_status":"closed","template":"","meta":{"_acf_changed":false},"product_brand":[],"product_cat":[200,416],"product_tag":[],"class_list":{"0":"post-2602","1":"product","2":"type-product","3":"status-publish","4":"has-post-thumbnail","6":"product_cat-winsor-newton-additifs-additifs-pour-huile","7":"product_cat-winsor-newton-additifs-nettoyants-fixatifs","9":"first","10":"instock","11":"shipping-taxable","12":"purchasable","13":"product-type-variable"},"acf":[],"_links":{"self":[{"href":"https:\/\/trade.colart.com\/fr\/wp-json\/wp\/v2\/product\/2602","targetHints":{"allow":["GET"]}}],"collection":[{"href":"https:\/\/trade.colart.com\/fr\/wp-json\/wp\/v2\/product"}],"about":[{"href":"https:\/\/trade.colart.com\/fr\/wp-json\/wp\/v2\/types\/product"}],"replies":[{"embeddable":true,"href":"https:\/\/trade.colart.com\/fr\/wp-json\/wp\/v2\/comments?post=2602"}],"wp:featuredmedia":[{"embeddable":true,"href":"https:\/\/trade.colart.com\/fr\/wp-json\/wp\/v2\/media\/4002"}],"wp:attachment":[{"href":"https:\/\/trade.colart.com\/fr\/wp-json\/wp\/v2\/media?parent=2602"}],"wp:term":[{"taxonomy":"product_brand","embeddable":true,"href":"https:\/\/trade.colart.com\/fr\/wp-json\/wp\/v2\/product_brand?post=2602"},{"taxonomy":"product_cat","embeddable":true,"href":"https:\/\/trade.colart.com\/fr\/wp-json\/wp\/v2\/product_cat?post=2602"},{"taxonomy":"product_tag","embeddable":true,"href":"https:\/\/trade.colart.com\/fr\/wp-json\/wp\/v2\/product_tag?post=2602"}],"curies":[{"name":"wp","href":"https:\/\/api.w.org\/{rel}","templated":true}]}}