{"id":341,"date":"2025-03-27T10:02:46","date_gmt":"2025-03-27T10:02:46","guid":{"rendered":"https:\/\/trade.colart.com\/fr\/product\/winsor-newton-couleurs-aquarelle-extra-fine-professionnelle\/"},"modified":"2026-04-17T13:12:15","modified_gmt":"2026-04-17T13:12:15","slug":"winsor-newton-couleurs-aquarelle-extra-fine-professionnelle","status":"publish","type":"product","link":"https:\/\/trade.colart.com\/fr\/product\/winsor-newton-couleurs-aquarelle-extra-fine-professionnelle\/","title":{"rendered":"Couleurs Aquarelle extra-fine Professionnelle"},"content":{"rendered":"<p>Notre aquarelle professionnelle est renomm\u00e9e pour son utilisation des pigments les plus purs garantissant la qualit\u00e9, la r\u00e9sistance et la permanence de la couleur. Avec une palette \u00e9quilibr\u00e9e de 115 couleurs, dont la majorit\u00e9 sont monopigmentaires, notre gamme offre des couleurs \u00e9clatantes et des performances in\u00e9gal\u00e9es.<\/p>\n","protected":false},"excerpt":{"rendered":"<p>Notre aquarelle professionnelle est renomm\u00e9e pour son utilisation des pigments les plus purs garantissant la qualit\u00e9, la r\u00e9sistance et la permanence de la couleur. Avec une palette \u00e9quilibr\u00e9e de 115 couleurs, dont la majorit\u00e9 sont monopigmentaires, notre gamme offre des couleurs \u00e9clatantes et des performances in\u00e9gal\u00e9es. <span class=\"more_dots\">&#8230;<\/span><\/p>\n<p><a class=\"btn btn-secondary understrap-read-more-link\" href=\"https:\/\/trade.colart.com\/fr\/product\/winsor-newton-couleurs-aquarelle-extra-fine-professionnelle\/\">Read More&#8230;<span class=\"screen-reader-text\"> from Couleurs Aquarelle extra-fine Professionnelle<\/span><\/a><\/p>\n","protected":false},"featured_media":2895,"comment_status":"closed","ping_status":"closed","template":"","meta":{"_acf_changed":false},"product_brand":[],"product_cat":[219],"product_tag":[175],"class_list":{"0":"post-341","1":"product","2":"type-product","3":"status-publish","4":"has-post-thumbnail","6":"product_cat-winsor-newton-couleurs-aquarelle-couleurs-aquarelle-extra-fine-professionnelle","7":"product_tag-promarker","9":"first","10":"instock","11":"shipping-taxable","12":"purchasable","13":"product-type-variable"},"acf":[],"_links":{"self":[{"href":"https:\/\/trade.colart.com\/fr\/wp-json\/wp\/v2\/product\/341","targetHints":{"allow":["GET"]}}],"collection":[{"href":"https:\/\/trade.colart.com\/fr\/wp-json\/wp\/v2\/product"}],"about":[{"href":"https:\/\/trade.colart.com\/fr\/wp-json\/wp\/v2\/types\/product"}],"replies":[{"embeddable":true,"href":"https:\/\/trade.colart.com\/fr\/wp-json\/wp\/v2\/comments?post=341"}],"wp:featuredmedia":[{"embeddable":true,"href":"https:\/\/trade.colart.com\/fr\/wp-json\/wp\/v2\/media\/2895"}],"wp:attachment":[{"href":"https:\/\/trade.colart.com\/fr\/wp-json\/wp\/v2\/media?parent=341"}],"wp:term":[{"taxonomy":"product_brand","embeddable":true,"href":"https:\/\/trade.colart.com\/fr\/wp-json\/wp\/v2\/product_brand?post=341"},{"taxonomy":"product_cat","embeddable":true,"href":"https:\/\/trade.colart.com\/fr\/wp-json\/wp\/v2\/product_cat?post=341"},{"taxonomy":"product_tag","embeddable":true,"href":"https:\/\/trade.colart.com\/fr\/wp-json\/wp\/v2\/product_tag?post=341"}],"curies":[{"name":"wp","href":"https:\/\/api.w.org\/{rel}","templated":true}]}}