{"id":367,"date":"2025-03-18T11:03:37","date_gmt":"2025-03-18T11:03:37","guid":{"rendered":"https:\/\/trade.colart.com\/fr\/product\/winsor-newton-fineliners\/"},"modified":"2026-04-17T12:58:55","modified_gmt":"2026-04-17T12:58:55","slug":"winsor-newton-fineliners","status":"publish","type":"product","link":"https:\/\/trade.colart.com\/fr\/product\/winsor-newton-fineliners\/","title":{"rendered":"Fineliners"},"content":{"rendered":"<p>Un fineliner qui s&#8217;adapte \u00e0 tous les styles de dessins, dot\u00e9 d&#8217;une pointe effil\u00e9e calibr\u00e9e et d&#8217;un corps long con\u00e7u pour une prise en main confortable et une parfaite ergonomie. Optimis\u00e9 pour le dessin et l&#8217;esquisse : encre pigment\u00e9e r\u00e9sistante \u00e0 l&#8217;eau et \u00e0 la d\u00e9coloration, d\u00e9bit d&#8217;encre r\u00e9gulier et fiable.<\/p>\n<p>Disponible en Noir en six tailles de pointes : 0.05, 0.1, 0.3, 0.5, 0.8 et 1.0 mm.<br \/>\nDisponible en Gris Foid et S\u00e9pia en 0.1, 0.3 et 0.5 mm.<\/p>\n","protected":false},"excerpt":{"rendered":"<p>Le feutre fineliner s\u00e9pia Winsor &amp; Newton est parfait pour le croquis traditionnel et pour ajouter des effets d&#8217;ombrage \u00e0 votre prochain projet. Il offre une pointe effil\u00e9e calibr\u00e9e et un corps plus long qui s&#8217;ajuste confortablement \u00e0 la main, permettant des ajustements flexibles de la prise en main. L&#8217;encre pigment\u00e9e est r\u00e9sistante \u00e0 l&#8217;eau et \u00e0 la d\u00e9coloration, offrant un flux d&#8217;encre constant et fiable.<\/p>\n<p>Taille de la pointe : 0.1 mm. <span class=\"more_dots\">&#8230;<\/span><\/p>\n<p><a class=\"btn btn-secondary understrap-read-more-link\" href=\"https:\/\/trade.colart.com\/fr\/product\/winsor-newton-fineliners\/\">Read More&#8230;<span class=\"screen-reader-text\"> from Fineliners<\/span><\/a><\/p>\n","protected":false},"featured_media":3033,"comment_status":"closed","ping_status":"closed","template":"","meta":{"_acf_changed":false},"product_brand":[],"product_cat":[232],"product_tag":[],"class_list":{"0":"post-367","1":"product","2":"type-product","3":"status-publish","4":"has-post-thumbnail","6":"product_cat-winsor-newton-arts-graphiques-fineliners","8":"first","9":"instock","10":"shipping-taxable","11":"purchasable","12":"product-type-variable"},"acf":[],"_links":{"self":[{"href":"https:\/\/trade.colart.com\/fr\/wp-json\/wp\/v2\/product\/367","targetHints":{"allow":["GET"]}}],"collection":[{"href":"https:\/\/trade.colart.com\/fr\/wp-json\/wp\/v2\/product"}],"about":[{"href":"https:\/\/trade.colart.com\/fr\/wp-json\/wp\/v2\/types\/product"}],"replies":[{"embeddable":true,"href":"https:\/\/trade.colart.com\/fr\/wp-json\/wp\/v2\/comments?post=367"}],"wp:featuredmedia":[{"embeddable":true,"href":"https:\/\/trade.colart.com\/fr\/wp-json\/wp\/v2\/media\/3033"}],"wp:attachment":[{"href":"https:\/\/trade.colart.com\/fr\/wp-json\/wp\/v2\/media?parent=367"}],"wp:term":[{"taxonomy":"product_brand","embeddable":true,"href":"https:\/\/trade.colart.com\/fr\/wp-json\/wp\/v2\/product_brand?post=367"},{"taxonomy":"product_cat","embeddable":true,"href":"https:\/\/trade.colart.com\/fr\/wp-json\/wp\/v2\/product_cat?post=367"},{"taxonomy":"product_tag","embeddable":true,"href":"https:\/\/trade.colart.com\/fr\/wp-json\/wp\/v2\/product_tag?post=367"}],"curies":[{"name":"wp","href":"https:\/\/api.w.org\/{rel}","templated":true}]}}