{"id":387,"date":"2025-03-19T11:49:09","date_gmt":"2025-03-19T11:49:09","guid":{"rendered":"https:\/\/trade.colart.com\/fr\/product\/winsor-newton-couleurs-gouache-extra-fine-designers\/"},"modified":"2026-04-17T12:51:00","modified_gmt":"2026-04-17T12:51:00","slug":"winsor-newton-couleurs-gouache-extra-fine-designers","status":"publish","type":"product","link":"https:\/\/trade.colart.com\/fr\/product\/winsor-newton-couleurs-gouache-extra-fine-designers\/","title":{"rendered":"Couleurs Gouache extra-fine Designers"},"content":{"rendered":"<p>Nous fabriquons notre gouache Designers depuis 1935 &#8211; une gamme captivante de 89 aquarelles opaques. Populaire parmi les designers, les illustrateurs et les artistes, notre gouache est parfaite pour cr\u00e9er des \u0153uvres d&#8217;art audacieuses et vives. Tous ces tons sont interm\u00e9langeables et vous pouvez les associer \u00e0 nos aquarelles pour obtenir un effet d&#8217;aplat de couleurs mattes.<\/p>\n","protected":false},"excerpt":{"rendered":"<p>Nous fabriquons notre gouache Designers depuis 1935 &#8211; une gamme captivante de 89 aquarelles opaques. Populaire parmi les designers, les illustrateurs et les artistes, notre gouache est parfaite pour cr\u00e9er des \u0153uvres d&#8217;art audacieuses et vives. Tous ces tons sont interm\u00e9langeables et vous pouvez les associer \u00e0 nos aquarelles pour obtenir un effet d&#8217;aplat de <span class=\"more_dots\">&#8230;<\/span><\/p>\n<p><a class=\"btn btn-secondary understrap-read-more-link\" href=\"https:\/\/trade.colart.com\/fr\/product\/winsor-newton-couleurs-gouache-extra-fine-designers\/\">Read More&#8230;<span class=\"screen-reader-text\"> from Couleurs Gouache extra-fine Designers<\/span><\/a><\/p>\n","protected":false},"featured_media":1398,"comment_status":"closed","ping_status":"closed","template":"","meta":{"_acf_changed":false},"product_brand":[],"product_cat":[321],"product_tag":[4976],"class_list":{"0":"post-387","1":"product","2":"type-product","3":"status-publish","4":"has-post-thumbnail","6":"product_cat-winsor-newton-couleurs-gouache-couleurs-gouache-extra-fine-designers","7":"product_tag-gouache","9":"first","10":"instock","11":"shipping-taxable","12":"purchasable","13":"product-type-variable"},"acf":[],"_links":{"self":[{"href":"https:\/\/trade.colart.com\/fr\/wp-json\/wp\/v2\/product\/387","targetHints":{"allow":["GET"]}}],"collection":[{"href":"https:\/\/trade.colart.com\/fr\/wp-json\/wp\/v2\/product"}],"about":[{"href":"https:\/\/trade.colart.com\/fr\/wp-json\/wp\/v2\/types\/product"}],"replies":[{"embeddable":true,"href":"https:\/\/trade.colart.com\/fr\/wp-json\/wp\/v2\/comments?post=387"}],"wp:featuredmedia":[{"embeddable":true,"href":"https:\/\/trade.colart.com\/fr\/wp-json\/wp\/v2\/media\/1398"}],"wp:attachment":[{"href":"https:\/\/trade.colart.com\/fr\/wp-json\/wp\/v2\/media?parent=387"}],"wp:term":[{"taxonomy":"product_brand","embeddable":true,"href":"https:\/\/trade.colart.com\/fr\/wp-json\/wp\/v2\/product_brand?post=387"},{"taxonomy":"product_cat","embeddable":true,"href":"https:\/\/trade.colart.com\/fr\/wp-json\/wp\/v2\/product_cat?post=387"},{"taxonomy":"product_tag","embeddable":true,"href":"https:\/\/trade.colart.com\/fr\/wp-json\/wp\/v2\/product_tag?post=387"}],"curies":[{"name":"wp","href":"https:\/\/api.w.org\/{rel}","templated":true}]}}