{"id":4075,"date":"2025-02-26T05:08:03","date_gmt":"2025-02-26T05:08:03","guid":{"rendered":"https:\/\/trade.colart.com\/fr\/product\/winsor-newton-papier-pour-marqueurs\/"},"modified":"2026-04-10T10:24:11","modified_gmt":"2026-04-10T10:24:11","slug":"winsor-newton-papier-pour-marqueurs","status":"publish","type":"product","link":"https:\/\/trade.colart.com\/fr\/product\/winsor-newton-papier-pour-marqueurs\/","title":{"rendered":"Papier pour Marqueurs"},"content":{"rendered":"<p>.<\/p>\n","protected":false},"excerpt":{"rendered":"<p>Le bloc de papier bleedproof se compose de 50 feuilles de papier sp\u00e9cialement trait\u00e9 d&#8217;un grammage de 75 g\/m\u00b2. L&#8217;encre ne traverse pas et ne fuse pas, garantissant ainsi que toutes les lignes soient nettes et pr\u00e9cises. Que vous utilisiez le Promarker Brush ou le Promarker, les couleurs apparaissent riches et vives et, lorsqu&#8217;elles sont utilis\u00e9es avec le Blender (m\u00e9kangeur), des variations tonales illimit\u00e9es peuvent \u00eatre explor\u00e9es. <span class=\"more_dots\">&#8230;<\/span><\/p>\n<p><a class=\"btn btn-secondary understrap-read-more-link\" href=\"https:\/\/trade.colart.com\/fr\/product\/winsor-newton-papier-pour-marqueurs\/\">Read More&#8230;<span class=\"screen-reader-text\"> from Papier pour Marqueurs<\/span><\/a><\/p>\n","protected":false},"featured_media":16054,"comment_status":"closed","ping_status":"closed","template":"","meta":{"_acf_changed":false},"product_brand":[],"product_cat":[639],"product_tag":[],"class_list":{"0":"post-4075","1":"product","2":"type-product","3":"status-publish","4":"has-post-thumbnail","6":"product_cat-winsor-newton-papier-papier-pour-marquers","8":"first","9":"instock","10":"shipping-taxable","11":"purchasable","12":"product-type-variable"},"acf":[],"_links":{"self":[{"href":"https:\/\/trade.colart.com\/fr\/wp-json\/wp\/v2\/product\/4075","targetHints":{"allow":["GET"]}}],"collection":[{"href":"https:\/\/trade.colart.com\/fr\/wp-json\/wp\/v2\/product"}],"about":[{"href":"https:\/\/trade.colart.com\/fr\/wp-json\/wp\/v2\/types\/product"}],"replies":[{"embeddable":true,"href":"https:\/\/trade.colart.com\/fr\/wp-json\/wp\/v2\/comments?post=4075"}],"wp:featuredmedia":[{"embeddable":true,"href":"https:\/\/trade.colart.com\/fr\/wp-json\/wp\/v2\/media\/16054"}],"wp:attachment":[{"href":"https:\/\/trade.colart.com\/fr\/wp-json\/wp\/v2\/media?parent=4075"}],"wp:term":[{"taxonomy":"product_brand","embeddable":true,"href":"https:\/\/trade.colart.com\/fr\/wp-json\/wp\/v2\/product_brand?post=4075"},{"taxonomy":"product_cat","embeddable":true,"href":"https:\/\/trade.colart.com\/fr\/wp-json\/wp\/v2\/product_cat?post=4075"},{"taxonomy":"product_tag","embeddable":true,"href":"https:\/\/trade.colart.com\/fr\/wp-json\/wp\/v2\/product_tag?post=4075"}],"curies":[{"name":"wp","href":"https:\/\/api.w.org\/{rel}","templated":true}]}}