{"id":427,"date":"2026-03-12T06:59:24","date_gmt":"2026-03-12T06:59:24","guid":{"rendered":"https:\/\/trade.colart.com\/fr\/product\/winsor-newton-encre-de-calligraphie-set-complet\/"},"modified":"2026-04-17T14:25:24","modified_gmt":"2026-04-17T14:25:24","slug":"winsor-newton-encre-de-calligraphie-set-complet","status":"publish","type":"product","link":"https:\/\/trade.colart.com\/fr\/product\/winsor-newton-encre-de-calligraphie-set-complet\/","title":{"rendered":"Winsor &amp; Newton Encre De Calligraphie Set Complet"},"content":{"rendered":"<p>Ce set contient de nombreux \u00e9l\u00e9ments essentiels pour d\u00e9buter en calligraphie et en dessin. Inclus : 5 plumes pour calligraphie de diff\u00e9rentes largeurs, 1 stylo \u00e0 plume en bois, 1 bloc de papier lisse cartridge, 1 notice d&#8217;instructions, 3 encres \u00e0 dessiner en flacon de 14 ml : Rouge Franc, Noir, Or &#8211; ces encres sont \u00e0 s\u00e9chage rapide, r\u00e9sistantes \u00e0 l&#8217;eau et transparentes. Le contenu peut varier.<\/p>\n","protected":false},"excerpt":{"rendered":"<p>Ce set contient de nombreux \u00e9l\u00e9ments essentiels pour d\u00e9buter en calligraphie et en dessin. Inclus : 5 plumes pour calligraphie de diff\u00e9rentes largeurs, 1 stylo \u00e0 plume en bois, 1 bloc de papier lisse cartridge, 1 notice d&#8217;instructions, 3 encres \u00e0 dessiner en flacon de 14 ml : Rouge Franc, Noir, Or &#8211; ces encres sont \u00e0 s\u00e9chage rapide, r\u00e9sistantes \u00e0 l&#8217;eau et transparentes. Le contenu peut varier. <span class=\"more_dots\">&#8230;<\/span><\/p>\n<p><a class=\"btn btn-secondary understrap-read-more-link\" href=\"https:\/\/trade.colart.com\/fr\/product\/winsor-newton-encre-de-calligraphie-set-complet\/\">Read More&#8230;<span class=\"screen-reader-text\"> from Winsor &amp; Newton Encre De Calligraphie Set Complet<\/span><\/a><\/p>\n","protected":false},"featured_media":3261,"comment_status":"closed","ping_status":"closed","template":"","meta":{"_acf_changed":false},"product_brand":[],"product_cat":[273,272],"product_tag":[],"class_list":{"0":"post-427","1":"product","2":"type-product","3":"status-publish","4":"has-post-thumbnail","6":"product_cat-winsor-newton-arts-graphiques-encres-sets-dencres","7":"product_cat-winsor-newton-coffrets-sets-encres","9":"first","10":"instock","11":"shipping-taxable","12":"purchasable","13":"product-type-simple"},"acf":[],"_links":{"self":[{"href":"https:\/\/trade.colart.com\/fr\/wp-json\/wp\/v2\/product\/427","targetHints":{"allow":["GET"]}}],"collection":[{"href":"https:\/\/trade.colart.com\/fr\/wp-json\/wp\/v2\/product"}],"about":[{"href":"https:\/\/trade.colart.com\/fr\/wp-json\/wp\/v2\/types\/product"}],"replies":[{"embeddable":true,"href":"https:\/\/trade.colart.com\/fr\/wp-json\/wp\/v2\/comments?post=427"}],"wp:featuredmedia":[{"embeddable":true,"href":"https:\/\/trade.colart.com\/fr\/wp-json\/wp\/v2\/media\/3261"}],"wp:attachment":[{"href":"https:\/\/trade.colart.com\/fr\/wp-json\/wp\/v2\/media?parent=427"}],"wp:term":[{"taxonomy":"product_brand","embeddable":true,"href":"https:\/\/trade.colart.com\/fr\/wp-json\/wp\/v2\/product_brand?post=427"},{"taxonomy":"product_cat","embeddable":true,"href":"https:\/\/trade.colart.com\/fr\/wp-json\/wp\/v2\/product_cat?post=427"},{"taxonomy":"product_tag","embeddable":true,"href":"https:\/\/trade.colart.com\/fr\/wp-json\/wp\/v2\/product_tag?post=427"}],"curies":[{"name":"wp","href":"https:\/\/api.w.org\/{rel}","templated":true}]}}