{"id":430,"date":"2026-03-12T07:09:57","date_gmt":"2026-03-12T07:09:57","guid":{"rendered":"https:\/\/trade.colart.com\/fr\/product\/winsor-newton-encre-de-calligraphie-coffret-bois\/"},"modified":"2026-04-16T15:24:05","modified_gmt":"2026-04-16T15:24:05","slug":"winsor-newton-encre-de-calligraphie-coffret-bois","status":"publish","type":"product","link":"https:\/\/trade.colart.com\/fr\/product\/winsor-newton-encre-de-calligraphie-coffret-bois\/","title":{"rendered":"Winsor &amp; Newton Encre De Calligraphie Coffret Bois"},"content":{"rendered":"<p>Ce coffret magnifique offre une s\u00e9lection d&#8217;outils de calligraphie et de dessin dans une \u00e9l\u00e9gante bo\u00eete en bois, avec un espace de rangement pour les encres et les plumes. Chaque bo\u00eete contient : 5 plumes pour calligraphie de diff\u00e9rentes largeurs, 1 r\u00e9servoir pour plumes, 1 stylo \u00e0 plume en bois, 1 notice d&#8217;instructions, 8 encres \u00e0 dessiner de 14 ml : Jaune Canari, \u00c9carlate, Bleu de Cobalt, Vert \u00c9meraude, Brun Noisette, Noir, Argent, Or &#8211; ces encres sont \u00e0 s\u00e9chage rapide, r\u00e9sistantes \u00e0 l&#8217;eau et transparentes. Le contenu peut varier.<\/p>\n","protected":false},"excerpt":{"rendered":"<p>Ce coffret magnifique offre une s\u00e9lection d&#8217;outils de calligraphie et de dessin dans une \u00e9l\u00e9gante bo\u00eete en bois, avec un espace de rangement pour les encres et les plumes. Chaque bo\u00eete contient : 5 plumes pour calligraphie de diff\u00e9rentes largeurs, 1 r\u00e9servoir pour plumes, 1 stylo \u00e0 plume en bois, 1 notice d&#8217;instructions, 8 encres \u00e0 dessiner de 14 ml : Jaune Canari, \u00c9carlate, Bleu de Cobalt, Vert \u00c9meraude, Brun Noisette, Noir, Argent, Or &#8211; ces encres sont \u00e0 s\u00e9chage rapide, r\u00e9sistantes \u00e0 l&#8217;eau et transparentes. Le contenu peut varier. <span class=\"more_dots\">&#8230;<\/span><\/p>\n<p><a class=\"btn btn-secondary understrap-read-more-link\" href=\"https:\/\/trade.colart.com\/fr\/product\/winsor-newton-encre-de-calligraphie-coffret-bois\/\">Read More&#8230;<span class=\"screen-reader-text\"> from Winsor &amp; Newton Encre De Calligraphie Coffret Bois<\/span><\/a><\/p>\n","protected":false},"featured_media":3286,"comment_status":"closed","ping_status":"closed","template":"","meta":{"_acf_changed":false},"product_brand":[],"product_cat":[273,272],"product_tag":[],"class_list":{"0":"post-430","1":"product","2":"type-product","3":"status-publish","4":"has-post-thumbnail","6":"product_cat-winsor-newton-arts-graphiques-encres-sets-dencres","7":"product_cat-winsor-newton-coffrets-sets-encres","9":"first","10":"instock","11":"shipping-taxable","12":"purchasable","13":"product-type-simple"},"acf":[],"_links":{"self":[{"href":"https:\/\/trade.colart.com\/fr\/wp-json\/wp\/v2\/product\/430","targetHints":{"allow":["GET"]}}],"collection":[{"href":"https:\/\/trade.colart.com\/fr\/wp-json\/wp\/v2\/product"}],"about":[{"href":"https:\/\/trade.colart.com\/fr\/wp-json\/wp\/v2\/types\/product"}],"replies":[{"embeddable":true,"href":"https:\/\/trade.colart.com\/fr\/wp-json\/wp\/v2\/comments?post=430"}],"wp:featuredmedia":[{"embeddable":true,"href":"https:\/\/trade.colart.com\/fr\/wp-json\/wp\/v2\/media\/3286"}],"wp:attachment":[{"href":"https:\/\/trade.colart.com\/fr\/wp-json\/wp\/v2\/media?parent=430"}],"wp:term":[{"taxonomy":"product_brand","embeddable":true,"href":"https:\/\/trade.colart.com\/fr\/wp-json\/wp\/v2\/product_brand?post=430"},{"taxonomy":"product_cat","embeddable":true,"href":"https:\/\/trade.colart.com\/fr\/wp-json\/wp\/v2\/product_cat?post=430"},{"taxonomy":"product_tag","embeddable":true,"href":"https:\/\/trade.colart.com\/fr\/wp-json\/wp\/v2\/product_tag?post=430"}],"curies":[{"name":"wp","href":"https:\/\/api.w.org\/{rel}","templated":true}]}}