{"id":431,"date":"2026-03-12T21:33:23","date_gmt":"2026-03-12T21:33:23","guid":{"rendered":"https:\/\/trade.colart.com\/fr\/product\/winsor-newton-aquarelle-cotman-brush-pen-set-12hp\/"},"modified":"2026-04-17T02:50:00","modified_gmt":"2026-04-17T02:50:00","slug":"winsor-newton-aquarelle-cotman-brush-pen-set-12hp","status":"publish","type":"product","link":"https:\/\/trade.colart.com\/fr\/product\/winsor-newton-aquarelle-cotman-brush-pen-set-12hp\/","title":{"rendered":"Winsor &amp; Newton Aquarelle Cotman Brush Pen Set 12Hp"},"content":{"rendered":"<p>D\u00e9couvrez 12 aquarelles Cotman fabriqu\u00e9es avec des pigments de haute qualit\u00e9 dans un set de poche. Le pinceau \u00e0 r\u00e9servoir d&#8217;eau inclus dans ce set a un r\u00e9servoir int\u00e9gr\u00e9 dans le manche, ce qui le rend parfait pour une utilisation en ext\u00e9rieur.<\/p>\n<p>Le Set de poche avec pinceau \u00e0 r\u00e9servoir d&#8217;eau s&#8217;appelait auparavant le Set pinceau avec r\u00e9sevoir d&#8217;eau<\/p>\n","protected":false},"excerpt":{"rendered":"<p>D\u00e9couvrez 12 aquarelles Cotman fabriqu\u00e9es avec des pigments de haute qualit\u00e9 dans un set de poche. Le pinceau \u00e0 r\u00e9servoir d&#8217;eau inclus dans ce set a un r\u00e9servoir int\u00e9gr\u00e9 dans le manche, ce qui le rend parfait pour une utilisation en ext\u00e9rieur.<\/p>\n<p>Le Set de poche avec pinceau \u00e0 r\u00e9servoir d&#8217;eau s&#8217;appelait auparavant le Set pinceau avec r\u00e9sevoir d&#8217;eau <span class=\"more_dots\">&#8230;<\/span><\/p>\n<p><a class=\"btn btn-secondary understrap-read-more-link\" href=\"https:\/\/trade.colart.com\/fr\/product\/winsor-newton-aquarelle-cotman-brush-pen-set-12hp\/\">Read More&#8230;<span class=\"screen-reader-text\"> from Winsor &amp; Newton Aquarelle Cotman Brush Pen Set 12Hp<\/span><\/a><\/p>\n","protected":false},"featured_media":21098,"comment_status":"closed","ping_status":"closed","template":"","meta":{"_acf_changed":false},"product_brand":[],"product_cat":[278,277],"product_tag":[],"class_list":{"0":"post-431","1":"product","2":"type-product","3":"status-publish","4":"has-post-thumbnail","6":"product_cat-winsor-newton-couleurs-aquarelle-couleurs-aquarelle-fine-cotman-sets-aquarelle-fine-cotman","7":"product_cat-winsor-newton-coffrets-sets-aquarelle-fine-cotman","9":"first","10":"instock","11":"shipping-taxable","12":"purchasable","13":"product-type-simple"},"acf":[],"_links":{"self":[{"href":"https:\/\/trade.colart.com\/fr\/wp-json\/wp\/v2\/product\/431","targetHints":{"allow":["GET"]}}],"collection":[{"href":"https:\/\/trade.colart.com\/fr\/wp-json\/wp\/v2\/product"}],"about":[{"href":"https:\/\/trade.colart.com\/fr\/wp-json\/wp\/v2\/types\/product"}],"replies":[{"embeddable":true,"href":"https:\/\/trade.colart.com\/fr\/wp-json\/wp\/v2\/comments?post=431"}],"wp:featuredmedia":[{"embeddable":true,"href":"https:\/\/trade.colart.com\/fr\/wp-json\/wp\/v2\/media\/21098"}],"wp:attachment":[{"href":"https:\/\/trade.colart.com\/fr\/wp-json\/wp\/v2\/media?parent=431"}],"wp:term":[{"taxonomy":"product_brand","embeddable":true,"href":"https:\/\/trade.colart.com\/fr\/wp-json\/wp\/v2\/product_brand?post=431"},{"taxonomy":"product_cat","embeddable":true,"href":"https:\/\/trade.colart.com\/fr\/wp-json\/wp\/v2\/product_cat?post=431"},{"taxonomy":"product_tag","embeddable":true,"href":"https:\/\/trade.colart.com\/fr\/wp-json\/wp\/v2\/product_tag?post=431"}],"curies":[{"name":"wp","href":"https:\/\/api.w.org\/{rel}","templated":true}]}}