{"id":433,"date":"2026-03-12T17:28:40","date_gmt":"2026-03-12T17:28:40","guid":{"rendered":"https:\/\/trade.colart.com\/fr\/product\/winsor-newton-aquarelle-cotman-set-6x8ml\/"},"modified":"2026-04-14T11:11:47","modified_gmt":"2026-04-14T11:11:47","slug":"winsor-newton-aquarelle-cotman-set-6x8ml","status":"publish","type":"product","link":"https:\/\/trade.colart.com\/fr\/product\/winsor-newton-aquarelle-cotman-set-6x8ml\/","title":{"rendered":"Winsor &amp; Newton Aquarelle Cotman Set 6x8ml"},"content":{"rendered":"<p>D\u00e9couvrez 6 tubes d&#8217;aquarelles Cotman fabriqu\u00e9es avec des pigments de haute qualit\u00e9 pour assurer la permanence des couleurs.<\/p>\n<p>L&#8217;Assortiment de 6 tubes s&#8217;appelait auparavant le Set de 6 tubes.<\/p>\n","protected":false},"excerpt":{"rendered":"<p>D\u00e9couvrez 6 tubes d&#8217;aquarelles Cotman fabriqu\u00e9es avec des pigments de haute qualit\u00e9 pour assurer la permanence des couleurs.<\/p>\n<p>L&#8217;Assortiment de 6 tubes s&#8217;appelait auparavant le Set de 6 tubes. <span class=\"more_dots\">&#8230;<\/span><\/p>\n<p><a class=\"btn btn-secondary understrap-read-more-link\" href=\"https:\/\/trade.colart.com\/fr\/product\/winsor-newton-aquarelle-cotman-set-6x8ml\/\">Read More&#8230;<span class=\"screen-reader-text\"> from Winsor &amp; Newton Aquarelle Cotman Set 6x8ml<\/span><\/a><\/p>\n","protected":false},"featured_media":21102,"comment_status":"closed","ping_status":"closed","template":"","meta":{"_acf_changed":false},"product_brand":[],"product_cat":[278,277],"product_tag":[],"class_list":{"0":"post-433","1":"product","2":"type-product","3":"status-publish","4":"has-post-thumbnail","6":"product_cat-winsor-newton-couleurs-aquarelle-couleurs-aquarelle-fine-cotman-sets-aquarelle-fine-cotman","7":"product_cat-winsor-newton-coffrets-sets-aquarelle-fine-cotman","9":"first","10":"instock","11":"shipping-taxable","12":"purchasable","13":"product-type-simple"},"acf":[],"_links":{"self":[{"href":"https:\/\/trade.colart.com\/fr\/wp-json\/wp\/v2\/product\/433","targetHints":{"allow":["GET"]}}],"collection":[{"href":"https:\/\/trade.colart.com\/fr\/wp-json\/wp\/v2\/product"}],"about":[{"href":"https:\/\/trade.colart.com\/fr\/wp-json\/wp\/v2\/types\/product"}],"replies":[{"embeddable":true,"href":"https:\/\/trade.colart.com\/fr\/wp-json\/wp\/v2\/comments?post=433"}],"wp:featuredmedia":[{"embeddable":true,"href":"https:\/\/trade.colart.com\/fr\/wp-json\/wp\/v2\/media\/21102"}],"wp:attachment":[{"href":"https:\/\/trade.colart.com\/fr\/wp-json\/wp\/v2\/media?parent=433"}],"wp:term":[{"taxonomy":"product_brand","embeddable":true,"href":"https:\/\/trade.colart.com\/fr\/wp-json\/wp\/v2\/product_brand?post=433"},{"taxonomy":"product_cat","embeddable":true,"href":"https:\/\/trade.colart.com\/fr\/wp-json\/wp\/v2\/product_cat?post=433"},{"taxonomy":"product_tag","embeddable":true,"href":"https:\/\/trade.colart.com\/fr\/wp-json\/wp\/v2\/product_tag?post=433"}],"curies":[{"name":"wp","href":"https:\/\/api.w.org\/{rel}","templated":true}]}}