{"id":434,"date":"2026-03-12T05:38:25","date_gmt":"2026-03-12T05:38:25","guid":{"rendered":"https:\/\/trade.colart.com\/fr\/product\/winsor-newton-aquarelle-cotman-boite-la-compact-12gx14\/"},"modified":"2026-04-17T08:21:52","modified_gmt":"2026-04-17T08:21:52","slug":"winsor-newton-aquarelle-cotman-boite-la-compact-12gx14","status":"publish","type":"product","link":"https:\/\/trade.colart.com\/fr\/product\/winsor-newton-aquarelle-cotman-boite-la-compact-12gx14\/","title":{"rendered":"Winsor &amp; Newton Aquarelle Cotman Boite La Compact 1\/2gx14"},"content":{"rendered":"<p>D\u00e9couvrez 14 aquarelles Cotman fabriqu\u00e9es avec des pigments de haute qualit\u00e9. Ce set est id\u00e9al pour une utilisation en ext\u00e9rieur, car il contient un pinceau et des palettes avec plusieurs zones de m\u00e9lange.<\/p>\n<p>Le Set d&#8217;ext\u00e9rieur s&#8217;appelait auparavant le Set Compact.<\/p>\n","protected":false},"excerpt":{"rendered":"<p>D\u00e9couvrez 14 aquarelles Cotman fabriqu\u00e9es avec des pigments de haute qualit\u00e9. Ce set est id\u00e9al pour une utilisation en ext\u00e9rieur, car il contient un pinceau et des palettes avec plusieurs zones de m\u00e9lange.<\/p>\n<p>Le Set d&#8217;ext\u00e9rieur s&#8217;appelait auparavant le Set Compact. <span class=\"more_dots\">&#8230;<\/span><\/p>\n<p><a class=\"btn btn-secondary understrap-read-more-link\" href=\"https:\/\/trade.colart.com\/fr\/product\/winsor-newton-aquarelle-cotman-boite-la-compact-12gx14\/\">Read More&#8230;<span class=\"screen-reader-text\"> from Winsor &amp; Newton Aquarelle Cotman Boite La Compact 1\/2gx14<\/span><\/a><\/p>\n","protected":false},"featured_media":24432,"comment_status":"closed","ping_status":"closed","template":"","meta":{"_acf_changed":false},"product_brand":[],"product_cat":[278,277],"product_tag":[],"class_list":{"0":"post-434","1":"product","2":"type-product","3":"status-publish","4":"has-post-thumbnail","6":"product_cat-winsor-newton-couleurs-aquarelle-couleurs-aquarelle-fine-cotman-sets-aquarelle-fine-cotman","7":"product_cat-winsor-newton-coffrets-sets-aquarelle-fine-cotman","9":"first","10":"instock","11":"shipping-taxable","12":"purchasable","13":"product-type-simple"},"acf":[],"_links":{"self":[{"href":"https:\/\/trade.colart.com\/fr\/wp-json\/wp\/v2\/product\/434","targetHints":{"allow":["GET"]}}],"collection":[{"href":"https:\/\/trade.colart.com\/fr\/wp-json\/wp\/v2\/product"}],"about":[{"href":"https:\/\/trade.colart.com\/fr\/wp-json\/wp\/v2\/types\/product"}],"replies":[{"embeddable":true,"href":"https:\/\/trade.colart.com\/fr\/wp-json\/wp\/v2\/comments?post=434"}],"wp:featuredmedia":[{"embeddable":true,"href":"https:\/\/trade.colart.com\/fr\/wp-json\/wp\/v2\/media\/24432"}],"wp:attachment":[{"href":"https:\/\/trade.colart.com\/fr\/wp-json\/wp\/v2\/media?parent=434"}],"wp:term":[{"taxonomy":"product_brand","embeddable":true,"href":"https:\/\/trade.colart.com\/fr\/wp-json\/wp\/v2\/product_brand?post=434"},{"taxonomy":"product_cat","embeddable":true,"href":"https:\/\/trade.colart.com\/fr\/wp-json\/wp\/v2\/product_cat?post=434"},{"taxonomy":"product_tag","embeddable":true,"href":"https:\/\/trade.colart.com\/fr\/wp-json\/wp\/v2\/product_tag?post=434"}],"curies":[{"name":"wp","href":"https:\/\/api.w.org\/{rel}","templated":true}]}}