{"id":435,"date":"2026-03-12T06:51:45","date_gmt":"2026-03-12T06:51:45","guid":{"rendered":"https:\/\/trade.colart.com\/fr\/product\/winsor-newton-aquarelle-cotman-boite-field-plus\/"},"modified":"2026-04-17T09:38:53","modified_gmt":"2026-04-17T09:38:53","slug":"winsor-newton-aquarelle-cotman-boite-field-plus","status":"publish","type":"product","link":"https:\/\/trade.colart.com\/fr\/product\/winsor-newton-aquarelle-cotman-boite-field-plus\/","title":{"rendered":"Winsor &amp; Newton Aquarelle Cotman Boite Field Plus"},"content":{"rendered":"<p>D\u00e9couvrez 12 aquarelles Cotman fabriqu\u00e9es avec des pigments de haute qualit\u00e9 dans un set de voyage. Ce set est id\u00e9al pour la peinture aquarelle en plein air, particuli\u00e8rement pour des m\u00e9langes de couleurs approfondis. Le Set de voyage ext\u00e9rieur s&#8217;ouvre pour r\u00e9v\u00e9ler un pinceau de voyage, une bouteille \u00e0 eau de 60 ml, 2 pots \u00e0 eau clipsables et 3 palettes avec plusieurs zones de m\u00e9lange.<\/p>\n<p>Le Set de voyage ext\u00e9rieur s&#8217;appelait auparavant le Terrain Plus.<\/p>\n","protected":false},"excerpt":{"rendered":"<p>D\u00e9couvrez 12 aquarelles Cotman fabriqu\u00e9es avec des pigments de haute qualit\u00e9 dans un set de voyage. Ce set est id\u00e9al pour la peinture aquarelle en plein air, particuli\u00e8rement pour des m\u00e9langes de couleurs approfondis. Le Set de voyage ext\u00e9rieur s&#8217;ouvre pour r\u00e9v\u00e9ler un pinceau de voyage, une bouteille \u00e0 eau de 60 ml, 2 pots \u00e0 eau clipsables et 3 palettes avec plusieurs zones de m\u00e9lange.<\/p>\n<p>Le Set de voyage ext\u00e9rieur s&#8217;appelait auparavant le Terrain Plus. <span class=\"more_dots\">&#8230;<\/span><\/p>\n<p><a class=\"btn btn-secondary understrap-read-more-link\" href=\"https:\/\/trade.colart.com\/fr\/product\/winsor-newton-aquarelle-cotman-boite-field-plus\/\">Read More&#8230;<span class=\"screen-reader-text\"> from Winsor &amp; Newton Aquarelle Cotman Boite Field Plus<\/span><\/a><\/p>\n","protected":false},"featured_media":21126,"comment_status":"closed","ping_status":"closed","template":"","meta":{"_acf_changed":false},"product_brand":[],"product_cat":[278,277],"product_tag":[],"class_list":{"0":"post-435","1":"product","2":"type-product","3":"status-publish","4":"has-post-thumbnail","6":"product_cat-winsor-newton-couleurs-aquarelle-couleurs-aquarelle-fine-cotman-sets-aquarelle-fine-cotman","7":"product_cat-winsor-newton-coffrets-sets-aquarelle-fine-cotman","9":"first","10":"instock","11":"shipping-taxable","12":"purchasable","13":"product-type-simple"},"acf":[],"_links":{"self":[{"href":"https:\/\/trade.colart.com\/fr\/wp-json\/wp\/v2\/product\/435","targetHints":{"allow":["GET"]}}],"collection":[{"href":"https:\/\/trade.colart.com\/fr\/wp-json\/wp\/v2\/product"}],"about":[{"href":"https:\/\/trade.colart.com\/fr\/wp-json\/wp\/v2\/types\/product"}],"replies":[{"embeddable":true,"href":"https:\/\/trade.colart.com\/fr\/wp-json\/wp\/v2\/comments?post=435"}],"wp:featuredmedia":[{"embeddable":true,"href":"https:\/\/trade.colart.com\/fr\/wp-json\/wp\/v2\/media\/21126"}],"wp:attachment":[{"href":"https:\/\/trade.colart.com\/fr\/wp-json\/wp\/v2\/media?parent=435"}],"wp:term":[{"taxonomy":"product_brand","embeddable":true,"href":"https:\/\/trade.colart.com\/fr\/wp-json\/wp\/v2\/product_brand?post=435"},{"taxonomy":"product_cat","embeddable":true,"href":"https:\/\/trade.colart.com\/fr\/wp-json\/wp\/v2\/product_cat?post=435"},{"taxonomy":"product_tag","embeddable":true,"href":"https:\/\/trade.colart.com\/fr\/wp-json\/wp\/v2\/product_tag?post=435"}],"curies":[{"name":"wp","href":"https:\/\/api.w.org\/{rel}","templated":true}]}}